{"id":2187,"date":"2025-10-30T09:08:55","date_gmt":"2025-10-30T13:08:55","guid":{"rendered":"https:\/\/pducredits.com\/datenschutzrichtlinie\/"},"modified":"2026-01-06T03:41:44","modified_gmt":"2026-01-06T07:41:44","slug":"datenschutzrichtlinie","status":"publish","type":"page","link":"https:\/\/pducredits.com\/de\/datenschutzrichtlinie\/","title":{"rendered":"Datenschutzrichtlinie"},"content":{"rendered":"<p>Wir von PDU Credits LCC verpflichten uns, die Richtigkeit, Vertraulichkeit und Sicherheit Ihrer personenbezogenen Daten (\u201ePersonenbezogene Daten\u201c) zu gew\u00e4hrleisten. Im Rahmen dieser Verpflichtung regelt unsere Datenschutzrichtlinie unsere Handlungen in Bezug auf die Erhebung, Nutzung und Weitergabe von personenbezogenen Daten. <\/p>\n<p><strong>1. Einleitung<\/strong><\/p>\n<p>Wir sind verantwortlich f\u00fcr die Aufrechterhaltung und den Schutz der personenbezogenen Daten, die sich in unserem Besitz befinden. Wir haben eine Person benannt, die f\u00fcr die Einhaltung unserer Datenschutzrichtlinie verantwortlich ist. <\/p>\n<p><strong>2. Festlegung der Zwecke<\/strong><\/p>\n<p>Wir erheben, nutzen und legen personenbezogene Daten offen, um Ihnen die von Ihnen angeforderten digitalen Kurse (Produkte) zur Verf\u00fcgung zu stellen und Ihnen zus\u00e4tzliche Produkte anzubieten, von denen wir glauben, dass sie f\u00fcr Sie von Interesse sein k\u00f6nnten. Die Zwecke, f\u00fcr die wir personenbezogene Daten erheben, werden vor oder zum Zeitpunkt der Erhebung der Daten angegeben. Unter bestimmten Umst\u00e4nden k\u00f6nnen die Zwecke, f\u00fcr die Daten erhoben werden, klar sein, und die Einwilligung kann stillschweigend erfolgen, z. B. wenn Ihr Name, Ihre Adresse und Ihre Zahlungsinformationen im Rahmen des Bestellvorgangs angegeben werden.  <\/p>\n<p><strong>3. Einwilligung<\/strong><\/p>\n<p>Kenntnis und Einwilligung sind f\u00fcr die Erhebung, Nutzung oder Weitergabe von personenbezogenen Daten erforderlich, es sei denn, dies ist gesetzlich vorgeschrieben oder zul\u00e4ssig. Die Angabe Ihrer personenbezogenen Daten ist immer Ihre freie Entscheidung. Ihre Entscheidung, bestimmte Informationen nicht anzugeben, kann jedoch unsere F\u00e4higkeit einschr\u00e4nken, Ihnen unsere Produkte zur Verf\u00fcgung zu stellen. Wir werden von Ihnen keine Einwilligung zur Erhebung, Nutzung oder Weitergabe von Daten als Bedingung f\u00fcr die Lieferung eines Produkts verlangen, es sei denn, dies ist erforderlich, um das Produkt liefern zu k\u00f6nnen.   <\/p>\n<p><strong>4. Beschr\u00e4nkung der Erhebung<\/strong><\/p>\n<p>Die erhobenen personenbezogenen Daten beschr\u00e4nken sich auf die Angaben, die f\u00fcr die von uns angegebenen Zwecke erforderlich sind. Mit Ihrer Einwilligung k\u00f6nnen wir personenbezogene Daten von Ihnen \u00fcber das Internet, eine mobile Anwendung, \u00fcber das Telefon oder durch Korrespondenz mit Ihnen per E-Mail erheben. <\/p>\n<p><strong>5. Beschr\u00e4nkung der Nutzung, Weitergabe und Aufbewahrung<\/strong><\/p>\n<p>Personenbezogene Daten d\u00fcrfen nur f\u00fcr den Zweck verwendet oder weitergegeben werden, f\u00fcr den sie erhoben wurden, es sei denn, Sie haben anderweitig zugestimmt oder es ist gesetzlich vorgeschrieben oder zul\u00e4ssig. Personenbezogene Daten werden nur so lange aufbewahrt, wie es erforderlich ist, um den Zweck zu erf\u00fcllen, f\u00fcr den wir sie erhoben haben, oder wie es gesetzlich vorgeschrieben ist. <\/p>\n<p>W\u00e4hrend des Bestell- und Kaufvorgangs k\u00f6nnen die eingegebenen Daten an Strike, PayPal oder ein anderes von Ihnen gew\u00e4hltes digitales Transaktionsunternehmen weitergegeben werden. Abgesehen von diesen Transaktionen legt PDU Credits LLC Ihre pers\u00f6nlichen Daten nicht gegen\u00fcber externen Unternehmen oder Einzelpersonen offen. Wir speichern keine Finanzdaten wie Kreditkartennummern.  <\/p>\n<p><strong>6. Richtigkeit<\/strong><\/p>\n<p>Personenbezogene Daten werden so genau, vollst\u00e4ndig und aktuell wie n\u00f6tig gef\u00fchrt, um die Zwecke zu erf\u00fcllen, f\u00fcr die sie verwendet werden sollen.<\/p>\n<p><strong>7. Schutz von Kundendaten<\/strong><\/p>\n<p>Personenbezogene Daten werden durch Sicherheitsvorkehrungen gesch\u00fctzt, die dem Sensibilit\u00e4tsgrad der Daten angemessen sind. Wir treffen alle angemessenen Vorkehrungen, um Ihre personenbezogenen Daten vor Verlust oder unbefugter Nutzung, Zugriff oder Offenlegung zu sch\u00fctzen. Wir verwenden Standard-Website- und digitale Wartungssoftware mit typischen sicheren Datenbanken mit begrenzten Kundeninformationen.  <\/p>\n<p><strong>8. Offenheit<\/strong><\/p>\n<p>Wir werden Ihnen Informationen \u00fcber unsere Richtlinien und Praktiken in Bezug auf die Verwaltung Ihrer personenbezogenen Daten zur Verf\u00fcgung stellen.<\/p>\n<p><strong>9. Kundenzugang<\/strong><\/p>\n<p>Auf Anfrage werden Sie \u00fcber das Vorhandensein, die Verwendung und die Weitergabe Ihrer personenbezogenen Daten informiert und erhalten Zugang zu diesen. Sie k\u00f6nnen die Richtigkeit und Vollst\u00e4ndigkeit Ihrer personenbezogenen Daten \u00fcberpr\u00fcfen und gegebenenfalls deren \u00c4nderung verlangen. Unter bestimmten, gesetzlich zul\u00e4ssigen Umst\u00e4nden werden wir Ihnen jedoch bestimmte Informationen nicht offenlegen. Wir d\u00fcrfen beispielsweise keine Informationen \u00fcber Sie offenlegen, wenn andere Personen erw\u00e4hnt werden oder wenn es rechtliche, sicherheitstechnische oder kommerzielle Eigentumsbeschr\u00e4nkungen gibt.   <\/p>\n<p><strong>10. Bearbeitung von Kundenbeschwerden und -vorschl\u00e4gen<\/strong><\/p>\n<p>Sie k\u00f6nnen alle Fragen oder Anfragen in Bezug auf unsere Datenschutzrichtlinie oder unsere Praktiken \u00fcber die Seite \u201eKontakt\u201c oder per E-Mail an admin @ pducredits.com richten.<\/p>\n<p><strong>Zus\u00e4tzliche Informationen<\/strong><\/p>\n<p><strong> <\/strong><em><strong>Cookies<\/strong><\/em><\/p>\n<p>Ein Cookie ist eine kleine Computerdatei oder Information, das auf der Festplatte Ihres Computers gespeichert werden kann, wenn Sie unsere Websites besuchen. Wir k\u00f6nnen Cookies verwenden, um die Funktionalit\u00e4t unserer Website zu verbessern und in einigen F\u00e4llen, um Besuchern ein individuelles Online-Erlebnis zu bieten. <\/p>\n<p>Cookies sind weit verbreitet und die meisten Webbrowser sind anf\u00e4nglich so konfiguriert, dass sie Cookies automatisch akzeptieren. Sie k\u00f6nnen Ihre Internetbrowser-Einstellungen \u00e4ndern, um zu verhindern, dass Ihr Computer Cookies akzeptiert, oder um Sie zu benachrichtigen, wenn Sie ein Cookie erhalten, damit Sie dessen Annahme ablehnen k\u00f6nnen. Bitte beachten Sie jedoch, dass Sie m\u00f6glicherweise keine optimale Leistung unserer Website erfahren, wenn Sie Cookies deaktivieren.  <\/p>\n<p><em><strong>Andere Websites<\/strong><\/em><\/p>\n<p>Unsere Website und unsere Kurse k\u00f6nnen Links zu anderen Websites Dritter enthalten, die nicht dieser Datenschutzrichtlinie unterliegen. Obwohl wir uns bem\u00fchen, nur auf Websites mit hohen Datenschutzstandards zu verlinken, gilt unsere Datenschutzrichtlinie nicht mehr, sobald Sie unsere Website verlassen. Dar\u00fcber hinaus sind wir nicht verantwortlich f\u00fcr die Datenschutzpraktiken, die von Websites Dritter angewendet werden. Daher empfehlen wir Ihnen, die Datenschutzerkl\u00e4rungen dieser Websites zu pr\u00fcfen, um zu erfahren, wie Ihre Daten erhoben, verwendet, weitergegeben und offengelegt werden k\u00f6nnen.   <\/p>\n","protected":false},"excerpt":{"rendered":"<p>Wir von PDU Credits LCC verpflichten uns, die Richtigkeit, Vertraulichkeit und Sicherheit Ihrer personenbezogenen Daten (\u201ePersonenbezogene Daten\u201c) zu gew\u00e4hrleisten. Im Rahmen dieser Verpflichtung regelt unsere Datenschutzrichtlinie unsere Handlungen in Bezug auf die Erhebung, Nutzung und Weitergabe von personenbezogenen Daten. 1. Einleitung Wir sind verantwortlich f\u00fcr die Aufrechterhaltung und den Schutz der personenbezogenen Daten, die sich [&hellip;]<\/p>\n","protected":false},"author":1,"featured_media":0,"parent":0,"menu_order":0,"comment_status":"closed","ping_status":"open","template":"","meta":{"footnotes":""},"class_list":["post-2187","page","type-page","status-publish","hentry"],"acf":[],"yoast_head":"<!-- This site is optimized with the Yoast SEO plugin v27.4 - https:\/\/yoast.com\/product\/yoast-seo-wordpress\/ -->\n<title>Datenschutzrichtlinie - PDU Credits LLC<\/title>\n<meta name=\"description\" content=\"Datenschutzrichtlinien f\u00fcr die Website und die Apps von PDU Credits\" \/>\n<meta name=\"robots\" content=\"index, follow, max-snippet:-1, max-image-preview:large, max-video-preview:-1\" \/>\n<link rel=\"canonical\" href=\"https:\/\/pducredits.com\/de\/datenschutzrichtlinie\/\" \/>\n<meta property=\"og:locale\" content=\"de_DE\" \/>\n<meta property=\"og:type\" content=\"article\" \/>\n<meta property=\"og:title\" content=\"Datenschutzrichtlinie - PDU Credits LLC\" \/>\n<meta property=\"og:description\" content=\"Datenschutzrichtlinien f\u00fcr die Website und die Apps von PDU Credits\" \/>\n<meta property=\"og:url\" content=\"https:\/\/pducredits.com\/de\/datenschutzrichtlinie\/\" \/>\n<meta property=\"og:site_name\" content=\"PDU Credits LLC\" \/>\n<meta property=\"article:publisher\" content=\"https:\/\/www.facebook.com\/profile.php?id=61584963837286\" \/>\n<meta property=\"article:modified_time\" content=\"2026-01-06T07:41:44+00:00\" \/>\n<meta name=\"twitter:card\" content=\"summary_large_image\" \/>\n<meta name=\"twitter:site\" content=\"@pdu_credits_llc\" \/>\n<meta name=\"twitter:label1\" content=\"Gesch\u00e4tzte Lesezeit\" \/>\n\t<meta name=\"twitter:data1\" content=\"4\u00a0Minute\" \/>\n<script type=\"application\/ld+json\" class=\"yoast-schema-graph\">{\"@context\":\"https:\\\/\\\/schema.org\",\"@graph\":[{\"@type\":\"WebPage\",\"@id\":\"https:\\\/\\\/pducredits.com\\\/de\\\/datenschutzrichtlinie\\\/\",\"url\":\"https:\\\/\\\/pducredits.com\\\/de\\\/datenschutzrichtlinie\\\/\",\"name\":\"Datenschutzrichtlinie - PDU Credits LLC\",\"isPartOf\":{\"@id\":\"https:\\\/\\\/pducredits.com\\\/de\\\/#website\"},\"datePublished\":\"2025-10-30T13:08:55+00:00\",\"dateModified\":\"2026-01-06T07:41:44+00:00\",\"description\":\"Datenschutzrichtlinien f\u00fcr die Website und die Apps von PDU Credits\",\"breadcrumb\":{\"@id\":\"https:\\\/\\\/pducredits.com\\\/de\\\/datenschutzrichtlinie\\\/#breadcrumb\"},\"inLanguage\":\"de\",\"potentialAction\":[{\"@type\":\"ReadAction\",\"target\":[\"https:\\\/\\\/pducredits.com\\\/de\\\/datenschutzrichtlinie\\\/\"]}]},{\"@type\":\"BreadcrumbList\",\"@id\":\"https:\\\/\\\/pducredits.com\\\/de\\\/datenschutzrichtlinie\\\/#breadcrumb\",\"itemListElement\":[{\"@type\":\"ListItem\",\"position\":1,\"name\":\"Home\",\"item\":\"https:\\\/\\\/pducredits.com\\\/de\\\/startseite\\\/\"},{\"@type\":\"ListItem\",\"position\":2,\"name\":\"Datenschutzrichtlinie\"}]},{\"@type\":\"WebSite\",\"@id\":\"https:\\\/\\\/pducredits.com\\\/de\\\/#website\",\"url\":\"https:\\\/\\\/pducredits.com\\\/de\\\/\",\"name\":\"PDU Credits\",\"description\":\"Online courses for PDUs for PMP renewal\",\"publisher\":{\"@id\":\"https:\\\/\\\/pducredits.com\\\/de\\\/#organization\"},\"potentialAction\":[{\"@type\":\"SearchAction\",\"target\":{\"@type\":\"EntryPoint\",\"urlTemplate\":\"https:\\\/\\\/pducredits.com\\\/de\\\/?s={search_term_string}\"},\"query-input\":{\"@type\":\"PropertyValueSpecification\",\"valueRequired\":true,\"valueName\":\"search_term_string\"}}],\"inLanguage\":\"de\"},{\"@type\":\"Organization\",\"@id\":\"https:\\\/\\\/pducredits.com\\\/de\\\/#organization\",\"name\":\"PDU Credits LLC\",\"url\":\"https:\\\/\\\/pducredits.com\\\/de\\\/\",\"logo\":{\"@type\":\"ImageObject\",\"inLanguage\":\"de\",\"@id\":\"https:\\\/\\\/pducredits.com\\\/de\\\/#\\\/schema\\\/logo\\\/image\\\/\",\"url\":\"https:\\\/\\\/pducredits.com\\\/wp-content\\\/uploads\\\/2025\\\/12\\\/ftr-logo-4.svg\",\"contentUrl\":\"https:\\\/\\\/pducredits.com\\\/wp-content\\\/uploads\\\/2025\\\/12\\\/ftr-logo-4.svg\",\"width\":1,\"height\":1,\"caption\":\"PDU Credits LLC\"},\"image\":{\"@id\":\"https:\\\/\\\/pducredits.com\\\/de\\\/#\\\/schema\\\/logo\\\/image\\\/\"},\"sameAs\":[\"https:\\\/\\\/www.facebook.com\\\/profile.php?id=61584963837286\",\"https:\\\/\\\/x.com\\\/pdu_credits_llc\",\"https:\\\/\\\/www.linkedin.com\\\/company\\\/pdu-credits-llc\\\/\",\"https:\\\/\\\/www.youtube.com\\\/@PDUCredits\",\"https:\\\/\\\/www.tiktok.com\\\/@pducredits\",\"https:\\\/\\\/www.instagram.com\\\/pducredits\\\/\"]}]}<\/script>\n<!-- \/ Yoast SEO plugin. -->","yoast_head_json":{"title":"Datenschutzrichtlinie - PDU Credits LLC","description":"Datenschutzrichtlinien f\u00fcr die Website und die Apps von PDU Credits","robots":{"index":"index","follow":"follow","max-snippet":"max-snippet:-1","max-image-preview":"max-image-preview:large","max-video-preview":"max-video-preview:-1"},"canonical":"https:\/\/pducredits.com\/de\/datenschutzrichtlinie\/","og_locale":"de_DE","og_type":"article","og_title":"Datenschutzrichtlinie - PDU Credits LLC","og_description":"Datenschutzrichtlinien f\u00fcr die Website und die Apps von PDU Credits","og_url":"https:\/\/pducredits.com\/de\/datenschutzrichtlinie\/","og_site_name":"PDU Credits LLC","article_publisher":"https:\/\/www.facebook.com\/profile.php?id=61584963837286","article_modified_time":"2026-01-06T07:41:44+00:00","twitter_card":"summary_large_image","twitter_site":"@pdu_credits_llc","twitter_misc":{"Gesch\u00e4tzte Lesezeit":"4\u00a0Minute"},"schema":{"@context":"https:\/\/schema.org","@graph":[{"@type":"WebPage","@id":"https:\/\/pducredits.com\/de\/datenschutzrichtlinie\/","url":"https:\/\/pducredits.com\/de\/datenschutzrichtlinie\/","name":"Datenschutzrichtlinie - PDU Credits LLC","isPartOf":{"@id":"https:\/\/pducredits.com\/de\/#website"},"datePublished":"2025-10-30T13:08:55+00:00","dateModified":"2026-01-06T07:41:44+00:00","description":"Datenschutzrichtlinien f\u00fcr die Website und die Apps von PDU Credits","breadcrumb":{"@id":"https:\/\/pducredits.com\/de\/datenschutzrichtlinie\/#breadcrumb"},"inLanguage":"de","potentialAction":[{"@type":"ReadAction","target":["https:\/\/pducredits.com\/de\/datenschutzrichtlinie\/"]}]},{"@type":"BreadcrumbList","@id":"https:\/\/pducredits.com\/de\/datenschutzrichtlinie\/#breadcrumb","itemListElement":[{"@type":"ListItem","position":1,"name":"Home","item":"https:\/\/pducredits.com\/de\/startseite\/"},{"@type":"ListItem","position":2,"name":"Datenschutzrichtlinie"}]},{"@type":"WebSite","@id":"https:\/\/pducredits.com\/de\/#website","url":"https:\/\/pducredits.com\/de\/","name":"PDU Credits","description":"Online courses for PDUs for PMP renewal","publisher":{"@id":"https:\/\/pducredits.com\/de\/#organization"},"potentialAction":[{"@type":"SearchAction","target":{"@type":"EntryPoint","urlTemplate":"https:\/\/pducredits.com\/de\/?s={search_term_string}"},"query-input":{"@type":"PropertyValueSpecification","valueRequired":true,"valueName":"search_term_string"}}],"inLanguage":"de"},{"@type":"Organization","@id":"https:\/\/pducredits.com\/de\/#organization","name":"PDU Credits LLC","url":"https:\/\/pducredits.com\/de\/","logo":{"@type":"ImageObject","inLanguage":"de","@id":"https:\/\/pducredits.com\/de\/#\/schema\/logo\/image\/","url":"https:\/\/pducredits.com\/wp-content\/uploads\/2025\/12\/ftr-logo-4.svg","contentUrl":"https:\/\/pducredits.com\/wp-content\/uploads\/2025\/12\/ftr-logo-4.svg","width":1,"height":1,"caption":"PDU Credits LLC"},"image":{"@id":"https:\/\/pducredits.com\/de\/#\/schema\/logo\/image\/"},"sameAs":["https:\/\/www.facebook.com\/profile.php?id=61584963837286","https:\/\/x.com\/pdu_credits_llc","https:\/\/www.linkedin.com\/company\/pdu-credits-llc\/","https:\/\/www.youtube.com\/@PDUCredits","https:\/\/www.tiktok.com\/@pducredits","https:\/\/www.instagram.com\/pducredits\/"]}]}},"_links":{"self":[{"href":"https:\/\/pducredits.com\/de\/wp-json\/wp\/v2\/pages\/2187","targetHints":{"allow":["GET"]}}],"collection":[{"href":"https:\/\/pducredits.com\/de\/wp-json\/wp\/v2\/pages"}],"about":[{"href":"https:\/\/pducredits.com\/de\/wp-json\/wp\/v2\/types\/page"}],"author":[{"embeddable":true,"href":"https:\/\/pducredits.com\/de\/wp-json\/wp\/v2\/users\/1"}],"replies":[{"embeddable":true,"href":"https:\/\/pducredits.com\/de\/wp-json\/wp\/v2\/comments?post=2187"}],"version-history":[{"count":2,"href":"https:\/\/pducredits.com\/de\/wp-json\/wp\/v2\/pages\/2187\/revisions"}],"predecessor-version":[{"id":3080,"href":"https:\/\/pducredits.com\/de\/wp-json\/wp\/v2\/pages\/2187\/revisions\/3080"}],"wp:attachment":[{"href":"https:\/\/pducredits.com\/de\/wp-json\/wp\/v2\/media?parent=2187"}],"curies":[{"name":"wp","href":"https:\/\/api.w.org\/{rel}","templated":true}]}}