{"id":2197,"date":"2025-12-13T16:48:50","date_gmt":"2025-12-13T20:48:50","guid":{"rendered":"https:\/\/pducredits.com\/allgemeine-geschaeftsbedingungen\/"},"modified":"2026-01-06T03:38:49","modified_gmt":"2026-01-06T07:38:49","slug":"allgemeine-geschaeftsbedingungen","status":"publish","type":"page","link":"https:\/\/pducredits.com\/de\/allgemeine-geschaeftsbedingungen\/","title":{"rendered":"Allgemeine Gesch\u00e4ftsbedingungen"},"content":{"rendered":"&#13;\n<p><strong>1. Einleitung<\/strong><\/p>&#13;\n<p>Die Website und die mobilen Anwendungen (digitale Inhalte) von PDU Credits werden von PDU Credits LLC (PDU Credits) betrieben. Die Begriffe \u201ewir\u201c, \u201euns\u201c und \u201eunser\u201c beziehen sich auf PDU Credits. Die Nutzung unserer digitalen Inhalte unterliegt den folgenden Nutzungsbedingungen in der jeweils g\u00fcltigen Fassung (die \u201eBedingungen\u201c). Die Bedingungen sind von Ihnen zusammen mit allen Bedingungen oder Haftungsausschl\u00fcssen zu lesen, die auf den Seiten unserer digitalen Inhalte enthalten sind. Bitte lesen Sie die Bedingungen sorgf\u00e4ltig durch. Die Bedingungen gelten f\u00fcr alle Nutzer unserer digitalen Inhalte, einschlie\u00dflich, aber nicht beschr\u00e4nkt auf Nutzer, die Browser, Kunden, H\u00e4ndler, Verk\u00e4ufer und\/oder Inhaltsbeitr\u00e4ger sind. Wenn Sie auf unsere digitalen Inhalte zugreifen und diese nutzen, akzeptieren Sie die Bedingungen und unsere Datenschutzrichtlinie und erkl\u00e4ren sich damit einverstanden, an diese gebunden zu sein und diese einzuhalten. Wenn Sie den Bedingungen oder unserer Datenschutzrichtlinie nicht zustimmen, sind Sie nicht berechtigt, unsere Inhalte zu nutzen oder unsere Produkte zu bestellen.       <\/p>&#13;\n<p><strong>2. Nutzung unserer digitalen Inhalte<\/strong><\/p>&#13;\n<p><strong> <\/strong>Sie erkl\u00e4ren sich damit einverstanden, unsere digitalen Inhalte f\u00fcr legitime Zwecke und nicht f\u00fcr illegale oder unbefugte Zwecke zu nutzen, einschlie\u00dflich, aber nicht beschr\u00e4nkt auf die Verletzung von Gesetzen zum Schutz geistigen Eigentums oder der Privatsph\u00e4re. Durch die Zustimmung zu den Bedingungen versichern und gew\u00e4hrleisten Sie, dass Sie in Ihrem Bundesstaat oder Ihrer Provinz, in der Sie ans\u00e4ssig sind, mindestens vollj\u00e4hrig und rechtsf\u00e4hig sind, einen verbindlichen Vertrag einzugehen. <\/p>&#13;\n<p>Sie erkl\u00e4ren sich damit einverstanden, unsere digitalen Inhalte nicht zu nutzen, um Aktivit\u00e4ten durchzuf\u00fchren, die eine zivil- oder strafrechtliche Straftat darstellen oder gegen ein Gesetz versto\u00dfen. Sie erkl\u00e4ren sich damit einverstanden, nicht zu versuchen, unser digitales Netzwerk oder unsere Sicherheitsfunktionen zu beeintr\u00e4chtigen oder sich unbefugten Zugriff auf unsere Systeme zu verschaffen. <\/p>&#13;\n<p>Sie erkl\u00e4ren sich damit einverstanden, uns genaue pers\u00f6nliche Daten wie Ihre E-Mail-Adresse, Postanschrift und andere Kontaktdaten mitzuteilen, um Ihre Bestellung abzuschlie\u00dfen oder Sie bei Bedarf zu kontaktieren. Sie erkl\u00e4ren sich damit einverstanden, Ihr Konto und Ihre Daten umgehend zu aktualisieren. Sie erm\u00e4chtigen uns, diese Informationen zu erfassen und zu nutzen, um Sie in \u00dcbereinstimmung mit unserer Datenschutzrichtlinie zu kontaktieren.  <\/p>&#13;\n<p><strong>3. Allgemeine Bedingungen<\/strong><strong> <\/strong><\/p>&#13;\n<p>Wir behalten uns das Recht vor, jederzeit und aus beliebigem Grund den Service f\u00fcr jedermann zu verweigern. Wir behalten uns das Recht vor, jederzeit \u00c4nderungen an den digitalen Inhalten vorzunehmen, einschlie\u00dflich der Beendigung, \u00c4nderung, Aussetzung oder Einstellung eines Aspekts der digitalen Inhalte, ohne Vorank\u00fcndigung. Wir k\u00f6nnen zus\u00e4tzliche Regeln oder Beschr\u00e4nkungen f\u00fcr die Nutzung unserer digitalen Inhalte auferlegen. Sie erkl\u00e4ren sich damit einverstanden, die Bedingungen regelm\u00e4\u00dfig zu \u00fcberpr\u00fcfen, und Ihr fortgesetzter Zugriff auf oder Ihre Nutzung unserer digitalen Inhalte bedeutet, dass Sie allen \u00c4nderungen zustimmen.   <\/p>&#13;\n<p>Sie erkl\u00e4ren sich damit einverstanden, dass wir Ihnen oder Dritten gegen\u00fcber nicht f\u00fcr \u00c4nderungen, Aussetzungen oder die Einstellung unserer digitalen Inhalte oder f\u00fcr Dienstleistungen, Inhalte, Funktionen oder Produkte haften, die angeboten werden.<\/p>&#13;\n<p><strong>4. Produkte oder Dienstleistungen<\/strong><strong> <\/strong><\/p>&#13;\n<p>Alle K\u00e4ufe \u00fcber unsere digitalen Websites unterliegen der Produktverf\u00fcgbarkeit. Wir k\u00f6nnen nach eigenem Ermessen die auf unseren digitalen Inhalten angebotenen Mengen einschr\u00e4nken oder stornieren oder den Verkauf unserer Produkte oder Dienstleistungen an eine bestimmte Person, einen Haushalt, eine geografische Region oder einen Rechtsbezirk beschr\u00e4nken. <\/p>&#13;\n<p>Die Preise f\u00fcr unsere Produkte k\u00f6nnen sich ohne Vorank\u00fcndigung \u00e4ndern. Sofern nicht anders angegeben, sind die auf unseren Websites angezeigten Preise in kanadischen Dollar angegeben. <\/p>&#13;\n<p>Wir behalten uns das Recht vor, nach eigenem Ermessen Bestellungen abzulehnen, einschlie\u00dflich, aber nicht beschr\u00e4nkt auf Bestellungen, die von H\u00e4ndlern oder Wiederverk\u00e4ufern aufgegeben zu werden scheinen. Wenn wir der Meinung sind, dass Sie eine falsche oder betr\u00fcgerische Bestellung aufgegeben haben, sind wir berechtigt, die Bestellung zu stornieren und die zust\u00e4ndigen Beh\u00f6rden zu informieren. <\/p>&#13;\n<p>Wir \u00fcbernehmen keine Garantie f\u00fcr die Richtigkeit der Farbe oder des Designs der Produkte auf unseren digitalen Inhalten. Wir haben uns bem\u00fcht, sicherzustellen, dass die Farbe und das Design unserer Produkte auf unseren digitalen Inhalten so genau wie m\u00f6glich dargestellt werden. <\/p>&#13;\n<p><strong>5. Links zu Websites Dritter<\/strong><\/p>&#13;\n<p><strong> <\/strong>Links von oder zu Websites au\u00dferhalb unserer digitalen Inhalte dienen nur der Bequemlichkeit. Wir \u00fcberpr\u00fcfen, unterst\u00fctzen, genehmigen oder kontrollieren keine Websites, die von oder zu unseren digitalen Inhalten verlinkt sind, den Inhalt dieser Websites, die darin genannten Dritten oder deren Produkte und Dienstleistungen und sind nicht daf\u00fcr verantwortlich. Die Verlinkung zu einer anderen Website erfolgt auf Ihr eigenes Risiko und wir sind nicht verantwortlich oder haftbar f\u00fcr Sch\u00e4den im Zusammenhang mit der Verlinkung. Links zu Websites mit herunterladbarer Software dienen nur der Bequemlichkeit und wir sind nicht verantwortlich oder haftbar f\u00fcr Schwierigkeiten oder Folgen im Zusammenhang mit dem Herunterladen der Software. Die Nutzung heruntergeladener Software unterliegt den Bedingungen der Lizenzvereinbarung, falls vorhanden, die der Software beiliegt oder mit ihr bereitgestellt wird.    <\/p>&#13;\n<p><strong>6. Nutzung von Kommentaren, Feedback und anderen Einsendungen<\/strong><\/p>&#13;\n<p>Sie erkennen an, dass Sie f\u00fcr die Informationen, Profile, Meinungen, Nachrichten, Kommentare und alle anderen Inhalte (zusammenfassend der \u201eInhalt\u201c) verantwortlich sind, die Sie auf oder \u00fcber unsere digitalen Inhalte oder Dienstleistungen, die in Verbindung mit unseren digitalen Inhalten verf\u00fcgbar sind, ver\u00f6ffentlichen, verteilen oder teilen. Sie erkennen ferner an, dass Sie die volle Verantwortung f\u00fcr den Inhalt tragen, einschlie\u00dflich, aber nicht beschr\u00e4nkt auf dessen Rechtm\u00e4\u00dfigkeit sowie dessen Marken-, Urheberrechts- und andere Eigentumsrechte. <\/p>&#13;\n<p>Sie erkl\u00e4ren sich damit einverstanden, dass alle von Ihnen eingereichten Inhalte als Reaktion auf eine Anfrage von uns f\u00fcr eine bestimmte Einsendung von uns bearbeitet, angepasst, modifiziert, neu erstellt, ver\u00f6ffentlicht oder verbreitet werden d\u00fcrfen. Sie erkl\u00e4ren sich ferner damit einverstanden, dass wir nicht verpflichtet sind, Inhalte vertraulich zu behandeln, eine Entsch\u00e4digung f\u00fcr Inhalte zu zahlen oder auf Inhalte zu antworten. <\/p>&#13;\n<p>Sie erkl\u00e4ren sich damit einverstanden, dass Sie keine Inhalte auf unseren digitalen Inhalten ver\u00f6ffentlichen, verteilen oder teilen, die durch Urheberrechte, Markenrechte, Patente oder andere Eigentumsrechte gesch\u00fctzt sind, ohne die ausdr\u00fcckliche Zustimmung des Inhabers dieser Eigentumsrechte. Sie erkl\u00e4ren sich ferner damit einverstanden, dass Ihre Inhalte weder rechtswidrig, missbr\u00e4uchlich noch obsz\u00f6n sind und keine Malware oder Computerviren enthalten, die unsere Gesch\u00e4ftst\u00e4tigkeit beeintr\u00e4chtigen k\u00f6nnten. Sie sind allein verantwortlich f\u00fcr alle von Ihnen erstellten Inhalte und deren Richtigkeit. Wir \u00fcbernehmen keine Verantwortung und Haftung f\u00fcr Inhalte, die von Ihnen oder Dritten ver\u00f6ffentlicht werden.   <\/p>&#13;\n<p>Wir behalten uns das Recht vor, Ihre M\u00f6glichkeit, auf unseren digitalen Inhalten zu posten, zu beenden und alle Inhalte zu entfernen und\/oder zu l\u00f6schen, die wir als anst\u00f6\u00dfig erachten. Sie stimmen dieser Entfernung und\/oder L\u00f6schung zu und verzichten auf jegliche Anspr\u00fcche gegen uns wegen der Entfernung und\/oder L\u00f6schung Ihrer Inhalte. <\/p>&#13;\n<p><strong>7. Ihre pers\u00f6nlichen Daten<\/strong><\/p>&#13;\n<p>Bitte lesen Sie unsere Datenschutzrichtlinie, um zu erfahren, wie wir Ihre pers\u00f6nlichen Daten erfassen, verwenden und weitergeben.<\/p>&#13;\n<p><strong>8. Fehler und Auslassungen<\/strong><\/p>&#13;\n<p>Bitte beachten Sie, dass unsere digitalen Inhalte typografische Fehler oder Ungenauigkeiten enthalten k\u00f6nnen und m\u00f6glicherweise nicht vollst\u00e4ndig oder aktuell sind. Wir behalten uns das Recht vor, Fehler, Ungenauigkeiten oder Auslassungen zu korrigieren und Informationen jederzeit ohne vorherige Ank\u00fcndigung zu \u00e4ndern oder zu aktualisieren (auch nachdem eine Bestellung aufgegeben wurde). Solche Fehler, Ungenauigkeiten oder Auslassungen k\u00f6nnen sich auf die Produktbeschreibung, den Preis, die Werbung und die Verf\u00fcgbarkeit beziehen, und wir behalten uns das Recht vor, jede Bestellung zu stornieren oder abzulehnen, die auf falschen Preis- oder Verf\u00fcgbarkeitsinformationen basiert, soweit dies nach geltendem Recht zul\u00e4ssig ist.  <\/p>&#13;\n<p>Wir \u00fcbernehmen keine Verpflichtung, Informationen auf unseren digitalen Inhalten zu aktualisieren, zu \u00e4ndern oder zu pr\u00e4zisieren, es sei denn, dies ist gesetzlich vorgeschrieben.<\/p>&#13;\n<p><strong>9. Haftungsausschluss und Haftungsbeschr\u00e4nkung<\/strong><\/p>&#13;\n<p>Sie \u00fcbernehmen die gesamte Verantwortung und das Risiko in Bezug auf Ihre Nutzung unserer digitalen Inhalte, die \u201ewie besehen\u201c ohne Garantien, Zusicherungen oder Bedingungen jeglicher Art bereitgestellt werden, weder ausdr\u00fccklich noch stillschweigend, in Bezug auf Informationen, auf die von oder \u00fcber unsere digitalen Inhalte zugegriffen wird, einschlie\u00dflich, aber nicht beschr\u00e4nkt auf alle Inhalte und Materialien sowie Funktionen und Dienstleistungen, die auf unseren digitalen Inhalten bereitgestellt werden, die alle ohne jegliche Gew\u00e4hrleistung bereitgestellt werden, einschlie\u00dflich, aber nicht beschr\u00e4nkt auf Gew\u00e4hrleistungen in Bezug auf die Verf\u00fcgbarkeit, Genauigkeit, Vollst\u00e4ndigkeit oder N\u00fctzlichkeit von Inhalten oder Informationen, ununterbrochenen Zugriff und jegliche Gew\u00e4hrleistungen des Eigentumsrechts, der Nichtverletzung, der Marktg\u00e4ngigkeit oder der Eignung f\u00fcr einen bestimmten Zweck. Wir \u00fcbernehmen keine Garantie daf\u00fcr, dass unsere digitalen Inhalte oder deren Funktionieren oder der Inhalt und das Material der dadurch zur Verf\u00fcgung gestellten Dienste zeitnah, sicher, ununterbrochen oder fehlerfrei sind, dass M\u00e4ngel behoben werden oder dass unsere digitalen Inhalte oder die Server, die unsere digitalen Inhalte zur Verf\u00fcgung stellen, frei von Viren oder anderen sch\u00e4dlichen Komponenten sind. <\/p>&#13;\n<p>Die Nutzung unserer digitalen Inhalte erfolgt auf Ihr eigenes Risiko und Sie \u00fcbernehmen die volle Verantwortung f\u00fcr alle Kosten, die mit Ihrer Nutzung unserer digitalen Inhalte verbunden sind. Wir haften nicht f\u00fcr Sch\u00e4den jeglicher Art, die im Zusammenhang mit der Nutzung unserer digitalen Inhalte entstehen. <\/p>&#13;\n<p>In keinem Fall haften wir oder unsere verbundenen Unternehmen, unsere oder deren jeweiligen Inhalts- oder Dienstanbieter oder unsere oder deren jeweiligen Direktoren, leitenden Angestellten, Vertreter, Auftragnehmer, Lieferanten oder Mitarbeiter Ihnen gegen\u00fcber f\u00fcr direkte, indirekte, besondere, zuf\u00e4llige, Folge-, exemplarische oder Strafsch\u00e4den, Verluste oder Klagegr\u00fcnde oder entgangene Einnahmen, entgangene Gewinne, entgangene Gesch\u00e4fte oder Ums\u00e4tze oder andere Arten von Sch\u00e4den, unabh\u00e4ngig davon, ob diese auf einem Vertrag oder einer unerlaubten Handlung (einschlie\u00dflich Fahrl\u00e4ssigkeit), einer Gef\u00e4hrdungshaftung oder anderweitig beruhen, die sich aus Ihrer Nutzung oder der Unf\u00e4higkeit zur Nutzung oder der Leistung unserer digitalen Inhalte oder des Inhalts oder Materials oder der Funktionalit\u00e4t \u00fcber unsere digitalen Inhalte ergeben, selbst wenn wir auf die M\u00f6glichkeit solcher Sch\u00e4den hingewiesen wurden.<\/p>&#13;\n<p>In einigen Rechtsordnungen ist der Ausschluss oder die Beschr\u00e4nkung der Haftung f\u00fcr bestimmte Sch\u00e4den nicht zul\u00e4ssig. In solchen Rechtsordnungen gelten einige oder alle der oben genannten Haftungsausschl\u00fcsse, Ausschl\u00fcsse oder Beschr\u00e4nkungen m\u00f6glicherweise nicht f\u00fcr Sie, und unsere Haftung ist auf das maximal zul\u00e4ssige Ma\u00df beschr\u00e4nkt. <\/p>&#13;\n<p><strong>10. Schadloshaltung<\/strong><strong> <\/strong><\/p>&#13;\n<p>Sie erkl\u00e4ren sich damit einverstanden, uns zu verteidigen und schadlos zu halten, und uns und unsere verbundenen Unternehmen sowie unsere und deren jeweiligen Direktoren, leitenden Angestellten, Vertreter, Auftragnehmer und Mitarbeiter gegen alle Verluste, Verbindlichkeiten, Anspr\u00fcche, Ausgaben (einschlie\u00dflich Anwaltskosten), die in irgendeiner Weise aus Ihrer Nutzung unserer digitalen Inhalte, Ihrer Verletzung der Bedingungen oder der Ver\u00f6ffentlichung oder \u00dcbertragung von Materialien auf oder \u00fcber die digitalen Inhalte durch Sie entstehen, damit in Zusammenhang stehen oder damit verbunden sind, einschlie\u00dflich, aber nicht beschr\u00e4nkt auf Anspr\u00fcche Dritter, dass von Ihnen bereitgestellte Informationen oder Materialien die Eigentumsrechte Dritter verletzen.<\/p>&#13;\n<p><strong>11. Gesamte Vereinbarung<\/strong><\/p>&#13;\n<p>Die Bedingungen und alle Dokumente, auf die darin ausdr\u00fccklich Bezug genommen wird, stellen die gesamte Vereinbarung zwischen Ihnen und uns in Bezug auf den Gegenstand der Bedingungen dar und ersetzen alle vorherigen Vereinbarungen, Absprachen oder Vereinbarungen zwischen Ihnen und uns, ob m\u00fcndlich oder schriftlich. Sowohl Sie als auch wir erkennen an, dass weder Sie noch wir uns beim Eingehen dieser Bedingungen auf Zusicherungen, Zusagen oder Versprechen verlassen haben, die von der anderen Partei gegeben oder aus etwas abgeleitet wurden, das zwischen Ihnen und uns vor diesen Bedingungen gesagt oder geschrieben wurde, es sei denn, dies ist in den Bedingungen ausdr\u00fccklich angegeben. <\/p>&#13;\n<p><strong>12. Verzicht<\/strong><\/p>&#13;\n<p>Unser Vers\u00e4umnis, ein Recht oder eine Bestimmung der Bedingungen auszu\u00fcben oder durchzusetzen, stellt keinen Verzicht auf dieses Recht oder diese Bestimmung dar. Ein Verzicht von uns auf eine Nichterf\u00fcllung stellt keinen Verzicht auf eine sp\u00e4tere Nichterf\u00fcllung dar. Ein Verzicht von uns ist nur wirksam, wenn er Ihnen schriftlich mitgeteilt wird.  <\/p>&#13;\n<p><strong>13. \u00dcberschriften<\/strong><\/p>&#13;\n<p>Alle \u00dcberschriften und Titel hierin dienen nur der \u00dcbersichtlichkeit.<\/p>&#13;\n<p><strong>14. Salvatorische Klausel<\/strong><\/p>&#13;\n<p><strong> <\/strong>Wenn eine der Bestimmungen der Bedingungen von einer zust\u00e4ndigen Beh\u00f6rde als ung\u00fcltig, rechtswidrig oder nicht durchsetzbar befunden wird, wird diese Bestimmung in diesem Umfang von den \u00fcbrigen Bedingungen getrennt, die weiterhin im vollen gesetzlich zul\u00e4ssigen Umfang g\u00fcltig und durchsetzbar sind.<\/p>&#13;\n<p><strong>15. Geltendes Recht<\/strong><\/p>&#13;\n<p><strong> <\/strong>Alle Streitigkeiten, die sich aus oder im Zusammenhang mit den Bedingungen, der Datenschutzrichtlinie, der Nutzung unserer digitalen Inhalte oder unseren auf unseren digitalen Inhalten angebotenen Produkten oder Dienstleistungen ergeben, werden in \u00dcbereinstimmung mit den geltenden Gesetzen ohne R\u00fccksicht auf deren Kollisionsnormen beigelegt. Alle Streitigkeiten, Klagen oder Verfahren im Zusammenhang mit den Bedingungen oder Ihrem Zugriff auf oder Ihrer Nutzung unserer digitalen Inhalte m\u00fcssen vor den Gerichten des Staates Wisconsin, Vereinigte Staaten, verhandelt werden, <strong> <\/strong>und Sie stimmen unwiderruflich der ausschlie\u00dflichen Zust\u00e4ndigkeit und dem Gerichtsstand dieser Gerichte zu.<\/p>&#13;\n<p><strong>16. Fragen oder Bedenken<\/strong><\/p>&#13;\n<p>Bitte senden Sie alle Fragen, Kommentare und R\u00fcckmeldungen \u00fcber die Seite \u201eKontakt\u201c oder per E-Mail an admin @ pducredits.com.<\/p>&#13;\n","protected":false},"excerpt":{"rendered":"<p>&#13; 1. Einleitung &#13; Die Website und die mobilen Anwendungen (digitale Inhalte) von PDU Credits werden von PDU Credits LLC (PDU Credits) betrieben. Die Begriffe \u201ewir\u201c, \u201euns\u201c und \u201eunser\u201c beziehen sich auf PDU Credits. Die Nutzung unserer digitalen Inhalte unterliegt den folgenden Nutzungsbedingungen in der jeweils g\u00fcltigen Fassung (die \u201eBedingungen\u201c). Die Bedingungen sind von Ihnen [&hellip;]<\/p>\n","protected":false},"author":1,"featured_media":0,"parent":0,"menu_order":0,"comment_status":"closed","ping_status":"closed","template":"","meta":{"footnotes":""},"class_list":["post-2197","page","type-page","status-publish","hentry"],"acf":[],"yoast_head":"<!-- This site is optimized with the Yoast SEO plugin v27.3 - https:\/\/yoast.com\/product\/yoast-seo-wordpress\/ -->\n<title>Allgemeine Gesch\u00e4ftsbedingungen - PDU Credits LLC<\/title>\n<meta name=\"robots\" content=\"index, follow, max-snippet:-1, max-image-preview:large, max-video-preview:-1\" \/>\n<link rel=\"canonical\" href=\"https:\/\/pducredits.com\/de\/allgemeine-geschaeftsbedingungen\/\" \/>\n<meta property=\"og:locale\" content=\"de_DE\" \/>\n<meta property=\"og:type\" content=\"article\" \/>\n<meta property=\"og:title\" content=\"Allgemeine Gesch\u00e4ftsbedingungen - PDU Credits LLC\" \/>\n<meta property=\"og:description\" content=\"&#013; 1. Einleitung &#013; Die Website und die mobilen Anwendungen (digitale Inhalte) von PDU Credits werden von PDU Credits LLC (PDU Credits) betrieben. Die Begriffe \u201ewir\u201c, \u201euns\u201c und \u201eunser\u201c beziehen sich auf PDU Credits. Die Nutzung unserer digitalen Inhalte unterliegt den folgenden Nutzungsbedingungen in der jeweils g\u00fcltigen Fassung (die \u201eBedingungen\u201c). Die Bedingungen sind von Ihnen [&hellip;]\" \/>\n<meta property=\"og:url\" content=\"https:\/\/pducredits.com\/de\/allgemeine-geschaeftsbedingungen\/\" \/>\n<meta property=\"og:site_name\" content=\"PDU Credits LLC\" \/>\n<meta property=\"article:publisher\" content=\"https:\/\/www.facebook.com\/profile.php?id=61584963837286\" \/>\n<meta property=\"article:modified_time\" content=\"2026-01-06T07:38:49+00:00\" \/>\n<meta name=\"twitter:card\" content=\"summary_large_image\" \/>\n<meta name=\"twitter:site\" content=\"@pdu_credits_llc\" \/>\n<meta name=\"twitter:label1\" content=\"Gesch\u00e4tzte Lesezeit\" \/>\n\t<meta name=\"twitter:data1\" content=\"11\u00a0Minute\" \/>\n<script type=\"application\/ld+json\" class=\"yoast-schema-graph\">{\"@context\":\"https:\\\/\\\/schema.org\",\"@graph\":[{\"@type\":\"WebPage\",\"@id\":\"https:\\\/\\\/pducredits.com\\\/de\\\/allgemeine-geschaeftsbedingungen\\\/\",\"url\":\"https:\\\/\\\/pducredits.com\\\/de\\\/allgemeine-geschaeftsbedingungen\\\/\",\"name\":\"Allgemeine Gesch\u00e4ftsbedingungen - PDU Credits LLC\",\"isPartOf\":{\"@id\":\"https:\\\/\\\/pducredits.com\\\/de\\\/#website\"},\"datePublished\":\"2025-12-13T20:48:50+00:00\",\"dateModified\":\"2026-01-06T07:38:49+00:00\",\"breadcrumb\":{\"@id\":\"https:\\\/\\\/pducredits.com\\\/de\\\/allgemeine-geschaeftsbedingungen\\\/#breadcrumb\"},\"inLanguage\":\"de\",\"potentialAction\":[{\"@type\":\"ReadAction\",\"target\":[\"https:\\\/\\\/pducredits.com\\\/de\\\/allgemeine-geschaeftsbedingungen\\\/\"]}]},{\"@type\":\"BreadcrumbList\",\"@id\":\"https:\\\/\\\/pducredits.com\\\/de\\\/allgemeine-geschaeftsbedingungen\\\/#breadcrumb\",\"itemListElement\":[{\"@type\":\"ListItem\",\"position\":1,\"name\":\"Home\",\"item\":\"https:\\\/\\\/pducredits.com\\\/de\\\/startseite\\\/\"},{\"@type\":\"ListItem\",\"position\":2,\"name\":\"Allgemeine Gesch\u00e4ftsbedingungen\"}]},{\"@type\":\"WebSite\",\"@id\":\"https:\\\/\\\/pducredits.com\\\/de\\\/#website\",\"url\":\"https:\\\/\\\/pducredits.com\\\/de\\\/\",\"name\":\"PDU Credits\",\"description\":\"Online courses for PDUs for PMP renewal\",\"publisher\":{\"@id\":\"https:\\\/\\\/pducredits.com\\\/de\\\/#organization\"},\"potentialAction\":[{\"@type\":\"SearchAction\",\"target\":{\"@type\":\"EntryPoint\",\"urlTemplate\":\"https:\\\/\\\/pducredits.com\\\/de\\\/?s={search_term_string}\"},\"query-input\":{\"@type\":\"PropertyValueSpecification\",\"valueRequired\":true,\"valueName\":\"search_term_string\"}}],\"inLanguage\":\"de\"},{\"@type\":\"Organization\",\"@id\":\"https:\\\/\\\/pducredits.com\\\/de\\\/#organization\",\"name\":\"PDU Credits LLC\",\"url\":\"https:\\\/\\\/pducredits.com\\\/de\\\/\",\"logo\":{\"@type\":\"ImageObject\",\"inLanguage\":\"de\",\"@id\":\"https:\\\/\\\/pducredits.com\\\/de\\\/#\\\/schema\\\/logo\\\/image\\\/\",\"url\":\"https:\\\/\\\/pducredits.com\\\/wp-content\\\/uploads\\\/2025\\\/12\\\/ftr-logo-4.svg\",\"contentUrl\":\"https:\\\/\\\/pducredits.com\\\/wp-content\\\/uploads\\\/2025\\\/12\\\/ftr-logo-4.svg\",\"width\":1,\"height\":1,\"caption\":\"PDU Credits LLC\"},\"image\":{\"@id\":\"https:\\\/\\\/pducredits.com\\\/de\\\/#\\\/schema\\\/logo\\\/image\\\/\"},\"sameAs\":[\"https:\\\/\\\/www.facebook.com\\\/profile.php?id=61584963837286\",\"https:\\\/\\\/x.com\\\/pdu_credits_llc\",\"https:\\\/\\\/www.linkedin.com\\\/company\\\/pdu-credits-llc\\\/\",\"https:\\\/\\\/www.youtube.com\\\/@PDUCredits\",\"https:\\\/\\\/www.tiktok.com\\\/@pducredits\",\"https:\\\/\\\/www.instagram.com\\\/pducredits\\\/\"]}]}<\/script>\n<!-- \/ Yoast SEO plugin. -->","yoast_head_json":{"title":"Allgemeine Gesch\u00e4ftsbedingungen - PDU Credits LLC","robots":{"index":"index","follow":"follow","max-snippet":"max-snippet:-1","max-image-preview":"max-image-preview:large","max-video-preview":"max-video-preview:-1"},"canonical":"https:\/\/pducredits.com\/de\/allgemeine-geschaeftsbedingungen\/","og_locale":"de_DE","og_type":"article","og_title":"Allgemeine Gesch\u00e4ftsbedingungen - PDU Credits LLC","og_description":"&#13; 1. Einleitung &#13; Die Website und die mobilen Anwendungen (digitale Inhalte) von PDU Credits werden von PDU Credits LLC (PDU Credits) betrieben. Die Begriffe \u201ewir\u201c, \u201euns\u201c und \u201eunser\u201c beziehen sich auf PDU Credits. Die Nutzung unserer digitalen Inhalte unterliegt den folgenden Nutzungsbedingungen in der jeweils g\u00fcltigen Fassung (die \u201eBedingungen\u201c). Die Bedingungen sind von Ihnen [&hellip;]","og_url":"https:\/\/pducredits.com\/de\/allgemeine-geschaeftsbedingungen\/","og_site_name":"PDU Credits LLC","article_publisher":"https:\/\/www.facebook.com\/profile.php?id=61584963837286","article_modified_time":"2026-01-06T07:38:49+00:00","twitter_card":"summary_large_image","twitter_site":"@pdu_credits_llc","twitter_misc":{"Gesch\u00e4tzte Lesezeit":"11\u00a0Minute"},"schema":{"@context":"https:\/\/schema.org","@graph":[{"@type":"WebPage","@id":"https:\/\/pducredits.com\/de\/allgemeine-geschaeftsbedingungen\/","url":"https:\/\/pducredits.com\/de\/allgemeine-geschaeftsbedingungen\/","name":"Allgemeine Gesch\u00e4ftsbedingungen - PDU Credits LLC","isPartOf":{"@id":"https:\/\/pducredits.com\/de\/#website"},"datePublished":"2025-12-13T20:48:50+00:00","dateModified":"2026-01-06T07:38:49+00:00","breadcrumb":{"@id":"https:\/\/pducredits.com\/de\/allgemeine-geschaeftsbedingungen\/#breadcrumb"},"inLanguage":"de","potentialAction":[{"@type":"ReadAction","target":["https:\/\/pducredits.com\/de\/allgemeine-geschaeftsbedingungen\/"]}]},{"@type":"BreadcrumbList","@id":"https:\/\/pducredits.com\/de\/allgemeine-geschaeftsbedingungen\/#breadcrumb","itemListElement":[{"@type":"ListItem","position":1,"name":"Home","item":"https:\/\/pducredits.com\/de\/startseite\/"},{"@type":"ListItem","position":2,"name":"Allgemeine Gesch\u00e4ftsbedingungen"}]},{"@type":"WebSite","@id":"https:\/\/pducredits.com\/de\/#website","url":"https:\/\/pducredits.com\/de\/","name":"PDU Credits","description":"Online courses for PDUs for PMP renewal","publisher":{"@id":"https:\/\/pducredits.com\/de\/#organization"},"potentialAction":[{"@type":"SearchAction","target":{"@type":"EntryPoint","urlTemplate":"https:\/\/pducredits.com\/de\/?s={search_term_string}"},"query-input":{"@type":"PropertyValueSpecification","valueRequired":true,"valueName":"search_term_string"}}],"inLanguage":"de"},{"@type":"Organization","@id":"https:\/\/pducredits.com\/de\/#organization","name":"PDU Credits LLC","url":"https:\/\/pducredits.com\/de\/","logo":{"@type":"ImageObject","inLanguage":"de","@id":"https:\/\/pducredits.com\/de\/#\/schema\/logo\/image\/","url":"https:\/\/pducredits.com\/wp-content\/uploads\/2025\/12\/ftr-logo-4.svg","contentUrl":"https:\/\/pducredits.com\/wp-content\/uploads\/2025\/12\/ftr-logo-4.svg","width":1,"height":1,"caption":"PDU Credits LLC"},"image":{"@id":"https:\/\/pducredits.com\/de\/#\/schema\/logo\/image\/"},"sameAs":["https:\/\/www.facebook.com\/profile.php?id=61584963837286","https:\/\/x.com\/pdu_credits_llc","https:\/\/www.linkedin.com\/company\/pdu-credits-llc\/","https:\/\/www.youtube.com\/@PDUCredits","https:\/\/www.tiktok.com\/@pducredits","https:\/\/www.instagram.com\/pducredits\/"]}]}},"_links":{"self":[{"href":"https:\/\/pducredits.com\/de\/wp-json\/wp\/v2\/pages\/2197","targetHints":{"allow":["GET"]}}],"collection":[{"href":"https:\/\/pducredits.com\/de\/wp-json\/wp\/v2\/pages"}],"about":[{"href":"https:\/\/pducredits.com\/de\/wp-json\/wp\/v2\/types\/page"}],"author":[{"embeddable":true,"href":"https:\/\/pducredits.com\/de\/wp-json\/wp\/v2\/users\/1"}],"replies":[{"embeddable":true,"href":"https:\/\/pducredits.com\/de\/wp-json\/wp\/v2\/comments?post=2197"}],"version-history":[{"count":1,"href":"https:\/\/pducredits.com\/de\/wp-json\/wp\/v2\/pages\/2197\/revisions"}],"predecessor-version":[{"id":2200,"href":"https:\/\/pducredits.com\/de\/wp-json\/wp\/v2\/pages\/2197\/revisions\/2200"}],"wp:attachment":[{"href":"https:\/\/pducredits.com\/de\/wp-json\/wp\/v2\/media?parent=2197"}],"curies":[{"name":"wp","href":"https:\/\/api.w.org\/{rel}","templated":true}]}}