{"id":2210,"date":"2025-12-16T12:38:53","date_gmt":"2025-12-16T18:38:53","guid":{"rendered":"https:\/\/pducredits.com\/kurs-pakete\/"},"modified":"2026-03-21T08:56:57","modified_gmt":"2026-03-21T14:56:57","slug":"kurs-pakete","status":"publish","type":"page","link":"https:\/\/pducredits.com\/de\/kurs-pakete\/","title":{"rendered":"PDU-Pakete &amp; Kontaktstunden"},"content":{"rendered":"","protected":false},"excerpt":{"rendered":"","protected":false},"author":21,"featured_media":0,"parent":0,"menu_order":0,"comment_status":"closed","ping_status":"closed","template":"templates\/selected-course.php","meta":{"footnotes":""},"class_list":["post-2210","page","type-page","status-publish","hentry"],"acf":[],"yoast_head":"<!-- This site is optimized with the Yoast SEO plugin v27.3 - https:\/\/yoast.com\/product\/yoast-seo-wordpress\/ -->\n<title>Kurs-Bundles f\u00fcr PDUs &amp; Kontaktstunden in gro\u00dfen Mengen - PDU Credits LLC<\/title>\n<meta name=\"description\" content=\"Praxisnahe Projektmanagement-Kurs-Bundles, um PDUs in gro\u00dfen Mengen in den drei Talentbereichen zu erwerben. Au\u00dferdem 35 &amp; 23 Kontaktstunden f\u00fcr die PMP-&amp;-CAPM-Pr\u00fcfungsqualifikation\" \/>\n<meta name=\"robots\" content=\"index, follow, max-snippet:-1, max-image-preview:large, max-video-preview:-1\" \/>\n<link rel=\"canonical\" href=\"https:\/\/pducredits.com\/de\/kurs-pakete\/\" \/>\n<meta property=\"og:locale\" content=\"de_DE\" \/>\n<meta property=\"og:type\" content=\"article\" \/>\n<meta property=\"og:title\" content=\"Kurs-Bundles f\u00fcr PDUs &amp; Kontaktstunden in gro\u00dfen Mengen - PDU Credits LLC\" \/>\n<meta property=\"og:description\" content=\"Praxisnahe Projektmanagement-Kurs-Bundles, um PDUs in gro\u00dfen Mengen in den drei Talentbereichen zu erwerben. Au\u00dferdem 35 &amp; 23 Kontaktstunden f\u00fcr die PMP-&amp;-CAPM-Pr\u00fcfungsqualifikation\" \/>\n<meta property=\"og:url\" content=\"https:\/\/pducredits.com\/de\/kurs-pakete\/\" \/>\n<meta property=\"og:site_name\" content=\"PDU Credits LLC\" \/>\n<meta property=\"article:publisher\" content=\"https:\/\/www.facebook.com\/profile.php?id=61584963837286\" \/>\n<meta property=\"article:modified_time\" content=\"2026-03-21T14:56:57+00:00\" \/>\n<meta name=\"twitter:card\" content=\"summary_large_image\" \/>\n<meta name=\"twitter:site\" content=\"@pdu_credits_llc\" \/>\n<script type=\"application\/ld+json\" class=\"yoast-schema-graph\">{\"@context\":\"https:\\\/\\\/schema.org\",\"@graph\":[{\"@type\":\"WebPage\",\"@id\":\"https:\\\/\\\/pducredits.com\\\/de\\\/kurs-pakete\\\/\",\"url\":\"https:\\\/\\\/pducredits.com\\\/de\\\/kurs-pakete\\\/\",\"name\":\"Kurs-Bundles f\u00fcr PDUs & Kontaktstunden in gro\u00dfen Mengen - PDU Credits LLC\",\"isPartOf\":{\"@id\":\"https:\\\/\\\/pducredits.com\\\/de\\\/#website\"},\"datePublished\":\"2025-12-16T18:38:53+00:00\",\"dateModified\":\"2026-03-21T14:56:57+00:00\",\"description\":\"Praxisnahe Projektmanagement-Kurs-Bundles, um PDUs in gro\u00dfen Mengen in den drei Talentbereichen zu erwerben. Au\u00dferdem 35 & 23 Kontaktstunden f\u00fcr die PMP-&-CAPM-Pr\u00fcfungsqualifikation\",\"breadcrumb\":{\"@id\":\"https:\\\/\\\/pducredits.com\\\/de\\\/kurs-pakete\\\/#breadcrumb\"},\"inLanguage\":\"de\",\"potentialAction\":[{\"@type\":\"ReadAction\",\"target\":[\"https:\\\/\\\/pducredits.com\\\/de\\\/kurs-pakete\\\/\"]}]},{\"@type\":\"BreadcrumbList\",\"@id\":\"https:\\\/\\\/pducredits.com\\\/de\\\/kurs-pakete\\\/#breadcrumb\",\"itemListElement\":[{\"@type\":\"ListItem\",\"position\":1,\"name\":\"Home\",\"item\":\"https:\\\/\\\/pducredits.com\\\/de\\\/startseite\\\/\"},{\"@type\":\"ListItem\",\"position\":2,\"name\":\"PDU-Pakete &amp; Kontaktstunden\"}]},{\"@type\":\"WebSite\",\"@id\":\"https:\\\/\\\/pducredits.com\\\/de\\\/#website\",\"url\":\"https:\\\/\\\/pducredits.com\\\/de\\\/\",\"name\":\"PDU Credits\",\"description\":\"Online courses for PDUs for PMP renewal\",\"publisher\":{\"@id\":\"https:\\\/\\\/pducredits.com\\\/de\\\/#organization\"},\"potentialAction\":[{\"@type\":\"SearchAction\",\"target\":{\"@type\":\"EntryPoint\",\"urlTemplate\":\"https:\\\/\\\/pducredits.com\\\/de\\\/?s={search_term_string}\"},\"query-input\":{\"@type\":\"PropertyValueSpecification\",\"valueRequired\":true,\"valueName\":\"search_term_string\"}}],\"inLanguage\":\"de\"},{\"@type\":\"Organization\",\"@id\":\"https:\\\/\\\/pducredits.com\\\/de\\\/#organization\",\"name\":\"PDU Credits LLC\",\"url\":\"https:\\\/\\\/pducredits.com\\\/de\\\/\",\"logo\":{\"@type\":\"ImageObject\",\"inLanguage\":\"de\",\"@id\":\"https:\\\/\\\/pducredits.com\\\/de\\\/#\\\/schema\\\/logo\\\/image\\\/\",\"url\":\"https:\\\/\\\/pducredits.com\\\/wp-content\\\/uploads\\\/2025\\\/12\\\/ftr-logo-4.svg\",\"contentUrl\":\"https:\\\/\\\/pducredits.com\\\/wp-content\\\/uploads\\\/2025\\\/12\\\/ftr-logo-4.svg\",\"width\":1,\"height\":1,\"caption\":\"PDU Credits LLC\"},\"image\":{\"@id\":\"https:\\\/\\\/pducredits.com\\\/de\\\/#\\\/schema\\\/logo\\\/image\\\/\"},\"sameAs\":[\"https:\\\/\\\/www.facebook.com\\\/profile.php?id=61584963837286\",\"https:\\\/\\\/x.com\\\/pdu_credits_llc\",\"https:\\\/\\\/www.linkedin.com\\\/company\\\/pdu-credits-llc\\\/\",\"https:\\\/\\\/www.youtube.com\\\/@PDUCredits\",\"https:\\\/\\\/www.tiktok.com\\\/@pducredits\",\"https:\\\/\\\/www.instagram.com\\\/pducredits\\\/\"]}]}<\/script>\n<!-- \/ Yoast SEO plugin. -->","yoast_head_json":{"title":"Kurs-Bundles f\u00fcr PDUs & Kontaktstunden in gro\u00dfen Mengen - PDU Credits LLC","description":"Praxisnahe Projektmanagement-Kurs-Bundles, um PDUs in gro\u00dfen Mengen in den drei Talentbereichen zu erwerben. Au\u00dferdem 35 & 23 Kontaktstunden f\u00fcr die PMP-&-CAPM-Pr\u00fcfungsqualifikation","robots":{"index":"index","follow":"follow","max-snippet":"max-snippet:-1","max-image-preview":"max-image-preview:large","max-video-preview":"max-video-preview:-1"},"canonical":"https:\/\/pducredits.com\/de\/kurs-pakete\/","og_locale":"de_DE","og_type":"article","og_title":"Kurs-Bundles f\u00fcr PDUs & Kontaktstunden in gro\u00dfen Mengen - PDU Credits LLC","og_description":"Praxisnahe Projektmanagement-Kurs-Bundles, um PDUs in gro\u00dfen Mengen in den drei Talentbereichen zu erwerben. Au\u00dferdem 35 & 23 Kontaktstunden f\u00fcr die PMP-&-CAPM-Pr\u00fcfungsqualifikation","og_url":"https:\/\/pducredits.com\/de\/kurs-pakete\/","og_site_name":"PDU Credits LLC","article_publisher":"https:\/\/www.facebook.com\/profile.php?id=61584963837286","article_modified_time":"2026-03-21T14:56:57+00:00","twitter_card":"summary_large_image","twitter_site":"@pdu_credits_llc","schema":{"@context":"https:\/\/schema.org","@graph":[{"@type":"WebPage","@id":"https:\/\/pducredits.com\/de\/kurs-pakete\/","url":"https:\/\/pducredits.com\/de\/kurs-pakete\/","name":"Kurs-Bundles f\u00fcr PDUs & Kontaktstunden in gro\u00dfen Mengen - PDU Credits LLC","isPartOf":{"@id":"https:\/\/pducredits.com\/de\/#website"},"datePublished":"2025-12-16T18:38:53+00:00","dateModified":"2026-03-21T14:56:57+00:00","description":"Praxisnahe Projektmanagement-Kurs-Bundles, um PDUs in gro\u00dfen Mengen in den drei Talentbereichen zu erwerben. Au\u00dferdem 35 & 23 Kontaktstunden f\u00fcr die PMP-&-CAPM-Pr\u00fcfungsqualifikation","breadcrumb":{"@id":"https:\/\/pducredits.com\/de\/kurs-pakete\/#breadcrumb"},"inLanguage":"de","potentialAction":[{"@type":"ReadAction","target":["https:\/\/pducredits.com\/de\/kurs-pakete\/"]}]},{"@type":"BreadcrumbList","@id":"https:\/\/pducredits.com\/de\/kurs-pakete\/#breadcrumb","itemListElement":[{"@type":"ListItem","position":1,"name":"Home","item":"https:\/\/pducredits.com\/de\/startseite\/"},{"@type":"ListItem","position":2,"name":"PDU-Pakete &amp; Kontaktstunden"}]},{"@type":"WebSite","@id":"https:\/\/pducredits.com\/de\/#website","url":"https:\/\/pducredits.com\/de\/","name":"PDU Credits","description":"Online courses for PDUs for PMP renewal","publisher":{"@id":"https:\/\/pducredits.com\/de\/#organization"},"potentialAction":[{"@type":"SearchAction","target":{"@type":"EntryPoint","urlTemplate":"https:\/\/pducredits.com\/de\/?s={search_term_string}"},"query-input":{"@type":"PropertyValueSpecification","valueRequired":true,"valueName":"search_term_string"}}],"inLanguage":"de"},{"@type":"Organization","@id":"https:\/\/pducredits.com\/de\/#organization","name":"PDU Credits LLC","url":"https:\/\/pducredits.com\/de\/","logo":{"@type":"ImageObject","inLanguage":"de","@id":"https:\/\/pducredits.com\/de\/#\/schema\/logo\/image\/","url":"https:\/\/pducredits.com\/wp-content\/uploads\/2025\/12\/ftr-logo-4.svg","contentUrl":"https:\/\/pducredits.com\/wp-content\/uploads\/2025\/12\/ftr-logo-4.svg","width":1,"height":1,"caption":"PDU Credits LLC"},"image":{"@id":"https:\/\/pducredits.com\/de\/#\/schema\/logo\/image\/"},"sameAs":["https:\/\/www.facebook.com\/profile.php?id=61584963837286","https:\/\/x.com\/pdu_credits_llc","https:\/\/www.linkedin.com\/company\/pdu-credits-llc\/","https:\/\/www.youtube.com\/@PDUCredits","https:\/\/www.tiktok.com\/@pducredits","https:\/\/www.instagram.com\/pducredits\/"]}]}},"_links":{"self":[{"href":"https:\/\/pducredits.com\/de\/wp-json\/wp\/v2\/pages\/2210","targetHints":{"allow":["GET"]}}],"collection":[{"href":"https:\/\/pducredits.com\/de\/wp-json\/wp\/v2\/pages"}],"about":[{"href":"https:\/\/pducredits.com\/de\/wp-json\/wp\/v2\/types\/page"}],"author":[{"embeddable":true,"href":"https:\/\/pducredits.com\/de\/wp-json\/wp\/v2\/users\/21"}],"replies":[{"embeddable":true,"href":"https:\/\/pducredits.com\/de\/wp-json\/wp\/v2\/comments?post=2210"}],"version-history":[{"count":3,"href":"https:\/\/pducredits.com\/de\/wp-json\/wp\/v2\/pages\/2210\/revisions"}],"predecessor-version":[{"id":6475,"href":"https:\/\/pducredits.com\/de\/wp-json\/wp\/v2\/pages\/2210\/revisions\/6475"}],"wp:attachment":[{"href":"https:\/\/pducredits.com\/de\/wp-json\/wp\/v2\/media?parent=2210"}],"curies":[{"name":"wp","href":"https:\/\/api.w.org\/{rel}","templated":true}]}}