{"id":1040,"date":"2025-11-27T13:06:26","date_gmt":"2025-11-27T17:06:26","guid":{"rendered":"https:\/\/pducredits.com\/garantia\/"},"modified":"2025-12-30T05:39:16","modified_gmt":"2025-12-30T09:39:16","slug":"garantia","status":"publish","type":"page","link":"https:\/\/pducredits.com\/es\/garantia\/","title":{"rendered":"Garant\u00eda"},"content":{"rendered":"","protected":false},"excerpt":{"rendered":"","protected":false},"author":2,"featured_media":0,"parent":0,"menu_order":0,"comment_status":"closed","ping_status":"closed","template":"templates\/guarantee.php","meta":{"footnotes":""},"class_list":["post-1040","page","type-page","status-publish","hentry"],"acf":[],"yoast_head":"<!-- This site is optimized with the Yoast SEO plugin v27.3 - https:\/\/yoast.com\/product\/yoast-seo-wordpress\/ -->\n<title>Garant\u00eda de que el PMI aceptar\u00e1 las PDU - Garant\u00eda<\/title>\n<meta name=\"description\" content=\"Garantizamos que el PMI aceptar\u00e1 las PDU obtenidas en nuestro sitio o se proporcionar\u00e1 un curso de sustituci\u00f3n sin coste alguno. \u00a1Gane con confianza!\" \/>\n<meta name=\"robots\" content=\"index, follow, max-snippet:-1, max-image-preview:large, max-video-preview:-1\" \/>\n<link rel=\"canonical\" href=\"https:\/\/pducredits.com\/es\/garantia\/\" \/>\n<meta property=\"og:locale\" content=\"es_ES\" \/>\n<meta property=\"og:type\" content=\"article\" \/>\n<meta property=\"og:title\" content=\"Garant\u00eda de que el PMI aceptar\u00e1 las PDU - Garant\u00eda\" \/>\n<meta property=\"og:description\" content=\"Garantizamos que el PMI aceptar\u00e1 las PDU obtenidas en nuestro sitio o se proporcionar\u00e1 un curso de sustituci\u00f3n sin coste alguno. \u00a1Gane con confianza!\" \/>\n<meta property=\"og:url\" content=\"https:\/\/pducredits.com\/es\/garantia\/\" \/>\n<meta property=\"og:site_name\" content=\"PDU Credits LLC\" \/>\n<meta property=\"article:publisher\" content=\"https:\/\/www.facebook.com\/profile.php?id=61584963837286\" \/>\n<meta property=\"article:modified_time\" content=\"2025-12-30T09:39:16+00:00\" \/>\n<meta name=\"twitter:card\" content=\"summary_large_image\" \/>\n<meta name=\"twitter:site\" content=\"@pdu_credits_llc\" \/>\n<script type=\"application\/ld+json\" class=\"yoast-schema-graph\">{\"@context\":\"https:\\\/\\\/schema.org\",\"@graph\":[{\"@type\":\"WebPage\",\"@id\":\"https:\\\/\\\/pducredits.com\\\/es\\\/garantia\\\/\",\"url\":\"https:\\\/\\\/pducredits.com\\\/es\\\/garantia\\\/\",\"name\":\"Garant\u00eda de que el PMI aceptar\u00e1 las PDU - Garant\u00eda\",\"isPartOf\":{\"@id\":\"https:\\\/\\\/pducredits.com\\\/es\\\/#website\"},\"datePublished\":\"2025-11-27T17:06:26+00:00\",\"dateModified\":\"2025-12-30T09:39:16+00:00\",\"description\":\"Garantizamos que el PMI aceptar\u00e1 las PDU obtenidas en nuestro sitio o se proporcionar\u00e1 un curso de sustituci\u00f3n sin coste alguno. \u00a1Gane con confianza!\",\"breadcrumb\":{\"@id\":\"https:\\\/\\\/pducredits.com\\\/es\\\/garantia\\\/#breadcrumb\"},\"inLanguage\":\"es\",\"potentialAction\":[{\"@type\":\"ReadAction\",\"target\":[\"https:\\\/\\\/pducredits.com\\\/es\\\/garantia\\\/\"]}]},{\"@type\":\"BreadcrumbList\",\"@id\":\"https:\\\/\\\/pducredits.com\\\/es\\\/garantia\\\/#breadcrumb\",\"itemListElement\":[{\"@type\":\"ListItem\",\"position\":1,\"name\":\"Inicio\",\"item\":\"https:\\\/\\\/pducredits.com\\\/es\\\/home\\\/\"},{\"@type\":\"ListItem\",\"position\":2,\"name\":\"Garant\u00eda\"}]},{\"@type\":\"WebSite\",\"@id\":\"https:\\\/\\\/pducredits.com\\\/es\\\/#website\",\"url\":\"https:\\\/\\\/pducredits.com\\\/es\\\/\",\"name\":\"PDU Credits\",\"description\":\"Cursos online para PDUs para la renovaci\u00f3n de PMP\",\"publisher\":{\"@id\":\"https:\\\/\\\/pducredits.com\\\/es\\\/#organization\"},\"potentialAction\":[{\"@type\":\"SearchAction\",\"target\":{\"@type\":\"EntryPoint\",\"urlTemplate\":\"https:\\\/\\\/pducredits.com\\\/es\\\/?s={search_term_string}\"},\"query-input\":{\"@type\":\"PropertyValueSpecification\",\"valueRequired\":true,\"valueName\":\"search_term_string\"}}],\"inLanguage\":\"es\"},{\"@type\":\"Organization\",\"@id\":\"https:\\\/\\\/pducredits.com\\\/es\\\/#organization\",\"name\":\"PDU Credits LLC\",\"url\":\"https:\\\/\\\/pducredits.com\\\/es\\\/\",\"logo\":{\"@type\":\"ImageObject\",\"inLanguage\":\"es\",\"@id\":\"https:\\\/\\\/pducredits.com\\\/es\\\/#\\\/schema\\\/logo\\\/image\\\/\",\"url\":\"https:\\\/\\\/pducredits.com\\\/wp-content\\\/uploads\\\/2025\\\/12\\\/ftr-logo-4.svg\",\"contentUrl\":\"https:\\\/\\\/pducredits.com\\\/wp-content\\\/uploads\\\/2025\\\/12\\\/ftr-logo-4.svg\",\"width\":1,\"height\":1,\"caption\":\"PDU Credits LLC\"},\"image\":{\"@id\":\"https:\\\/\\\/pducredits.com\\\/es\\\/#\\\/schema\\\/logo\\\/image\\\/\"},\"sameAs\":[\"https:\\\/\\\/www.facebook.com\\\/profile.php?id=61584963837286\",\"https:\\\/\\\/x.com\\\/pdu_credits_llc\",\"https:\\\/\\\/www.linkedin.com\\\/company\\\/pdu-credits-llc\\\/\",\"https:\\\/\\\/www.youtube.com\\\/@PDUCredits\",\"https:\\\/\\\/www.tiktok.com\\\/@pducredits\",\"https:\\\/\\\/www.instagram.com\\\/pducredits\\\/\"]}]}<\/script>\n<!-- \/ Yoast SEO plugin. -->","yoast_head_json":{"title":"Garant\u00eda de que el PMI aceptar\u00e1 las PDU - Garant\u00eda","description":"Garantizamos que el PMI aceptar\u00e1 las PDU obtenidas en nuestro sitio o se proporcionar\u00e1 un curso de sustituci\u00f3n sin coste alguno. \u00a1Gane con confianza!","robots":{"index":"index","follow":"follow","max-snippet":"max-snippet:-1","max-image-preview":"max-image-preview:large","max-video-preview":"max-video-preview:-1"},"canonical":"https:\/\/pducredits.com\/es\/garantia\/","og_locale":"es_ES","og_type":"article","og_title":"Garant\u00eda de que el PMI aceptar\u00e1 las PDU - Garant\u00eda","og_description":"Garantizamos que el PMI aceptar\u00e1 las PDU obtenidas en nuestro sitio o se proporcionar\u00e1 un curso de sustituci\u00f3n sin coste alguno. \u00a1Gane con confianza!","og_url":"https:\/\/pducredits.com\/es\/garantia\/","og_site_name":"PDU Credits LLC","article_publisher":"https:\/\/www.facebook.com\/profile.php?id=61584963837286","article_modified_time":"2025-12-30T09:39:16+00:00","twitter_card":"summary_large_image","twitter_site":"@pdu_credits_llc","schema":{"@context":"https:\/\/schema.org","@graph":[{"@type":"WebPage","@id":"https:\/\/pducredits.com\/es\/garantia\/","url":"https:\/\/pducredits.com\/es\/garantia\/","name":"Garant\u00eda de que el PMI aceptar\u00e1 las PDU - Garant\u00eda","isPartOf":{"@id":"https:\/\/pducredits.com\/es\/#website"},"datePublished":"2025-11-27T17:06:26+00:00","dateModified":"2025-12-30T09:39:16+00:00","description":"Garantizamos que el PMI aceptar\u00e1 las PDU obtenidas en nuestro sitio o se proporcionar\u00e1 un curso de sustituci\u00f3n sin coste alguno. \u00a1Gane con confianza!","breadcrumb":{"@id":"https:\/\/pducredits.com\/es\/garantia\/#breadcrumb"},"inLanguage":"es","potentialAction":[{"@type":"ReadAction","target":["https:\/\/pducredits.com\/es\/garantia\/"]}]},{"@type":"BreadcrumbList","@id":"https:\/\/pducredits.com\/es\/garantia\/#breadcrumb","itemListElement":[{"@type":"ListItem","position":1,"name":"Inicio","item":"https:\/\/pducredits.com\/es\/home\/"},{"@type":"ListItem","position":2,"name":"Garant\u00eda"}]},{"@type":"WebSite","@id":"https:\/\/pducredits.com\/es\/#website","url":"https:\/\/pducredits.com\/es\/","name":"PDU Credits","description":"Cursos online para PDUs para la renovaci\u00f3n de PMP","publisher":{"@id":"https:\/\/pducredits.com\/es\/#organization"},"potentialAction":[{"@type":"SearchAction","target":{"@type":"EntryPoint","urlTemplate":"https:\/\/pducredits.com\/es\/?s={search_term_string}"},"query-input":{"@type":"PropertyValueSpecification","valueRequired":true,"valueName":"search_term_string"}}],"inLanguage":"es"},{"@type":"Organization","@id":"https:\/\/pducredits.com\/es\/#organization","name":"PDU Credits LLC","url":"https:\/\/pducredits.com\/es\/","logo":{"@type":"ImageObject","inLanguage":"es","@id":"https:\/\/pducredits.com\/es\/#\/schema\/logo\/image\/","url":"https:\/\/pducredits.com\/wp-content\/uploads\/2025\/12\/ftr-logo-4.svg","contentUrl":"https:\/\/pducredits.com\/wp-content\/uploads\/2025\/12\/ftr-logo-4.svg","width":1,"height":1,"caption":"PDU Credits LLC"},"image":{"@id":"https:\/\/pducredits.com\/es\/#\/schema\/logo\/image\/"},"sameAs":["https:\/\/www.facebook.com\/profile.php?id=61584963837286","https:\/\/x.com\/pdu_credits_llc","https:\/\/www.linkedin.com\/company\/pdu-credits-llc\/","https:\/\/www.youtube.com\/@PDUCredits","https:\/\/www.tiktok.com\/@pducredits","https:\/\/www.instagram.com\/pducredits\/"]}]}},"_links":{"self":[{"href":"https:\/\/pducredits.com\/es\/wp-json\/wp\/v2\/pages\/1040","targetHints":{"allow":["GET"]}}],"collection":[{"href":"https:\/\/pducredits.com\/es\/wp-json\/wp\/v2\/pages"}],"about":[{"href":"https:\/\/pducredits.com\/es\/wp-json\/wp\/v2\/types\/page"}],"author":[{"embeddable":true,"href":"https:\/\/pducredits.com\/es\/wp-json\/wp\/v2\/users\/2"}],"replies":[{"embeddable":true,"href":"https:\/\/pducredits.com\/es\/wp-json\/wp\/v2\/comments?post=1040"}],"version-history":[{"count":1,"href":"https:\/\/pducredits.com\/es\/wp-json\/wp\/v2\/pages\/1040\/revisions"}],"predecessor-version":[{"id":1653,"href":"https:\/\/pducredits.com\/es\/wp-json\/wp\/v2\/pages\/1040\/revisions\/1653"}],"wp:attachment":[{"href":"https:\/\/pducredits.com\/es\/wp-json\/wp\/v2\/media?parent=1040"}],"curies":[{"name":"wp","href":"https:\/\/api.w.org\/{rel}","templated":true}]}}