{"id":1047,"date":"2025-12-13T16:48:50","date_gmt":"2025-12-13T20:48:50","guid":{"rendered":"https:\/\/pducredits.com\/terminos-y-condiciones\/"},"modified":"2025-12-13T16:48:50","modified_gmt":"2025-12-13T20:48:50","slug":"terminos-y-condiciones","status":"publish","type":"page","link":"https:\/\/pducredits.com\/es\/terminos-y-condiciones\/","title":{"rendered":"T\u00e9rminos y condiciones"},"content":{"rendered":"\n<p><strong>1. Introducci\u00f3n<\/strong><\/p>\n<p>El sitio web y las aplicaciones m\u00f3viles de PDU Credits (contenido digital) son operados por PDU Credits LLC (PDU Credits). Los t\u00e9rminos \u201cnosotros\u201d, \u201cnos\u201d y \u201cnuestro\u201d se refieren a PDU Credits. El uso de nuestro contenido digital est\u00e1 sujeto a los siguientes t\u00e9rminos y condiciones de uso, que se modifican peri\u00f3dicamente (los \u201cT\u00e9rminos\u201d). Los T\u00e9rminos deben ser le\u00eddos conjuntamente con cualquier t\u00e9rmino, condici\u00f3n o descargo de responsabilidad proporcionado en las p\u00e1ginas de nuestro contenido digital. Por favor, revise los T\u00e9rminos cuidadosamente. Los T\u00e9rminos se aplican a todos los usuarios de nuestro contenido digital, incluidos, entre otros, los usuarios que son navegadores, clientes, comerciantes, vendedores y\/o contribuyentes de contenido. Si accede y utiliza nuestro contenido digital, acepta y se compromete a estar sujeto a los T\u00e9rminos y a nuestra Pol\u00edtica de privacidad, y a cumplirlos. Si no est\u00e1 de acuerdo con los T\u00e9rminos o con nuestra Pol\u00edtica de privacidad, no est\u00e1 autorizado a utilizar ninguno de nuestros contenidos ni a realizar pedidos de nuestros productos.       <\/p>\n<p><strong>2. Uso de nuestro contenido digital<\/strong><\/p>\n<p><strong> <\/strong>Usted se compromete a utilizar nuestro contenido digital para fines leg\u00edtimos y no para ning\u00fan prop\u00f3sito ilegal o no autorizado, incluyendo, entre otros, la violaci\u00f3n de cualquier ley de propiedad intelectual o de privacidad. Al aceptar los T\u00e9rminos, usted declara y garantiza que tiene al menos la mayor\u00eda de edad en su estado o provincia de residencia y que es legalmente capaz de celebrar un contrato vinculante. <\/p>\n<p>Usted se compromete a no utilizar nuestro contenido digital para llevar a cabo ninguna actividad que constituya un delito civil o penal o que viole alguna ley. Usted se compromete a no intentar interferir con nuestra red digital o con las funciones de seguridad, ni a obtener acceso no autorizado a nuestros sistemas. <\/p>\n<p>Usted se compromete a proporcionarnos informaci\u00f3n personal precisa, como su direcci\u00f3n de correo electr\u00f3nico, direcci\u00f3n postal y otros datos de contacto, con el fin de completar su pedido o ponernos en contacto con usted cuando sea necesario. Usted se compromete a actualizar puntualmente su cuenta e informaci\u00f3n. Usted nos autoriza a recopilar y utilizar esta informaci\u00f3n para ponernos en contacto con usted de acuerdo con nuestra Pol\u00edtica de privacidad.  <\/p>\n<p><strong>3. Condiciones generales<\/strong><strong> <\/strong><\/p>\n<p>Nos reservamos el derecho a denegar el servicio a cualquier persona, en cualquier momento y por cualquier motivo. Nos reservamos el derecho a realizar cualquier modificaci\u00f3n en el contenido digital, incluyendo la terminaci\u00f3n, el cambio, la suspensi\u00f3n o la interrupci\u00f3n de cualquier aspecto del contenido digital en cualquier momento, sin previo aviso. Podemos imponer normas o l\u00edmites adicionales en el uso de nuestro contenido digital. Usted se compromete a revisar los T\u00e9rminos regularmente y su acceso o uso continuado de nuestro contenido digital significar\u00e1 que est\u00e1 de acuerdo con cualquier cambio.   <\/p>\n<p>Usted acepta que no seremos responsables ante usted ni ante ning\u00fan tercero por cualquier modificaci\u00f3n, suspensi\u00f3n o interrupci\u00f3n de nuestro contenido digital o por cualquier servicio, contenido, funci\u00f3n o producto ofrecido.<\/p>\n<p><strong>4. Productos o servicios<\/strong><strong> <\/strong><\/p>\n<p>Todas las compras realizadas a trav\u00e9s de nuestros sitios digitales est\u00e1n sujetas a la disponibilidad del producto. Podemos, a nuestra entera discreci\u00f3n, limitar o cancelar las cantidades ofrecidas en nuestro contenido digital o limitar las ventas de nuestros productos o servicios a cualquier persona, hogar, regi\u00f3n geogr\u00e1fica o jurisdicci\u00f3n. <\/p>\n<p>Los precios de nuestros productos est\u00e1n sujetos a cambios sin previo aviso. A menos que se indique lo contrario, los precios mostrados en nuestros sitios est\u00e1n cotizados en d\u00f3lares canadienses. <\/p>\n<p>Nos reservamos el derecho, a nuestra entera discreci\u00f3n, de rechazar pedidos, incluyendo, entre otros, los pedidos que parezcan ser realizados por distribuidores o revendedores. Si creemos que ha realizado un pedido falso o fraudulento, tendremos derecho a cancelar el pedido e informar a las autoridades competentes. <\/p>\n<p>No garantizamos la exactitud del color o el dise\u00f1o de los productos en nuestro contenido digital. Hemos hecho todo lo posible para garantizar que el color y el dise\u00f1o de nuestros productos se muestren con la mayor precisi\u00f3n posible en nuestro contenido digital. <\/p>\n<p><strong>5. Enlaces a sitios web de terceros<\/strong><\/p>\n<p><strong> <\/strong>Los enlaces desde o hacia sitios web ajenos a nuestro contenido digital est\u00e1n destinados \u00fanicamente a su comodidad. No revisamos, respaldamos, aprobamos ni controlamos, y no somos responsables de ning\u00fan sitio enlazado desde o hacia nuestro contenido digital, del contenido de esos sitios, de los terceros nombrados en ellos, ni de sus productos y servicios. La conexi\u00f3n con cualquier otro sitio es a su propio riesgo y no seremos responsables de ning\u00fan da\u00f1o en relaci\u00f3n con la conexi\u00f3n. Los enlaces a sitios de software descargable son \u00fanicamente para su comodidad y no somos responsables de ninguna dificultad o consecuencia asociada a la descarga del software. El uso de cualquier software descargado se rige por los t\u00e9rminos del acuerdo de licencia, si lo hay, que acompa\u00f1a o se proporciona con el software.    <\/p>\n<p><strong>6. Uso de comentarios, opiniones y otros env\u00edos<\/strong><\/p>\n<p>Usted reconoce que es responsable de la informaci\u00f3n, los perfiles, las opiniones, los mensajes, los comentarios y cualquier otro contenido (colectivamente, el \u201cContenido\u201d) que publique, distribuya o comparta en o a trav\u00e9s de nuestro contenido digital o de los servicios disponibles en relaci\u00f3n con nuestro contenido digital. Adem\u00e1s, reconoce que tiene toda la responsabilidad sobre el Contenido, incluyendo, entre otros, con respecto a su legalidad, y a su marca comercial, derechos de autor y otros derechos de propiedad intelectual. <\/p>\n<p>Usted acepta que cualquier Contenido enviado por usted en respuesta a una solicitud nuestra de un env\u00edo espec\u00edfico puede ser editado, adaptado, modificado, recreado, publicado o distribuido por nosotros. Adem\u00e1s, acepta que no estamos obligados a mantener la confidencialidad de ning\u00fan Contenido, a pagar una compensaci\u00f3n por cualquier Contenido o a responder a cualquier Contenido. <\/p>\n<p>Usted se compromete a no publicar, distribuir o compartir ning\u00fan Contenido en nuestro contenido digital que est\u00e9 protegido por derechos de autor, marca comercial, patente o cualquier otro derecho de propiedad sin el consentimiento expreso del propietario de dicho derecho de propiedad. Adem\u00e1s, acepta que su Contenido no ser\u00e1 ilegal, abusivo u obsceno, ni contendr\u00e1 ning\u00fan malware o virus inform\u00e1tico que pueda afectar a nuestras operaciones. Usted ser\u00e1 el \u00fanico responsable de cualquier Contenido que realice y de su exactitud. No tenemos ninguna responsabilidad y no asumimos ninguna responsabilidad por cualquier Contenido publicado por usted o por cualquier tercero.   <\/p>\n<p>Nos reservamos el derecho a cancelar su capacidad de publicar en nuestro contenido digital y a eliminar y\/o suprimir cualquier Contenido que consideremos objetable. Usted consiente dicha eliminaci\u00f3n y\/o supresi\u00f3n y renuncia a cualquier reclamaci\u00f3n contra nosotros por la eliminaci\u00f3n y\/o supresi\u00f3n de su Contenido. <\/p>\n<p><strong>7. Su informaci\u00f3n personal<\/strong><\/p>\n<p>Por favor, consulte nuestra Pol\u00edtica de privacidad para saber c\u00f3mo recopilamos, utilizamos y compartimos su informaci\u00f3n personal.<\/p>\n<p><strong>8. Errores y omisiones<\/strong><\/p>\n<p>Tenga en cuenta que nuestro contenido digital puede contener errores tipogr\u00e1ficos o inexactitudes y puede no estar completo o actualizado. Nos reservamos el derecho a corregir cualquier error, inexactitud u omisi\u00f3n y a cambiar o actualizar la informaci\u00f3n en cualquier momento, sin previo aviso (incluso despu\u00e9s de que se haya enviado un pedido). Dichos errores, inexactitudes u omisiones pueden estar relacionados con la descripci\u00f3n del producto, el precio, la promoci\u00f3n y la disponibilidad, y nos reservamos el derecho a cancelar o rechazar cualquier pedido realizado bas\u00e1ndose en informaci\u00f3n incorrecta sobre el precio o la disponibilidad, en la medida en que lo permita la legislaci\u00f3n aplicable.  <\/p>\n<p>No nos comprometemos a actualizar, modificar o aclarar la informaci\u00f3n de nuestro contenido digital, salvo que lo exija la ley.<\/p>\n<p><strong>9. Descargo de responsabilidad y limitaci\u00f3n de responsabilidad<\/strong><\/p>\n<p>Usted asume toda la responsabilidad y el riesgo con respecto a su uso de nuestro contenido digital, que se proporciona \u201ctal cual\u201d sin garant\u00edas, representaciones o condiciones de ning\u00fan tipo, ya sean expresas o impl\u00edcitas, con respecto a la informaci\u00f3n a la que se accede desde o a trav\u00e9s de nuestro contenido digital, incluyendo, entre otros, todo el contenido y los materiales, y las funciones y los servicios proporcionados en nuestro contenido digital, todos los cuales se proporcionan sin garant\u00eda de ning\u00fan tipo, incluyendo, entre otros, las garant\u00edas relativas a la disponibilidad, exactitud, integridad o utilidad del contenido o la informaci\u00f3n, el acceso ininterrumpido y cualquier garant\u00eda de t\u00edtulo, no infracci\u00f3n, comerciabilidad o idoneidad para un prop\u00f3sito particular. No garantizamos que nuestro contenido digital o su funcionamiento o el contenido y el material de los servicios puestos a disposici\u00f3n por el mismo sean oportunos, seguros, ininterrumpidos o est\u00e9n libres de errores, que los defectos se corrijan, o que nuestro contenido digital, o los servidores que hacen que nuestro contenido digital est\u00e9 disponible, est\u00e9n libres de virus u otros componentes da\u00f1inos. <\/p>\n<p>El uso de nuestro contenido digital es a su propio riesgo y usted asume toda la responsabilidad por cualquier coste asociado a su uso de nuestro contenido digital. No seremos responsables de ning\u00fan da\u00f1o de ning\u00fan tipo relacionado con el uso de nuestro contenido digital. <\/p>\n<p>En ning\u00fan caso nosotros, ni nuestros afiliados, nuestros o sus respectivos proveedores de contenido o servicios, ni ninguno de nuestros o sus respectivos directores, funcionarios, agentes, contratistas, proveedores o empleados seremos responsables ante usted por ning\u00fan da\u00f1o directo, indirecto, especial, incidental, consecuencial, ejemplar o punitivo, p\u00e9rdidas o causas de acci\u00f3n, o p\u00e9rdida de ingresos, p\u00e9rdida de beneficios, p\u00e9rdida de negocios o ventas, o cualquier otro tipo de da\u00f1o, ya sea basado en contrato o agravio (incluyendo negligencia), responsabilidad estricta o de otro tipo, que surja de su uso de, o la imposibilidad de usar, o el rendimiento de, nuestro contenido digital o el contenido o material o funcionalidad a trav\u00e9s de nuestro contenido digital, incluso si se nos advierte de la posibilidad de tales da\u00f1os.<\/p>\n<p>Ciertas jurisdicciones no permiten la limitaci\u00f3n de la responsabilidad o la exclusi\u00f3n o limitaci\u00f3n de ciertos da\u00f1os. En tales jurisdicciones, algunas o todas las renuncias, exclusiones o limitaciones anteriores pueden no aplicarse a usted y nuestra responsabilidad se limitar\u00e1 en la medida m\u00e1xima permitida por la ley. <\/p>\n<p><strong>10. Indemnizaci\u00f3n<\/strong><strong> <\/strong><\/p>\n<p>Usted se compromete a defendernos e indemnizarnos, y a mantenernos a nosotros y a nuestros afiliados indemnes, y a nuestros y sus respectivos directores, funcionarios, agentes, contratistas y empleados contra cualquier p\u00e9rdida, responsabilidad, reclamaci\u00f3n, gasto (incluidos los honorarios legales) que surja de cualquier manera de, est\u00e9 relacionado con o en conexi\u00f3n con su uso de nuestro contenido digital, su violaci\u00f3n de los T\u00e9rminos, o la publicaci\u00f3n o transmisi\u00f3n de cualquier material en o a trav\u00e9s del contenido digital por usted, incluyendo, pero no limitado a, cualquier reclamaci\u00f3n de terceros de que cualquier informaci\u00f3n o material proporcionado por usted infringe cualquier derecho de propiedad de terceros.<\/p>\n<p><strong>11. Acuerdo completo<\/strong><\/p>\n<p>Los T\u00e9rminos y cualquier documento al que se haga referencia expresa en ellos representan el acuerdo completo entre usted y nosotros en relaci\u00f3n con el objeto de los T\u00e9rminos y sustituyen a cualquier acuerdo, entendimiento o arreglo previo entre usted y nosotros, ya sea oral o escrito. Tanto usted como nosotros reconocemos que, al celebrar estos T\u00e9rminos, ni usted ni nosotros hemos confiado en ninguna representaci\u00f3n, compromiso o promesa dada por el otro o impl\u00edcita de algo dicho o escrito entre usted y nosotros antes de dichos T\u00e9rminos, excepto lo que se establece expresamente en los T\u00e9rminos. <\/p>\n<p><strong>12. Renuncia<\/strong><\/p>\n<p>Nuestro fracaso en el ejercicio o la aplicaci\u00f3n de cualquier derecho o disposici\u00f3n de los T\u00e9rminos no constituir\u00e1 una renuncia a dicho derecho o disposici\u00f3n. Una renuncia por nuestra parte a cualquier incumplimiento no constituir\u00e1 una renuncia a cualquier incumplimiento posterior. Ninguna renuncia por nuestra parte es efectiva a menos que se le comunique por escrito.  <\/p>\n<p><strong>13. Encabezados<\/strong><\/p>\n<p>Todos los encabezados y t\u00edtulos aqu\u00ed contenidos son solo por conveniencia.<\/p>\n<p><strong>14. Divisibilidad<\/strong><\/p>\n<p><strong> <\/strong>Si alguna de las disposiciones de los T\u00e9rminos es determinada por cualquier autoridad competente como inv\u00e1lida, ilegal o inaplicable, dicha disposici\u00f3n se separar\u00e1 en esa medida de los T\u00e9rminos restantes, que seguir\u00e1n siendo v\u00e1lidos y aplicables en la m\u00e1xima medida permitida por la ley.<\/p>\n<p><strong>15. Ley aplicable<\/strong><\/p>\n<p><strong> <\/strong>Cualquier disputa que surja de o est\u00e9 relacionada con los T\u00e9rminos, la Pol\u00edtica de privacidad, el uso de nuestro contenido digital, o nuestros productos o servicios ofrecidos en nuestro contenido digital se resolver\u00e1 de acuerdo con las leyes aplicables sin tener en cuenta sus normas de conflicto de leyes. Cualquier disputa, acci\u00f3n o procedimiento relacionado con los T\u00e9rminos o su acceso o uso de nuestro contenido digital debe ser presentado ante los tribunales del Estado de Wisconsin, Estados Unidos, <strong> <\/strong>y usted consiente irrevocablemente la jurisdicci\u00f3n y el lugar exclusivo de dichos tribunales.<\/p>\n<p><strong>16. Preguntas o inquietudes<\/strong><\/p>\n<p>Por favor, env\u00ede todas las preguntas, comentarios y opiniones a trav\u00e9s de la p\u00e1gina web Cont\u00e1ctenos o por correo electr\u00f3nico a admin @ pducredits.com.<\/p>\n","protected":false},"excerpt":{"rendered":"<p>1. Introducci\u00f3n El sitio web y las aplicaciones m\u00f3viles de PDU Credits (contenido digital) son operados por PDU Credits LLC (PDU Credits). Los t\u00e9rminos \u201cnosotros\u201d, \u201cnos\u201d y \u201cnuestro\u201d se refieren a PDU Credits. El uso de nuestro contenido digital est\u00e1 sujeto a los siguientes t\u00e9rminos y condiciones de uso, que se modifican peri\u00f3dicamente (los \u201cT\u00e9rminos\u201d). [&hellip;]<\/p>\n","protected":false},"author":1,"featured_media":0,"parent":0,"menu_order":0,"comment_status":"closed","ping_status":"closed","template":"","meta":{"footnotes":""},"class_list":["post-1047","page","type-page","status-publish","hentry"],"acf":[],"yoast_head":"<!-- This site is optimized with the Yoast SEO plugin v27.3 - https:\/\/yoast.com\/product\/yoast-seo-wordpress\/ -->\n<title>T\u00e9rminos y condiciones - PDU Credits LLC<\/title>\n<meta name=\"robots\" content=\"index, follow, max-snippet:-1, max-image-preview:large, max-video-preview:-1\" \/>\n<link rel=\"canonical\" href=\"https:\/\/pducredits.com\/es\/terminos-y-condiciones\/\" \/>\n<meta property=\"og:locale\" content=\"es_ES\" \/>\n<meta property=\"og:type\" content=\"article\" \/>\n<meta property=\"og:title\" content=\"T\u00e9rminos y condiciones - PDU Credits LLC\" \/>\n<meta property=\"og:description\" content=\"1. Introducci\u00f3n El sitio web y las aplicaciones m\u00f3viles de PDU Credits (contenido digital) son operados por PDU Credits LLC (PDU Credits). Los t\u00e9rminos \u201cnosotros\u201d, \u201cnos\u201d y \u201cnuestro\u201d se refieren a PDU Credits. El uso de nuestro contenido digital est\u00e1 sujeto a los siguientes t\u00e9rminos y condiciones de uso, que se modifican peri\u00f3dicamente (los \u201cT\u00e9rminos\u201d). [&hellip;]\" \/>\n<meta property=\"og:url\" content=\"https:\/\/pducredits.com\/es\/terminos-y-condiciones\/\" \/>\n<meta property=\"og:site_name\" content=\"PDU Credits LLC\" \/>\n<meta property=\"article:publisher\" content=\"https:\/\/www.facebook.com\/profile.php?id=61584963837286\" \/>\n<meta name=\"twitter:card\" content=\"summary_large_image\" \/>\n<meta name=\"twitter:site\" content=\"@pdu_credits_llc\" \/>\n<meta name=\"twitter:label1\" content=\"Tiempo de lectura\" \/>\n\t<meta name=\"twitter:data1\" content=\"11 minuto\" \/>\n<script type=\"application\/ld+json\" class=\"yoast-schema-graph\">{\"@context\":\"https:\\\/\\\/schema.org\",\"@graph\":[{\"@type\":\"WebPage\",\"@id\":\"https:\\\/\\\/pducredits.com\\\/es\\\/terminos-y-condiciones\\\/\",\"url\":\"https:\\\/\\\/pducredits.com\\\/es\\\/terminos-y-condiciones\\\/\",\"name\":\"T\u00e9rminos y condiciones - PDU Credits LLC\",\"isPartOf\":{\"@id\":\"https:\\\/\\\/pducredits.com\\\/es\\\/#website\"},\"datePublished\":\"2025-12-13T20:48:50+00:00\",\"breadcrumb\":{\"@id\":\"https:\\\/\\\/pducredits.com\\\/es\\\/terminos-y-condiciones\\\/#breadcrumb\"},\"inLanguage\":\"es\",\"potentialAction\":[{\"@type\":\"ReadAction\",\"target\":[\"https:\\\/\\\/pducredits.com\\\/es\\\/terminos-y-condiciones\\\/\"]}]},{\"@type\":\"BreadcrumbList\",\"@id\":\"https:\\\/\\\/pducredits.com\\\/es\\\/terminos-y-condiciones\\\/#breadcrumb\",\"itemListElement\":[{\"@type\":\"ListItem\",\"position\":1,\"name\":\"Inicio\",\"item\":\"https:\\\/\\\/pducredits.com\\\/es\\\/home\\\/\"},{\"@type\":\"ListItem\",\"position\":2,\"name\":\"T\u00e9rminos y condiciones\"}]},{\"@type\":\"WebSite\",\"@id\":\"https:\\\/\\\/pducredits.com\\\/es\\\/#website\",\"url\":\"https:\\\/\\\/pducredits.com\\\/es\\\/\",\"name\":\"PDU Credits\",\"description\":\"Cursos online para PDUs para la renovaci\u00f3n de PMP\",\"publisher\":{\"@id\":\"https:\\\/\\\/pducredits.com\\\/es\\\/#organization\"},\"potentialAction\":[{\"@type\":\"SearchAction\",\"target\":{\"@type\":\"EntryPoint\",\"urlTemplate\":\"https:\\\/\\\/pducredits.com\\\/es\\\/?s={search_term_string}\"},\"query-input\":{\"@type\":\"PropertyValueSpecification\",\"valueRequired\":true,\"valueName\":\"search_term_string\"}}],\"inLanguage\":\"es\"},{\"@type\":\"Organization\",\"@id\":\"https:\\\/\\\/pducredits.com\\\/es\\\/#organization\",\"name\":\"PDU Credits LLC\",\"url\":\"https:\\\/\\\/pducredits.com\\\/es\\\/\",\"logo\":{\"@type\":\"ImageObject\",\"inLanguage\":\"es\",\"@id\":\"https:\\\/\\\/pducredits.com\\\/es\\\/#\\\/schema\\\/logo\\\/image\\\/\",\"url\":\"https:\\\/\\\/pducredits.com\\\/wp-content\\\/uploads\\\/2025\\\/12\\\/ftr-logo-4.svg\",\"contentUrl\":\"https:\\\/\\\/pducredits.com\\\/wp-content\\\/uploads\\\/2025\\\/12\\\/ftr-logo-4.svg\",\"width\":1,\"height\":1,\"caption\":\"PDU Credits LLC\"},\"image\":{\"@id\":\"https:\\\/\\\/pducredits.com\\\/es\\\/#\\\/schema\\\/logo\\\/image\\\/\"},\"sameAs\":[\"https:\\\/\\\/www.facebook.com\\\/profile.php?id=61584963837286\",\"https:\\\/\\\/x.com\\\/pdu_credits_llc\",\"https:\\\/\\\/www.linkedin.com\\\/company\\\/pdu-credits-llc\\\/\",\"https:\\\/\\\/www.youtube.com\\\/@PDUCredits\",\"https:\\\/\\\/www.tiktok.com\\\/@pducredits\",\"https:\\\/\\\/www.instagram.com\\\/pducredits\\\/\"]}]}<\/script>\n<!-- \/ Yoast SEO plugin. -->","yoast_head_json":{"title":"T\u00e9rminos y condiciones - PDU Credits LLC","robots":{"index":"index","follow":"follow","max-snippet":"max-snippet:-1","max-image-preview":"max-image-preview:large","max-video-preview":"max-video-preview:-1"},"canonical":"https:\/\/pducredits.com\/es\/terminos-y-condiciones\/","og_locale":"es_ES","og_type":"article","og_title":"T\u00e9rminos y condiciones - PDU Credits LLC","og_description":"1. Introducci\u00f3n El sitio web y las aplicaciones m\u00f3viles de PDU Credits (contenido digital) son operados por PDU Credits LLC (PDU Credits). Los t\u00e9rminos \u201cnosotros\u201d, \u201cnos\u201d y \u201cnuestro\u201d se refieren a PDU Credits. El uso de nuestro contenido digital est\u00e1 sujeto a los siguientes t\u00e9rminos y condiciones de uso, que se modifican peri\u00f3dicamente (los \u201cT\u00e9rminos\u201d). [&hellip;]","og_url":"https:\/\/pducredits.com\/es\/terminos-y-condiciones\/","og_site_name":"PDU Credits LLC","article_publisher":"https:\/\/www.facebook.com\/profile.php?id=61584963837286","twitter_card":"summary_large_image","twitter_site":"@pdu_credits_llc","twitter_misc":{"Tiempo de lectura":"11 minuto"},"schema":{"@context":"https:\/\/schema.org","@graph":[{"@type":"WebPage","@id":"https:\/\/pducredits.com\/es\/terminos-y-condiciones\/","url":"https:\/\/pducredits.com\/es\/terminos-y-condiciones\/","name":"T\u00e9rminos y condiciones - PDU Credits LLC","isPartOf":{"@id":"https:\/\/pducredits.com\/es\/#website"},"datePublished":"2025-12-13T20:48:50+00:00","breadcrumb":{"@id":"https:\/\/pducredits.com\/es\/terminos-y-condiciones\/#breadcrumb"},"inLanguage":"es","potentialAction":[{"@type":"ReadAction","target":["https:\/\/pducredits.com\/es\/terminos-y-condiciones\/"]}]},{"@type":"BreadcrumbList","@id":"https:\/\/pducredits.com\/es\/terminos-y-condiciones\/#breadcrumb","itemListElement":[{"@type":"ListItem","position":1,"name":"Inicio","item":"https:\/\/pducredits.com\/es\/home\/"},{"@type":"ListItem","position":2,"name":"T\u00e9rminos y condiciones"}]},{"@type":"WebSite","@id":"https:\/\/pducredits.com\/es\/#website","url":"https:\/\/pducredits.com\/es\/","name":"PDU Credits","description":"Cursos online para PDUs para la renovaci\u00f3n de PMP","publisher":{"@id":"https:\/\/pducredits.com\/es\/#organization"},"potentialAction":[{"@type":"SearchAction","target":{"@type":"EntryPoint","urlTemplate":"https:\/\/pducredits.com\/es\/?s={search_term_string}"},"query-input":{"@type":"PropertyValueSpecification","valueRequired":true,"valueName":"search_term_string"}}],"inLanguage":"es"},{"@type":"Organization","@id":"https:\/\/pducredits.com\/es\/#organization","name":"PDU Credits LLC","url":"https:\/\/pducredits.com\/es\/","logo":{"@type":"ImageObject","inLanguage":"es","@id":"https:\/\/pducredits.com\/es\/#\/schema\/logo\/image\/","url":"https:\/\/pducredits.com\/wp-content\/uploads\/2025\/12\/ftr-logo-4.svg","contentUrl":"https:\/\/pducredits.com\/wp-content\/uploads\/2025\/12\/ftr-logo-4.svg","width":1,"height":1,"caption":"PDU Credits LLC"},"image":{"@id":"https:\/\/pducredits.com\/es\/#\/schema\/logo\/image\/"},"sameAs":["https:\/\/www.facebook.com\/profile.php?id=61584963837286","https:\/\/x.com\/pdu_credits_llc","https:\/\/www.linkedin.com\/company\/pdu-credits-llc\/","https:\/\/www.youtube.com\/@PDUCredits","https:\/\/www.tiktok.com\/@pducredits","https:\/\/www.instagram.com\/pducredits\/"]}]}},"_links":{"self":[{"href":"https:\/\/pducredits.com\/es\/wp-json\/wp\/v2\/pages\/1047","targetHints":{"allow":["GET"]}}],"collection":[{"href":"https:\/\/pducredits.com\/es\/wp-json\/wp\/v2\/pages"}],"about":[{"href":"https:\/\/pducredits.com\/es\/wp-json\/wp\/v2\/types\/page"}],"author":[{"embeddable":true,"href":"https:\/\/pducredits.com\/es\/wp-json\/wp\/v2\/users\/1"}],"replies":[{"embeddable":true,"href":"https:\/\/pducredits.com\/es\/wp-json\/wp\/v2\/comments?post=1047"}],"version-history":[{"count":0,"href":"https:\/\/pducredits.com\/es\/wp-json\/wp\/v2\/pages\/1047\/revisions"}],"wp:attachment":[{"href":"https:\/\/pducredits.com\/es\/wp-json\/wp\/v2\/media?parent=1047"}],"curies":[{"name":"wp","href":"https:\/\/api.w.org\/{rel}","templated":true}]}}