{"id":977,"date":"2025-11-28T07:03:47","date_gmt":"2025-11-28T11:03:47","guid":{"rendered":"https:\/\/pducredits.com\/catalogo-de-cursos\/"},"modified":"2025-11-28T07:03:47","modified_gmt":"2025-11-28T11:03:47","slug":"catalogo-de-cursos","status":"publish","type":"page","link":"https:\/\/pducredits.com\/es\/catalogo-de-cursos\/","title":{"rendered":"Cat\u00e1logo de cursos"},"content":{"rendered":"<p><!--\n\n\n<h2>Course material is yours to keep and reference on your next project!<\/h2>\n\n\n--><\/p>\n","protected":false},"excerpt":{"rendered":"","protected":false},"author":2,"featured_media":0,"parent":0,"menu_order":0,"comment_status":"closed","ping_status":"closed","template":"templates\/course.php","meta":{"footnotes":""},"class_list":["post-977","page","type-page","status-publish","hentry"],"acf":[],"yoast_head":"<!-- This site is optimized with the Yoast SEO plugin v27.3 - https:\/\/yoast.com\/product\/yoast-seo-wordpress\/ -->\n<title>Cat\u00e1logo de cursos - Cursos pr\u00e1cticos de gesti\u00f3n de proyectos - PDU Credits LLC<\/title>\n<meta name=\"description\" content=\"Impulse su carrera con cursos pr\u00e1cticos de gesti\u00f3n de proyectos que le preparan para el \u00e9xito. Obtenga las PDU que necesita en las tres \u00e1reas de talento\" \/>\n<meta name=\"robots\" content=\"index, follow, max-snippet:-1, max-image-preview:large, max-video-preview:-1\" \/>\n<link rel=\"canonical\" href=\"https:\/\/pducredits.com\/es\/catalogo-de-cursos\/\" \/>\n<meta property=\"og:locale\" content=\"es_ES\" \/>\n<meta property=\"og:type\" content=\"article\" \/>\n<meta property=\"og:title\" content=\"Cat\u00e1logo de cursos - Cursos pr\u00e1cticos de gesti\u00f3n de proyectos - PDU Credits LLC\" \/>\n<meta property=\"og:description\" content=\"Impulse su carrera con cursos pr\u00e1cticos de gesti\u00f3n de proyectos que le preparan para el \u00e9xito. Obtenga las PDU que necesita en las tres \u00e1reas de talento\" \/>\n<meta property=\"og:url\" content=\"https:\/\/pducredits.com\/es\/catalogo-de-cursos\/\" \/>\n<meta property=\"og:site_name\" content=\"PDU Credits LLC\" \/>\n<meta property=\"article:publisher\" content=\"https:\/\/www.facebook.com\/profile.php?id=61584963837286\" \/>\n<meta name=\"twitter:card\" content=\"summary_large_image\" \/>\n<meta name=\"twitter:site\" content=\"@pdu_credits_llc\" \/>\n<script type=\"application\/ld+json\" class=\"yoast-schema-graph\">{\"@context\":\"https:\\\/\\\/schema.org\",\"@graph\":[{\"@type\":\"WebPage\",\"@id\":\"https:\\\/\\\/pducredits.com\\\/es\\\/catalogo-de-cursos\\\/\",\"url\":\"https:\\\/\\\/pducredits.com\\\/es\\\/catalogo-de-cursos\\\/\",\"name\":\"Cat\u00e1logo de cursos - Cursos pr\u00e1cticos de gesti\u00f3n de proyectos - PDU Credits LLC\",\"isPartOf\":{\"@id\":\"https:\\\/\\\/pducredits.com\\\/es\\\/#website\"},\"datePublished\":\"2025-11-28T11:03:47+00:00\",\"description\":\"Impulse su carrera con cursos pr\u00e1cticos de gesti\u00f3n de proyectos que le preparan para el \u00e9xito. Obtenga las PDU que necesita en las tres \u00e1reas de talento\",\"breadcrumb\":{\"@id\":\"https:\\\/\\\/pducredits.com\\\/es\\\/catalogo-de-cursos\\\/#breadcrumb\"},\"inLanguage\":\"es\",\"potentialAction\":[{\"@type\":\"ReadAction\",\"target\":[\"https:\\\/\\\/pducredits.com\\\/es\\\/catalogo-de-cursos\\\/\"]}]},{\"@type\":\"BreadcrumbList\",\"@id\":\"https:\\\/\\\/pducredits.com\\\/es\\\/catalogo-de-cursos\\\/#breadcrumb\",\"itemListElement\":[{\"@type\":\"ListItem\",\"position\":1,\"name\":\"Inicio\",\"item\":\"https:\\\/\\\/pducredits.com\\\/es\\\/home\\\/\"},{\"@type\":\"ListItem\",\"position\":2,\"name\":\"Cat\u00e1logo de cursos\"}]},{\"@type\":\"WebSite\",\"@id\":\"https:\\\/\\\/pducredits.com\\\/es\\\/#website\",\"url\":\"https:\\\/\\\/pducredits.com\\\/es\\\/\",\"name\":\"PDU Credits\",\"description\":\"Cursos online para PDUs para la renovaci\u00f3n de PMP\",\"publisher\":{\"@id\":\"https:\\\/\\\/pducredits.com\\\/es\\\/#organization\"},\"potentialAction\":[{\"@type\":\"SearchAction\",\"target\":{\"@type\":\"EntryPoint\",\"urlTemplate\":\"https:\\\/\\\/pducredits.com\\\/es\\\/?s={search_term_string}\"},\"query-input\":{\"@type\":\"PropertyValueSpecification\",\"valueRequired\":true,\"valueName\":\"search_term_string\"}}],\"inLanguage\":\"es\"},{\"@type\":\"Organization\",\"@id\":\"https:\\\/\\\/pducredits.com\\\/es\\\/#organization\",\"name\":\"PDU Credits LLC\",\"url\":\"https:\\\/\\\/pducredits.com\\\/es\\\/\",\"logo\":{\"@type\":\"ImageObject\",\"inLanguage\":\"es\",\"@id\":\"https:\\\/\\\/pducredits.com\\\/es\\\/#\\\/schema\\\/logo\\\/image\\\/\",\"url\":\"https:\\\/\\\/pducredits.com\\\/wp-content\\\/uploads\\\/2025\\\/12\\\/ftr-logo-4.svg\",\"contentUrl\":\"https:\\\/\\\/pducredits.com\\\/wp-content\\\/uploads\\\/2025\\\/12\\\/ftr-logo-4.svg\",\"width\":1,\"height\":1,\"caption\":\"PDU Credits LLC\"},\"image\":{\"@id\":\"https:\\\/\\\/pducredits.com\\\/es\\\/#\\\/schema\\\/logo\\\/image\\\/\"},\"sameAs\":[\"https:\\\/\\\/www.facebook.com\\\/profile.php?id=61584963837286\",\"https:\\\/\\\/x.com\\\/pdu_credits_llc\",\"https:\\\/\\\/www.linkedin.com\\\/company\\\/pdu-credits-llc\\\/\",\"https:\\\/\\\/www.youtube.com\\\/@PDUCredits\",\"https:\\\/\\\/www.tiktok.com\\\/@pducredits\",\"https:\\\/\\\/www.instagram.com\\\/pducredits\\\/\"]}]}<\/script>\n<!-- \/ Yoast SEO plugin. -->","yoast_head_json":{"title":"Cat\u00e1logo de cursos - Cursos pr\u00e1cticos de gesti\u00f3n de proyectos - PDU Credits LLC","description":"Impulse su carrera con cursos pr\u00e1cticos de gesti\u00f3n de proyectos que le preparan para el \u00e9xito. Obtenga las PDU que necesita en las tres \u00e1reas de talento","robots":{"index":"index","follow":"follow","max-snippet":"max-snippet:-1","max-image-preview":"max-image-preview:large","max-video-preview":"max-video-preview:-1"},"canonical":"https:\/\/pducredits.com\/es\/catalogo-de-cursos\/","og_locale":"es_ES","og_type":"article","og_title":"Cat\u00e1logo de cursos - Cursos pr\u00e1cticos de gesti\u00f3n de proyectos - PDU Credits LLC","og_description":"Impulse su carrera con cursos pr\u00e1cticos de gesti\u00f3n de proyectos que le preparan para el \u00e9xito. Obtenga las PDU que necesita en las tres \u00e1reas de talento","og_url":"https:\/\/pducredits.com\/es\/catalogo-de-cursos\/","og_site_name":"PDU Credits LLC","article_publisher":"https:\/\/www.facebook.com\/profile.php?id=61584963837286","twitter_card":"summary_large_image","twitter_site":"@pdu_credits_llc","schema":{"@context":"https:\/\/schema.org","@graph":[{"@type":"WebPage","@id":"https:\/\/pducredits.com\/es\/catalogo-de-cursos\/","url":"https:\/\/pducredits.com\/es\/catalogo-de-cursos\/","name":"Cat\u00e1logo de cursos - Cursos pr\u00e1cticos de gesti\u00f3n de proyectos - PDU Credits LLC","isPartOf":{"@id":"https:\/\/pducredits.com\/es\/#website"},"datePublished":"2025-11-28T11:03:47+00:00","description":"Impulse su carrera con cursos pr\u00e1cticos de gesti\u00f3n de proyectos que le preparan para el \u00e9xito. Obtenga las PDU que necesita en las tres \u00e1reas de talento","breadcrumb":{"@id":"https:\/\/pducredits.com\/es\/catalogo-de-cursos\/#breadcrumb"},"inLanguage":"es","potentialAction":[{"@type":"ReadAction","target":["https:\/\/pducredits.com\/es\/catalogo-de-cursos\/"]}]},{"@type":"BreadcrumbList","@id":"https:\/\/pducredits.com\/es\/catalogo-de-cursos\/#breadcrumb","itemListElement":[{"@type":"ListItem","position":1,"name":"Inicio","item":"https:\/\/pducredits.com\/es\/home\/"},{"@type":"ListItem","position":2,"name":"Cat\u00e1logo de cursos"}]},{"@type":"WebSite","@id":"https:\/\/pducredits.com\/es\/#website","url":"https:\/\/pducredits.com\/es\/","name":"PDU Credits","description":"Cursos online para PDUs para la renovaci\u00f3n de PMP","publisher":{"@id":"https:\/\/pducredits.com\/es\/#organization"},"potentialAction":[{"@type":"SearchAction","target":{"@type":"EntryPoint","urlTemplate":"https:\/\/pducredits.com\/es\/?s={search_term_string}"},"query-input":{"@type":"PropertyValueSpecification","valueRequired":true,"valueName":"search_term_string"}}],"inLanguage":"es"},{"@type":"Organization","@id":"https:\/\/pducredits.com\/es\/#organization","name":"PDU Credits LLC","url":"https:\/\/pducredits.com\/es\/","logo":{"@type":"ImageObject","inLanguage":"es","@id":"https:\/\/pducredits.com\/es\/#\/schema\/logo\/image\/","url":"https:\/\/pducredits.com\/wp-content\/uploads\/2025\/12\/ftr-logo-4.svg","contentUrl":"https:\/\/pducredits.com\/wp-content\/uploads\/2025\/12\/ftr-logo-4.svg","width":1,"height":1,"caption":"PDU Credits LLC"},"image":{"@id":"https:\/\/pducredits.com\/es\/#\/schema\/logo\/image\/"},"sameAs":["https:\/\/www.facebook.com\/profile.php?id=61584963837286","https:\/\/x.com\/pdu_credits_llc","https:\/\/www.linkedin.com\/company\/pdu-credits-llc\/","https:\/\/www.youtube.com\/@PDUCredits","https:\/\/www.tiktok.com\/@pducredits","https:\/\/www.instagram.com\/pducredits\/"]}]}},"_links":{"self":[{"href":"https:\/\/pducredits.com\/es\/wp-json\/wp\/v2\/pages\/977","targetHints":{"allow":["GET"]}}],"collection":[{"href":"https:\/\/pducredits.com\/es\/wp-json\/wp\/v2\/pages"}],"about":[{"href":"https:\/\/pducredits.com\/es\/wp-json\/wp\/v2\/types\/page"}],"author":[{"embeddable":true,"href":"https:\/\/pducredits.com\/es\/wp-json\/wp\/v2\/users\/2"}],"replies":[{"embeddable":true,"href":"https:\/\/pducredits.com\/es\/wp-json\/wp\/v2\/comments?post=977"}],"version-history":[{"count":0,"href":"https:\/\/pducredits.com\/es\/wp-json\/wp\/v2\/pages\/977\/revisions"}],"wp:attachment":[{"href":"https:\/\/pducredits.com\/es\/wp-json\/wp\/v2\/media?parent=977"}],"curies":[{"name":"wp","href":"https:\/\/api.w.org\/{rel}","templated":true}]}}