{"id":994,"date":"2025-10-30T09:08:55","date_gmt":"2025-10-30T13:08:55","guid":{"rendered":"https:\/\/pducredits.com\/politica-de-privacidad\/"},"modified":"2025-12-29T09:05:42","modified_gmt":"2025-12-29T13:05:42","slug":"politica-de-privacidad","status":"publish","type":"page","link":"https:\/\/pducredits.com\/es\/politica-de-privacidad\/","title":{"rendered":"Pol\u00edtica de privacidad"},"content":{"rendered":"<p>En PDU Credits LCC, nos comprometemos a mantener la exactitud, confidencialidad y seguridad de su informaci\u00f3n personal identificable (\u00abInformaci\u00f3n personal\u00bb). Como parte de este compromiso, nuestra pol\u00edtica de privacidad rige nuestras acciones en lo que respecta a la recopilaci\u00f3n, el uso y la divulgaci\u00f3n de informaci\u00f3n personal. <\/p>\n<p><strong>1. Introducci\u00f3n<\/strong><\/p>\n<p>Somos responsables de mantener y proteger la informaci\u00f3n personal que est\u00e1 bajo nuestro control. Hemos designado a una persona que es responsable del cumplimiento de nuestra pol\u00edtica de privacidad. <\/p>\n<p><strong>2. Identificaci\u00f3n de los fines<\/strong><\/p>\n<p>Recopilamos, utilizamos y divulgamos informaci\u00f3n personal para proporcionarle los cursos digitales (productos) que ha solicitado y para ofrecerle productos adicionales que creemos que podr\u00edan interesarle. Los fines para los que recopilamos informaci\u00f3n personal se identificar\u00e1n antes o en el momento en que recopilemos la informaci\u00f3n. En determinadas circunstancias, los fines para los que se recopila la informaci\u00f3n pueden ser claros, y el consentimiento puede estar impl\u00edcito, como cuando se proporciona su nombre, direcci\u00f3n e informaci\u00f3n de pago como parte del proceso de pedido.  <\/p>\n<p><strong>3. Consentimiento<\/strong><\/p>\n<p>Se requiere conocimiento y consentimiento para la recopilaci\u00f3n, el uso o la divulgaci\u00f3n de informaci\u00f3n personal, excepto cuando lo exija o permita la ley. Proporcionarnos su informaci\u00f3n personal es siempre su elecci\u00f3n. Sin embargo, su decisi\u00f3n de no proporcionar cierta informaci\u00f3n puede limitar nuestra capacidad de proporcionarle nuestros productos. No le exigiremos que consienta la recopilaci\u00f3n, el uso o la divulgaci\u00f3n de informaci\u00f3n como condici\u00f3n para el suministro de un producto, excepto cuando sea necesario para poder suministrar el producto.   <\/p>\n<p><strong>4. Limitaci\u00f3n de la recopilaci\u00f3n<\/strong><\/p>\n<p>La informaci\u00f3n personal recopilada se limitar\u00e1 a los datos necesarios para los fines identificados por nosotros. Con su consentimiento, podemos recopilar informaci\u00f3n personal de usted a trav\u00e9s de Internet, una aplicaci\u00f3n m\u00f3vil, por tel\u00e9fono o por correo electr\u00f3nico. <\/p>\n<p><strong>5. Limitaci\u00f3n del uso, la divulgaci\u00f3n y la retenci\u00f3n<\/strong><\/p>\n<p>La informaci\u00f3n personal solo puede utilizarse o divulgarse para el fin para el que se recopil\u00f3, a menos que usted haya dado su consentimiento de otro modo, o cuando lo exija o permita la ley. La informaci\u00f3n personal solo se conservar\u00e1 durante el per\u00edodo de tiempo necesario para cumplir el fin para el que la recopilamos o seg\u00fan lo exija la ley. <\/p>\n<p>Durante el proceso de compra y pago, la informaci\u00f3n introducida puede compartirse con Strike, PayPal u otra empresa de transacciones digitales que usted elija. Aparte de estas transacciones, PDU Credits LLC no divulga su informaci\u00f3n personal a entidades o personas externas. No conservamos datos financieros como n\u00fameros de tarjetas de cr\u00e9dito.  <\/p>\n<p><strong>6. Exactitud<\/strong><\/p>\n<p>La informaci\u00f3n personal se mantendr\u00e1 de la forma m\u00e1s precisa, completa y actualizada posible, seg\u00fan sea necesario para cumplir con los fines para los que se utilizar\u00e1.<\/p>\n<p><strong>7. Protecci\u00f3n de la informaci\u00f3n del cliente<\/strong><\/p>\n<p>La informaci\u00f3n personal estar\u00e1 protegida por medidas de seguridad que sean apropiadas para el nivel de sensibilidad de la informaci\u00f3n. Tomamos todas las precauciones razonables para proteger su informaci\u00f3n personal de cualquier p\u00e9rdida o uso no autorizado, acceso o divulgaci\u00f3n. Utilizamos software est\u00e1ndar de mantenimiento de sitios web y digital con bases de datos seguras t\u00edpicas de informaci\u00f3n limitada de los clientes.  <\/p>\n<p><strong>8. Transparencia<\/strong><\/p>\n<p>Pondremos a su disposici\u00f3n informaci\u00f3n sobre nuestras pol\u00edticas y pr\u00e1cticas con respecto a la gesti\u00f3n de su informaci\u00f3n personal.<\/p>\n<p><strong>9. Acceso del cliente<\/strong><\/p>\n<p>Previa solicitud, se le informar\u00e1 de la existencia, el uso y la divulgaci\u00f3n de su informaci\u00f3n personal, y se le dar\u00e1 acceso a ella. Puede verificar la exactitud e integridad de su informaci\u00f3n personal, y puede solicitar que se modifique, si procede. Sin embargo, en determinadas circunstancias permitidas por la ley, no divulgaremos cierta informaci\u00f3n. Por ejemplo, es posible que no divulguemos informaci\u00f3n relacionada con usted si se hace referencia a otras personas o si existen restricciones legales, de seguridad o de propiedad comercial.   <\/p>\n<p><strong>10. Tramitaci\u00f3n de quejas y sugerencias de los clientes<\/strong><\/p>\n<p>Puede dirigir cualquier pregunta o consulta con respecto a nuestra pol\u00edtica de privacidad o nuestras pr\u00e1cticas utilizando la p\u00e1gina de contacto o enviando un correo electr\u00f3nico a admin @ pducredits.com.<\/p>\n<p><strong>Informaci\u00f3n adicional<\/strong><\/p>\n<p><strong> <\/strong><em><strong>Cookies<\/strong><\/em><\/p>\n<p>Una cookie es un peque\u00f1o archivo inform\u00e1tico o una pieza de informaci\u00f3n que puede almacenarse en el disco duro de su ordenador cuando visita nuestros sitios web. Podemos utilizar cookies para mejorar la funcionalidad de nuestro sitio web y, en algunos casos, para proporcionar a los visitantes una experiencia en l\u00ednea personalizada. <\/p>\n<p>Las cookies se utilizan ampliamente y la mayor\u00eda de los navegadores web est\u00e1n configurados inicialmente para aceptar cookies autom\u00e1ticamente. Puede cambiar la configuraci\u00f3n de su navegador de Internet para evitar que su ordenador acepte cookies o para que le notifique cuando reciba una cookie para que pueda rechazar su aceptaci\u00f3n. Sin embargo, tenga en cuenta que si desactiva las cookies, es posible que no experimente un rendimiento \u00f3ptimo de nuestro sitio web.  <\/p>\n<p><em><strong>Otros sitios web<\/strong><\/em><\/p>\n<p>Nuestro sitio web y nuestros cursos pueden contener enlaces a otros sitios de terceros que no se rigen por esta pol\u00edtica de privacidad. Aunque nos esforzamos por enlazar solo a sitios con altos est\u00e1ndares de privacidad, nuestra pol\u00edtica de privacidad dejar\u00e1 de aplicarse una vez que abandone nuestro sitio web. Adem\u00e1s, no somos responsables de las pr\u00e1cticas de privacidad empleadas por los sitios web de terceros. Por lo tanto, le sugerimos que examine las declaraciones de privacidad de esos sitios para saber c\u00f3mo se puede recopilar, utilizar, compartir y divulgar su informaci\u00f3n.   <\/p>\n","protected":false},"excerpt":{"rendered":"<p>En PDU Credits LCC, nos comprometemos a mantener la exactitud, confidencialidad y seguridad de su informaci\u00f3n personal identificable (\u00abInformaci\u00f3n personal\u00bb). Como parte de este compromiso, nuestra pol\u00edtica de privacidad rige nuestras acciones en lo que respecta a la recopilaci\u00f3n, el uso y la divulgaci\u00f3n de informaci\u00f3n personal. 1. Introducci\u00f3n Somos responsables de mantener y proteger [&hellip;]<\/p>\n","protected":false},"author":1,"featured_media":0,"parent":0,"menu_order":0,"comment_status":"closed","ping_status":"open","template":"","meta":{"footnotes":""},"class_list":["post-994","page","type-page","status-publish","hentry"],"acf":[],"yoast_head":"<!-- This site is optimized with the Yoast SEO plugin v27.3 - https:\/\/yoast.com\/product\/yoast-seo-wordpress\/ -->\n<title>Pol\u00edtica de privacidad - PDU Credits LLC<\/title>\n<meta name=\"description\" content=\"Pol\u00edticas de privacidad del sitio web y las aplicaciones de PDU Credits\" \/>\n<meta name=\"robots\" content=\"index, follow, max-snippet:-1, max-image-preview:large, max-video-preview:-1\" \/>\n<link rel=\"canonical\" href=\"https:\/\/pducredits.com\/es\/politica-de-privacidad\/\" \/>\n<meta property=\"og:locale\" content=\"es_ES\" \/>\n<meta property=\"og:type\" content=\"article\" \/>\n<meta property=\"og:title\" content=\"Pol\u00edtica de privacidad - PDU Credits LLC\" \/>\n<meta property=\"og:description\" content=\"Pol\u00edticas de privacidad del sitio web y las aplicaciones de PDU Credits\" \/>\n<meta property=\"og:url\" content=\"https:\/\/pducredits.com\/es\/politica-de-privacidad\/\" \/>\n<meta property=\"og:site_name\" content=\"PDU Credits LLC\" \/>\n<meta property=\"article:publisher\" content=\"https:\/\/www.facebook.com\/profile.php?id=61584963837286\" \/>\n<meta property=\"article:modified_time\" content=\"2025-12-29T13:05:42+00:00\" \/>\n<meta name=\"twitter:card\" content=\"summary_large_image\" \/>\n<meta name=\"twitter:site\" content=\"@pdu_credits_llc\" \/>\n<meta name=\"twitter:label1\" content=\"Tiempo de lectura\" \/>\n\t<meta name=\"twitter:data1\" content=\"5 minuto\" \/>\n<script type=\"application\/ld+json\" class=\"yoast-schema-graph\">{\"@context\":\"https:\\\/\\\/schema.org\",\"@graph\":[{\"@type\":\"WebPage\",\"@id\":\"https:\\\/\\\/pducredits.com\\\/es\\\/politica-de-privacidad\\\/\",\"url\":\"https:\\\/\\\/pducredits.com\\\/es\\\/politica-de-privacidad\\\/\",\"name\":\"Pol\u00edtica de privacidad - PDU Credits LLC\",\"isPartOf\":{\"@id\":\"https:\\\/\\\/pducredits.com\\\/es\\\/#website\"},\"datePublished\":\"2025-10-30T13:08:55+00:00\",\"dateModified\":\"2025-12-29T13:05:42+00:00\",\"description\":\"Pol\u00edticas de privacidad del sitio web y las aplicaciones de PDU Credits\",\"breadcrumb\":{\"@id\":\"https:\\\/\\\/pducredits.com\\\/es\\\/politica-de-privacidad\\\/#breadcrumb\"},\"inLanguage\":\"es\",\"potentialAction\":[{\"@type\":\"ReadAction\",\"target\":[\"https:\\\/\\\/pducredits.com\\\/es\\\/politica-de-privacidad\\\/\"]}]},{\"@type\":\"BreadcrumbList\",\"@id\":\"https:\\\/\\\/pducredits.com\\\/es\\\/politica-de-privacidad\\\/#breadcrumb\",\"itemListElement\":[{\"@type\":\"ListItem\",\"position\":1,\"name\":\"Inicio\",\"item\":\"https:\\\/\\\/pducredits.com\\\/es\\\/home\\\/\"},{\"@type\":\"ListItem\",\"position\":2,\"name\":\"Pol\u00edtica de privacidad\"}]},{\"@type\":\"WebSite\",\"@id\":\"https:\\\/\\\/pducredits.com\\\/es\\\/#website\",\"url\":\"https:\\\/\\\/pducredits.com\\\/es\\\/\",\"name\":\"PDU Credits\",\"description\":\"Cursos online para PDUs para la renovaci\u00f3n de PMP\",\"publisher\":{\"@id\":\"https:\\\/\\\/pducredits.com\\\/es\\\/#organization\"},\"potentialAction\":[{\"@type\":\"SearchAction\",\"target\":{\"@type\":\"EntryPoint\",\"urlTemplate\":\"https:\\\/\\\/pducredits.com\\\/es\\\/?s={search_term_string}\"},\"query-input\":{\"@type\":\"PropertyValueSpecification\",\"valueRequired\":true,\"valueName\":\"search_term_string\"}}],\"inLanguage\":\"es\"},{\"@type\":\"Organization\",\"@id\":\"https:\\\/\\\/pducredits.com\\\/es\\\/#organization\",\"name\":\"PDU Credits LLC\",\"url\":\"https:\\\/\\\/pducredits.com\\\/es\\\/\",\"logo\":{\"@type\":\"ImageObject\",\"inLanguage\":\"es\",\"@id\":\"https:\\\/\\\/pducredits.com\\\/es\\\/#\\\/schema\\\/logo\\\/image\\\/\",\"url\":\"https:\\\/\\\/pducredits.com\\\/wp-content\\\/uploads\\\/2025\\\/12\\\/ftr-logo-4.svg\",\"contentUrl\":\"https:\\\/\\\/pducredits.com\\\/wp-content\\\/uploads\\\/2025\\\/12\\\/ftr-logo-4.svg\",\"width\":1,\"height\":1,\"caption\":\"PDU Credits LLC\"},\"image\":{\"@id\":\"https:\\\/\\\/pducredits.com\\\/es\\\/#\\\/schema\\\/logo\\\/image\\\/\"},\"sameAs\":[\"https:\\\/\\\/www.facebook.com\\\/profile.php?id=61584963837286\",\"https:\\\/\\\/x.com\\\/pdu_credits_llc\",\"https:\\\/\\\/www.linkedin.com\\\/company\\\/pdu-credits-llc\\\/\",\"https:\\\/\\\/www.youtube.com\\\/@PDUCredits\",\"https:\\\/\\\/www.tiktok.com\\\/@pducredits\",\"https:\\\/\\\/www.instagram.com\\\/pducredits\\\/\"]}]}<\/script>\n<!-- \/ Yoast SEO plugin. -->","yoast_head_json":{"title":"Pol\u00edtica de privacidad - PDU Credits LLC","description":"Pol\u00edticas de privacidad del sitio web y las aplicaciones de PDU Credits","robots":{"index":"index","follow":"follow","max-snippet":"max-snippet:-1","max-image-preview":"max-image-preview:large","max-video-preview":"max-video-preview:-1"},"canonical":"https:\/\/pducredits.com\/es\/politica-de-privacidad\/","og_locale":"es_ES","og_type":"article","og_title":"Pol\u00edtica de privacidad - PDU Credits LLC","og_description":"Pol\u00edticas de privacidad del sitio web y las aplicaciones de PDU Credits","og_url":"https:\/\/pducredits.com\/es\/politica-de-privacidad\/","og_site_name":"PDU Credits LLC","article_publisher":"https:\/\/www.facebook.com\/profile.php?id=61584963837286","article_modified_time":"2025-12-29T13:05:42+00:00","twitter_card":"summary_large_image","twitter_site":"@pdu_credits_llc","twitter_misc":{"Tiempo de lectura":"5 minuto"},"schema":{"@context":"https:\/\/schema.org","@graph":[{"@type":"WebPage","@id":"https:\/\/pducredits.com\/es\/politica-de-privacidad\/","url":"https:\/\/pducredits.com\/es\/politica-de-privacidad\/","name":"Pol\u00edtica de privacidad - PDU Credits LLC","isPartOf":{"@id":"https:\/\/pducredits.com\/es\/#website"},"datePublished":"2025-10-30T13:08:55+00:00","dateModified":"2025-12-29T13:05:42+00:00","description":"Pol\u00edticas de privacidad del sitio web y las aplicaciones de PDU Credits","breadcrumb":{"@id":"https:\/\/pducredits.com\/es\/politica-de-privacidad\/#breadcrumb"},"inLanguage":"es","potentialAction":[{"@type":"ReadAction","target":["https:\/\/pducredits.com\/es\/politica-de-privacidad\/"]}]},{"@type":"BreadcrumbList","@id":"https:\/\/pducredits.com\/es\/politica-de-privacidad\/#breadcrumb","itemListElement":[{"@type":"ListItem","position":1,"name":"Inicio","item":"https:\/\/pducredits.com\/es\/home\/"},{"@type":"ListItem","position":2,"name":"Pol\u00edtica de privacidad"}]},{"@type":"WebSite","@id":"https:\/\/pducredits.com\/es\/#website","url":"https:\/\/pducredits.com\/es\/","name":"PDU Credits","description":"Cursos online para PDUs para la renovaci\u00f3n de PMP","publisher":{"@id":"https:\/\/pducredits.com\/es\/#organization"},"potentialAction":[{"@type":"SearchAction","target":{"@type":"EntryPoint","urlTemplate":"https:\/\/pducredits.com\/es\/?s={search_term_string}"},"query-input":{"@type":"PropertyValueSpecification","valueRequired":true,"valueName":"search_term_string"}}],"inLanguage":"es"},{"@type":"Organization","@id":"https:\/\/pducredits.com\/es\/#organization","name":"PDU Credits LLC","url":"https:\/\/pducredits.com\/es\/","logo":{"@type":"ImageObject","inLanguage":"es","@id":"https:\/\/pducredits.com\/es\/#\/schema\/logo\/image\/","url":"https:\/\/pducredits.com\/wp-content\/uploads\/2025\/12\/ftr-logo-4.svg","contentUrl":"https:\/\/pducredits.com\/wp-content\/uploads\/2025\/12\/ftr-logo-4.svg","width":1,"height":1,"caption":"PDU Credits LLC"},"image":{"@id":"https:\/\/pducredits.com\/es\/#\/schema\/logo\/image\/"},"sameAs":["https:\/\/www.facebook.com\/profile.php?id=61584963837286","https:\/\/x.com\/pdu_credits_llc","https:\/\/www.linkedin.com\/company\/pdu-credits-llc\/","https:\/\/www.youtube.com\/@PDUCredits","https:\/\/www.tiktok.com\/@pducredits","https:\/\/www.instagram.com\/pducredits\/"]}]}},"_links":{"self":[{"href":"https:\/\/pducredits.com\/es\/wp-json\/wp\/v2\/pages\/994","targetHints":{"allow":["GET"]}}],"collection":[{"href":"https:\/\/pducredits.com\/es\/wp-json\/wp\/v2\/pages"}],"about":[{"href":"https:\/\/pducredits.com\/es\/wp-json\/wp\/v2\/types\/page"}],"author":[{"embeddable":true,"href":"https:\/\/pducredits.com\/es\/wp-json\/wp\/v2\/users\/1"}],"replies":[{"embeddable":true,"href":"https:\/\/pducredits.com\/es\/wp-json\/wp\/v2\/comments?post=994"}],"version-history":[{"count":1,"href":"https:\/\/pducredits.com\/es\/wp-json\/wp\/v2\/pages\/994\/revisions"}],"predecessor-version":[{"id":2590,"href":"https:\/\/pducredits.com\/es\/wp-json\/wp\/v2\/pages\/994\/revisions\/2590"}],"wp:attachment":[{"href":"https:\/\/pducredits.com\/es\/wp-json\/wp\/v2\/media?parent=994"}],"curies":[{"name":"wp","href":"https:\/\/api.w.org\/{rel}","templated":true}]}}