{"id":2171,"date":"2025-11-20T11:45:35","date_gmt":"2025-11-20T15:45:35","guid":{"rendered":"https:\/\/pducredits.com\/rapports-pdu\/"},"modified":"2026-01-07T03:19:37","modified_gmt":"2026-01-07T07:19:37","slug":"rapports-pdu","status":"publish","type":"page","link":"https:\/\/pducredits.com\/fr\/rapports-pdu\/","title":{"rendered":"Rapports PDU"},"content":{"rendered":"","protected":false},"excerpt":{"rendered":"","protected":false},"author":2,"featured_media":0,"parent":0,"menu_order":0,"comment_status":"closed","ping_status":"closed","template":"templates\/pdu-reporting.php","meta":{"footnotes":""},"class_list":["post-2171","page","type-page","status-publish","hentry"],"acf":[],"yoast_head":"<!-- This site is optimized with the Yoast SEO plugin v27.3 - https:\/\/yoast.com\/product\/yoast-seo-wordpress\/ -->\n<title>D\u00e9claration des cr\u00e9dits PDU \u00e0 PMI - PDU Credits LLC<\/title>\n<meta name=\"description\" content=\"Suivez ces \u00e9tapes pour saisir vos cr\u00e9dits PDU gagn\u00e9s, y compris les PDU par domaine de comp\u00e9tences\u00a0: M\u00e9thodes de travail, Sens des affaires et Comp\u00e9tences de pouvoir\" \/>\n<meta name=\"robots\" content=\"index, follow, max-snippet:-1, max-image-preview:large, max-video-preview:-1\" \/>\n<link rel=\"canonical\" href=\"https:\/\/pducredits.com\/fr\/rapports-pdu\/\" \/>\n<meta property=\"og:locale\" content=\"fr_FR\" \/>\n<meta property=\"og:type\" content=\"article\" \/>\n<meta property=\"og:title\" content=\"D\u00e9claration des cr\u00e9dits PDU \u00e0 PMI - PDU Credits LLC\" \/>\n<meta property=\"og:description\" content=\"Suivez ces \u00e9tapes pour saisir vos cr\u00e9dits PDU gagn\u00e9s, y compris les PDU par domaine de comp\u00e9tences\u00a0: M\u00e9thodes de travail, Sens des affaires et Comp\u00e9tences de pouvoir\" \/>\n<meta property=\"og:url\" content=\"https:\/\/pducredits.com\/fr\/rapports-pdu\/\" \/>\n<meta property=\"og:site_name\" content=\"PDU Credits LLC\" \/>\n<meta property=\"article:publisher\" content=\"https:\/\/www.facebook.com\/profile.php?id=61584963837286\" \/>\n<meta property=\"article:modified_time\" content=\"2026-01-07T07:19:37+00:00\" \/>\n<meta name=\"twitter:card\" content=\"summary_large_image\" \/>\n<meta name=\"twitter:site\" content=\"@pdu_credits_llc\" \/>\n<script type=\"application\/ld+json\" class=\"yoast-schema-graph\">{\"@context\":\"https:\\\/\\\/schema.org\",\"@graph\":[{\"@type\":\"WebPage\",\"@id\":\"https:\\\/\\\/pducredits.com\\\/fr\\\/rapports-pdu\\\/\",\"url\":\"https:\\\/\\\/pducredits.com\\\/fr\\\/rapports-pdu\\\/\",\"name\":\"D\u00e9claration des cr\u00e9dits PDU \u00e0 PMI - PDU Credits LLC\",\"isPartOf\":{\"@id\":\"https:\\\/\\\/pducredits.com\\\/fr\\\/#website\"},\"datePublished\":\"2025-11-20T15:45:35+00:00\",\"dateModified\":\"2026-01-07T07:19:37+00:00\",\"description\":\"Suivez ces \u00e9tapes pour saisir vos cr\u00e9dits PDU gagn\u00e9s, y compris les PDU par domaine de comp\u00e9tences\u00a0: M\u00e9thodes de travail, Sens des affaires et Comp\u00e9tences de pouvoir\",\"breadcrumb\":{\"@id\":\"https:\\\/\\\/pducredits.com\\\/fr\\\/rapports-pdu\\\/#breadcrumb\"},\"inLanguage\":\"fr-FR\",\"potentialAction\":[{\"@type\":\"ReadAction\",\"target\":[\"https:\\\/\\\/pducredits.com\\\/fr\\\/rapports-pdu\\\/\"]}]},{\"@type\":\"BreadcrumbList\",\"@id\":\"https:\\\/\\\/pducredits.com\\\/fr\\\/rapports-pdu\\\/#breadcrumb\",\"itemListElement\":[{\"@type\":\"ListItem\",\"position\":1,\"name\":\"Home\",\"item\":\"https:\\\/\\\/pducredits.com\\\/fr\\\/accueil\\\/\"},{\"@type\":\"ListItem\",\"position\":2,\"name\":\"Rapports PDU\"}]},{\"@type\":\"WebSite\",\"@id\":\"https:\\\/\\\/pducredits.com\\\/fr\\\/#website\",\"url\":\"https:\\\/\\\/pducredits.com\\\/fr\\\/\",\"name\":\"PDU Credits\",\"description\":\"Online courses for PDUs for PMP renewal\",\"publisher\":{\"@id\":\"https:\\\/\\\/pducredits.com\\\/fr\\\/#organization\"},\"potentialAction\":[{\"@type\":\"SearchAction\",\"target\":{\"@type\":\"EntryPoint\",\"urlTemplate\":\"https:\\\/\\\/pducredits.com\\\/fr\\\/?s={search_term_string}\"},\"query-input\":{\"@type\":\"PropertyValueSpecification\",\"valueRequired\":true,\"valueName\":\"search_term_string\"}}],\"inLanguage\":\"fr-FR\"},{\"@type\":\"Organization\",\"@id\":\"https:\\\/\\\/pducredits.com\\\/fr\\\/#organization\",\"name\":\"PDU Credits LLC\",\"url\":\"https:\\\/\\\/pducredits.com\\\/fr\\\/\",\"logo\":{\"@type\":\"ImageObject\",\"inLanguage\":\"fr-FR\",\"@id\":\"https:\\\/\\\/pducredits.com\\\/fr\\\/#\\\/schema\\\/logo\\\/image\\\/\",\"url\":\"https:\\\/\\\/pducredits.com\\\/wp-content\\\/uploads\\\/2025\\\/12\\\/ftr-logo-4.svg\",\"contentUrl\":\"https:\\\/\\\/pducredits.com\\\/wp-content\\\/uploads\\\/2025\\\/12\\\/ftr-logo-4.svg\",\"width\":1,\"height\":1,\"caption\":\"PDU Credits LLC\"},\"image\":{\"@id\":\"https:\\\/\\\/pducredits.com\\\/fr\\\/#\\\/schema\\\/logo\\\/image\\\/\"},\"sameAs\":[\"https:\\\/\\\/www.facebook.com\\\/profile.php?id=61584963837286\",\"https:\\\/\\\/x.com\\\/pdu_credits_llc\",\"https:\\\/\\\/www.linkedin.com\\\/company\\\/pdu-credits-llc\\\/\",\"https:\\\/\\\/www.youtube.com\\\/@PDUCredits\",\"https:\\\/\\\/www.tiktok.com\\\/@pducredits\",\"https:\\\/\\\/www.instagram.com\\\/pducredits\\\/\"]}]}<\/script>\n<!-- \/ Yoast SEO plugin. -->","yoast_head_json":{"title":"D\u00e9claration des cr\u00e9dits PDU \u00e0 PMI - PDU Credits LLC","description":"Suivez ces \u00e9tapes pour saisir vos cr\u00e9dits PDU gagn\u00e9s, y compris les PDU par domaine de comp\u00e9tences\u00a0: M\u00e9thodes de travail, Sens des affaires et Comp\u00e9tences de pouvoir","robots":{"index":"index","follow":"follow","max-snippet":"max-snippet:-1","max-image-preview":"max-image-preview:large","max-video-preview":"max-video-preview:-1"},"canonical":"https:\/\/pducredits.com\/fr\/rapports-pdu\/","og_locale":"fr_FR","og_type":"article","og_title":"D\u00e9claration des cr\u00e9dits PDU \u00e0 PMI - PDU Credits LLC","og_description":"Suivez ces \u00e9tapes pour saisir vos cr\u00e9dits PDU gagn\u00e9s, y compris les PDU par domaine de comp\u00e9tences\u00a0: M\u00e9thodes de travail, Sens des affaires et Comp\u00e9tences de pouvoir","og_url":"https:\/\/pducredits.com\/fr\/rapports-pdu\/","og_site_name":"PDU Credits LLC","article_publisher":"https:\/\/www.facebook.com\/profile.php?id=61584963837286","article_modified_time":"2026-01-07T07:19:37+00:00","twitter_card":"summary_large_image","twitter_site":"@pdu_credits_llc","schema":{"@context":"https:\/\/schema.org","@graph":[{"@type":"WebPage","@id":"https:\/\/pducredits.com\/fr\/rapports-pdu\/","url":"https:\/\/pducredits.com\/fr\/rapports-pdu\/","name":"D\u00e9claration des cr\u00e9dits PDU \u00e0 PMI - PDU Credits LLC","isPartOf":{"@id":"https:\/\/pducredits.com\/fr\/#website"},"datePublished":"2025-11-20T15:45:35+00:00","dateModified":"2026-01-07T07:19:37+00:00","description":"Suivez ces \u00e9tapes pour saisir vos cr\u00e9dits PDU gagn\u00e9s, y compris les PDU par domaine de comp\u00e9tences\u00a0: M\u00e9thodes de travail, Sens des affaires et Comp\u00e9tences de pouvoir","breadcrumb":{"@id":"https:\/\/pducredits.com\/fr\/rapports-pdu\/#breadcrumb"},"inLanguage":"fr-FR","potentialAction":[{"@type":"ReadAction","target":["https:\/\/pducredits.com\/fr\/rapports-pdu\/"]}]},{"@type":"BreadcrumbList","@id":"https:\/\/pducredits.com\/fr\/rapports-pdu\/#breadcrumb","itemListElement":[{"@type":"ListItem","position":1,"name":"Home","item":"https:\/\/pducredits.com\/fr\/accueil\/"},{"@type":"ListItem","position":2,"name":"Rapports PDU"}]},{"@type":"WebSite","@id":"https:\/\/pducredits.com\/fr\/#website","url":"https:\/\/pducredits.com\/fr\/","name":"PDU Credits","description":"Online courses for PDUs for PMP renewal","publisher":{"@id":"https:\/\/pducredits.com\/fr\/#organization"},"potentialAction":[{"@type":"SearchAction","target":{"@type":"EntryPoint","urlTemplate":"https:\/\/pducredits.com\/fr\/?s={search_term_string}"},"query-input":{"@type":"PropertyValueSpecification","valueRequired":true,"valueName":"search_term_string"}}],"inLanguage":"fr-FR"},{"@type":"Organization","@id":"https:\/\/pducredits.com\/fr\/#organization","name":"PDU Credits LLC","url":"https:\/\/pducredits.com\/fr\/","logo":{"@type":"ImageObject","inLanguage":"fr-FR","@id":"https:\/\/pducredits.com\/fr\/#\/schema\/logo\/image\/","url":"https:\/\/pducredits.com\/wp-content\/uploads\/2025\/12\/ftr-logo-4.svg","contentUrl":"https:\/\/pducredits.com\/wp-content\/uploads\/2025\/12\/ftr-logo-4.svg","width":1,"height":1,"caption":"PDU Credits LLC"},"image":{"@id":"https:\/\/pducredits.com\/fr\/#\/schema\/logo\/image\/"},"sameAs":["https:\/\/www.facebook.com\/profile.php?id=61584963837286","https:\/\/x.com\/pdu_credits_llc","https:\/\/www.linkedin.com\/company\/pdu-credits-llc\/","https:\/\/www.youtube.com\/@PDUCredits","https:\/\/www.tiktok.com\/@pducredits","https:\/\/www.instagram.com\/pducredits\/"]}]}},"_links":{"self":[{"href":"https:\/\/pducredits.com\/fr\/wp-json\/wp\/v2\/pages\/2171","targetHints":{"allow":["GET"]}}],"collection":[{"href":"https:\/\/pducredits.com\/fr\/wp-json\/wp\/v2\/pages"}],"about":[{"href":"https:\/\/pducredits.com\/fr\/wp-json\/wp\/v2\/types\/page"}],"author":[{"embeddable":true,"href":"https:\/\/pducredits.com\/fr\/wp-json\/wp\/v2\/users\/2"}],"replies":[{"embeddable":true,"href":"https:\/\/pducredits.com\/fr\/wp-json\/wp\/v2\/comments?post=2171"}],"version-history":[{"count":1,"href":"https:\/\/pducredits.com\/fr\/wp-json\/wp\/v2\/pages\/2171\/revisions"}],"predecessor-version":[{"id":2520,"href":"https:\/\/pducredits.com\/fr\/wp-json\/wp\/v2\/pages\/2171\/revisions\/2520"}],"wp:attachment":[{"href":"https:\/\/pducredits.com\/fr\/wp-json\/wp\/v2\/media?parent=2171"}],"curies":[{"name":"wp","href":"https:\/\/api.w.org\/{rel}","templated":true}]}}