{"id":2186,"date":"2025-10-30T09:08:55","date_gmt":"2025-10-30T13:08:55","guid":{"rendered":"https:\/\/pducredits.com\/politique-de-confidentialite\/"},"modified":"2026-01-07T03:21:13","modified_gmt":"2026-01-07T07:21:13","slug":"politique-de-confidentialite","status":"publish","type":"page","link":"https:\/\/pducredits.com\/fr\/politique-de-confidentialite\/","title":{"rendered":"Politique de confidentialit\u00e9"},"content":{"rendered":"<p>Chez PDU Credits LCC, nous nous engageons \u00e0 maintenir l&rsquo;exactitude, la confidentialit\u00e9 et la s\u00e9curit\u00e9 de vos informations personnelles identifiables (\u00ab&nbsp;Informations personnelles&nbsp;\u00bb). Dans le cadre de cet engagement, notre politique de confidentialit\u00e9 r\u00e9git nos actions en ce qui concerne la collecte, l&rsquo;utilisation et la divulgation des Informations personnelles. <\/p>\n<p><strong>1. Introduction<\/strong><\/p>\n<p>Nous sommes responsables du maintien et de la protection des Informations personnelles sous notre contr\u00f4le. Nous avons d\u00e9sign\u00e9 une personne qui est responsable du respect de notre politique de confidentialit\u00e9. <\/p>\n<p><strong>2. D\u00e9termination des objectifs<\/strong><\/p>\n<p>Nous recueillons, utilisons et divulguons des Informations personnelles pour vous fournir les cours num\u00e9riques (produits) que vous avez demand\u00e9s et pour vous proposer des produits suppl\u00e9mentaires susceptibles de vous int\u00e9resser. Les objectifs pour lesquels nous recueillons des Informations personnelles seront d\u00e9termin\u00e9s avant ou au moment de la collecte des informations. Dans certaines circonstances, les objectifs pour lesquels les informations sont recueillies peuvent \u00eatre clairs, et le consentement peut \u00eatre implicite, par exemple lorsque votre nom, votre adresse et vos informations de paiement sont fournis dans le cadre du processus de commande.  <\/p>\n<p><strong>3. Consentement<\/strong><\/p>\n<p>La connaissance et le consentement sont requis pour la collecte, l&rsquo;utilisation ou la divulgation d&rsquo;Informations personnelles, sauf lorsque la loi l&rsquo;exige ou le permet. Il est toujours de votre ressort de nous fournir vos Informations personnelles. Toutefois, votre d\u00e9cision de ne pas fournir certaines informations peut limiter notre capacit\u00e9 \u00e0 vous fournir nos produits. Nous n&rsquo;exigerons pas que vous consentiez \u00e0 la collecte, \u00e0 l&rsquo;utilisation ou \u00e0 la divulgation d&rsquo;informations comme condition \u00e0 la fourniture d&rsquo;un produit, sauf si cela est n\u00e9cessaire pour pouvoir fournir le produit.   <\/p>\n<p><strong>4. Limitation de la collecte<\/strong><\/p>\n<p>Les informations personnelles collect\u00e9es se limiteront aux donn\u00e9es n\u00e9cessaires aux fins que nous avons identifi\u00e9es. Avec votre consentement, nous pouvons collecter des informations personnelles vous concernant via Internet, une application mobile, par t\u00e9l\u00e9phone ou par correspondance \u00e9lectronique. <\/p>\n<p><strong>5. Limitation de l&rsquo;utilisation, de la divulgation et de la conservation<\/strong><\/p>\n<p>Les Informations personnelles ne peuvent \u00eatre utilis\u00e9es ou divulgu\u00e9es qu&rsquo;aux fins pour lesquelles elles ont \u00e9t\u00e9 collect\u00e9es, sauf si vous y avez consenti, ou lorsque la loi l&rsquo;exige ou le permet. Les Informations personnelles ne seront conserv\u00e9es que pendant la p\u00e9riode n\u00e9cessaire \u00e0 la r\u00e9alisation de l&rsquo;objectif pour lequel nous les avons collect\u00e9es ou conform\u00e9ment aux exigences de la loi. <\/p>\n<p>Pendant le processus de commande et d&rsquo;achat, les informations saisies peuvent \u00eatre partag\u00e9es avec Strike, PayPal ou une autre soci\u00e9t\u00e9 de transactions num\u00e9riques que vous avez choisie. En dehors de ces transactions, PDU Credits LLC ne divulgue pas vos informations personnelles \u00e0 des entit\u00e9s ou individus ext\u00e9rieurs. Nous ne conservons pas les informations financi\u00e8res telles que les num\u00e9ros de carte de cr\u00e9dit.  <\/p>\n<p><strong>6. Exactitude<\/strong><\/p>\n<p>Les renseignements personnels seront conserv\u00e9s sous une forme aussi exacte, compl\u00e8te et \u00e0 jour que n\u00e9cessaire pour atteindre les fins auxquelles ils sont destin\u00e9s.<\/p>\n<p><strong>7. Protection des informations client<\/strong><\/p>\n<p>Les Informations personnelles seront prot\u00e9g\u00e9es par des mesures de s\u00e9curit\u00e9 adapt\u00e9es au niveau de sensibilit\u00e9 des informations. Nous prenons toutes les pr\u00e9cautions raisonnables pour prot\u00e9ger vos Informations personnelles contre toute perte ou utilisation non autoris\u00e9e, acc\u00e8s ou divulgation. Nous utilisons des logiciels standard de maintenance de sites web et de maintenance num\u00e9rique avec des bases de donn\u00e9es s\u00e9curis\u00e9es typiques d&rsquo;informations client limit\u00e9es.  <\/p>\n<p><strong>8. Transparence<\/strong><\/p>\n<p>Nous mettrons \u00e0 votre disposition des informations sur nos politiques et pratiques concernant la gestion de vos Informations personnelles.<\/p>\n<p><strong>9. Acc\u00e8s client<\/strong><\/p>\n<p>Sur demande, vous serez inform\u00e9 de l&rsquo;existence, de l&rsquo;utilisation et de la divulgation de vos Informations personnelles, et vous y aurez acc\u00e8s. Vous pouvez v\u00e9rifier l&rsquo;exactitude et l&rsquo;exhaustivit\u00e9 de vos Informations personnelles, et vous pouvez demander qu&rsquo;elles soient modifi\u00e9es, le cas \u00e9ch\u00e9ant. Toutefois, dans certaines circonstances autoris\u00e9es par la loi, nous ne divulguerons pas certaines informations. Par exemple, nous pouvons ne pas divulguer d&rsquo;informations vous concernant si d&rsquo;autres personnes sont mentionn\u00e9es ou s&rsquo;il existe des restrictions l\u00e9gales, de s\u00e9curit\u00e9 ou de propri\u00e9t\u00e9 commerciale.   <\/p>\n<p><strong>10. Traitement des plaintes et suggestions des clients<\/strong><\/p>\n<p>Vous pouvez adresser toute question ou demande de renseignements concernant notre politique de confidentialit\u00e9 ou nos pratiques en utilisant la page Contactez-nous ou en envoyant un e-mail \u00e0 admin @ pducredits.com.<\/p>\n<p><strong>Informations suppl\u00e9mentaires<\/strong><\/p>\n<p><strong> <\/strong><em><strong>Cookies<\/strong><\/em><\/p>\n<p>Un cookie est un petit fichier informatique ou un \u00e9l\u00e9ment d&rsquo;information qui peut \u00eatre stock\u00e9 sur le disque dur de votre ordinateur lorsque vous visitez nos sites web. Nous pouvons utiliser des cookies pour am\u00e9liorer la fonctionnalit\u00e9 de notre site web et, dans certains cas, pour offrir aux visiteurs une exp\u00e9rience en ligne personnalis\u00e9e. <\/p>\n<p>Les cookies sont largement utilis\u00e9s et la plupart des navigateurs web sont configur\u00e9s initialement pour accepter les cookies automatiquement. Vous pouvez modifier les param\u00e8tres de votre navigateur Internet pour emp\u00eacher votre ordinateur d&rsquo;accepter les cookies ou pour vous avertir lorsque vous recevez un cookie afin que vous puissiez refuser son acceptation. Veuillez noter, toutefois, que si vous d\u00e9sactivez les cookies, vous risquez de ne pas b\u00e9n\u00e9ficier de performances optimales de notre site web.  <\/p>\n<p><em><strong>Autres sites web<\/strong><\/em><\/p>\n<p>Notre site web et nos cours peuvent contenir des liens vers d&rsquo;autres sites tiers qui ne sont pas r\u00e9gis par cette politique de confidentialit\u00e9. Bien que nous nous efforcions de ne cr\u00e9er des liens qu&rsquo;avec des sites ayant des normes de confidentialit\u00e9 \u00e9lev\u00e9es, notre politique de confidentialit\u00e9 ne s&rsquo;appliquera plus une fois que vous aurez quitt\u00e9 notre site web. De plus, nous ne sommes pas responsables des pratiques de confidentialit\u00e9 employ\u00e9es par les sites web tiers. Par cons\u00e9quent, nous vous sugg\u00e9rons d&rsquo;examiner les d\u00e9clarations de confidentialit\u00e9 de ces sites pour savoir comment vos informations peuvent \u00eatre collect\u00e9es, utilis\u00e9es, partag\u00e9es et divulgu\u00e9es.   <\/p>\n","protected":false},"excerpt":{"rendered":"<p>Chez PDU Credits LCC, nous nous engageons \u00e0 maintenir l&rsquo;exactitude, la confidentialit\u00e9 et la s\u00e9curit\u00e9 de vos informations personnelles identifiables (\u00ab&nbsp;Informations personnelles&nbsp;\u00bb). Dans le cadre de cet engagement, notre politique de confidentialit\u00e9 r\u00e9git nos actions en ce qui concerne la collecte, l&rsquo;utilisation et la divulgation des Informations personnelles. 1. Introduction Nous sommes responsables du maintien [&hellip;]<\/p>\n","protected":false},"author":1,"featured_media":0,"parent":0,"menu_order":0,"comment_status":"closed","ping_status":"open","template":"","meta":{"footnotes":""},"class_list":["post-2186","page","type-page","status-publish","hentry"],"acf":[],"yoast_head":"<!-- This site is optimized with the Yoast SEO plugin v27.3 - https:\/\/yoast.com\/product\/yoast-seo-wordpress\/ -->\n<title>Politique de confidentialit\u00e9 - PDU Credits LLC<\/title>\n<meta name=\"description\" content=\"Politiques de confidentialit\u00e9 pour le site web et les applications de PDU Credits\" \/>\n<meta name=\"robots\" content=\"index, follow, max-snippet:-1, max-image-preview:large, max-video-preview:-1\" \/>\n<link rel=\"canonical\" href=\"https:\/\/pducredits.com\/fr\/politique-de-confidentialite\/\" \/>\n<meta property=\"og:locale\" content=\"fr_FR\" \/>\n<meta property=\"og:type\" content=\"article\" \/>\n<meta property=\"og:title\" content=\"Politique de confidentialit\u00e9 - PDU Credits LLC\" \/>\n<meta property=\"og:description\" content=\"Politiques de confidentialit\u00e9 pour le site web et les applications de PDU Credits\" \/>\n<meta property=\"og:url\" content=\"https:\/\/pducredits.com\/fr\/politique-de-confidentialite\/\" \/>\n<meta property=\"og:site_name\" content=\"PDU Credits LLC\" \/>\n<meta property=\"article:publisher\" content=\"https:\/\/www.facebook.com\/profile.php?id=61584963837286\" \/>\n<meta property=\"article:modified_time\" content=\"2026-01-07T07:21:13+00:00\" \/>\n<meta name=\"twitter:card\" content=\"summary_large_image\" \/>\n<meta name=\"twitter:site\" content=\"@pdu_credits_llc\" \/>\n<meta name=\"twitter:label1\" content=\"Dur\u00e9e de lecture estim\u00e9e\" \/>\n\t<meta name=\"twitter:data1\" content=\"5 minutes\" \/>\n<script type=\"application\/ld+json\" class=\"yoast-schema-graph\">{\"@context\":\"https:\\\/\\\/schema.org\",\"@graph\":[{\"@type\":\"WebPage\",\"@id\":\"https:\\\/\\\/pducredits.com\\\/fr\\\/politique-de-confidentialite\\\/\",\"url\":\"https:\\\/\\\/pducredits.com\\\/fr\\\/politique-de-confidentialite\\\/\",\"name\":\"Politique de confidentialit\u00e9 - PDU Credits LLC\",\"isPartOf\":{\"@id\":\"https:\\\/\\\/pducredits.com\\\/fr\\\/#website\"},\"datePublished\":\"2025-10-30T13:08:55+00:00\",\"dateModified\":\"2026-01-07T07:21:13+00:00\",\"description\":\"Politiques de confidentialit\u00e9 pour le site web et les applications de PDU Credits\",\"breadcrumb\":{\"@id\":\"https:\\\/\\\/pducredits.com\\\/fr\\\/politique-de-confidentialite\\\/#breadcrumb\"},\"inLanguage\":\"fr-FR\",\"potentialAction\":[{\"@type\":\"ReadAction\",\"target\":[\"https:\\\/\\\/pducredits.com\\\/fr\\\/politique-de-confidentialite\\\/\"]}]},{\"@type\":\"BreadcrumbList\",\"@id\":\"https:\\\/\\\/pducredits.com\\\/fr\\\/politique-de-confidentialite\\\/#breadcrumb\",\"itemListElement\":[{\"@type\":\"ListItem\",\"position\":1,\"name\":\"Home\",\"item\":\"https:\\\/\\\/pducredits.com\\\/fr\\\/accueil\\\/\"},{\"@type\":\"ListItem\",\"position\":2,\"name\":\"Politique de confidentialit\u00e9\"}]},{\"@type\":\"WebSite\",\"@id\":\"https:\\\/\\\/pducredits.com\\\/fr\\\/#website\",\"url\":\"https:\\\/\\\/pducredits.com\\\/fr\\\/\",\"name\":\"PDU Credits\",\"description\":\"Online courses for PDUs for PMP renewal\",\"publisher\":{\"@id\":\"https:\\\/\\\/pducredits.com\\\/fr\\\/#organization\"},\"potentialAction\":[{\"@type\":\"SearchAction\",\"target\":{\"@type\":\"EntryPoint\",\"urlTemplate\":\"https:\\\/\\\/pducredits.com\\\/fr\\\/?s={search_term_string}\"},\"query-input\":{\"@type\":\"PropertyValueSpecification\",\"valueRequired\":true,\"valueName\":\"search_term_string\"}}],\"inLanguage\":\"fr-FR\"},{\"@type\":\"Organization\",\"@id\":\"https:\\\/\\\/pducredits.com\\\/fr\\\/#organization\",\"name\":\"PDU Credits LLC\",\"url\":\"https:\\\/\\\/pducredits.com\\\/fr\\\/\",\"logo\":{\"@type\":\"ImageObject\",\"inLanguage\":\"fr-FR\",\"@id\":\"https:\\\/\\\/pducredits.com\\\/fr\\\/#\\\/schema\\\/logo\\\/image\\\/\",\"url\":\"https:\\\/\\\/pducredits.com\\\/wp-content\\\/uploads\\\/2025\\\/12\\\/ftr-logo-4.svg\",\"contentUrl\":\"https:\\\/\\\/pducredits.com\\\/wp-content\\\/uploads\\\/2025\\\/12\\\/ftr-logo-4.svg\",\"width\":1,\"height\":1,\"caption\":\"PDU Credits LLC\"},\"image\":{\"@id\":\"https:\\\/\\\/pducredits.com\\\/fr\\\/#\\\/schema\\\/logo\\\/image\\\/\"},\"sameAs\":[\"https:\\\/\\\/www.facebook.com\\\/profile.php?id=61584963837286\",\"https:\\\/\\\/x.com\\\/pdu_credits_llc\",\"https:\\\/\\\/www.linkedin.com\\\/company\\\/pdu-credits-llc\\\/\",\"https:\\\/\\\/www.youtube.com\\\/@PDUCredits\",\"https:\\\/\\\/www.tiktok.com\\\/@pducredits\",\"https:\\\/\\\/www.instagram.com\\\/pducredits\\\/\"]}]}<\/script>\n<!-- \/ Yoast SEO plugin. -->","yoast_head_json":{"title":"Politique de confidentialit\u00e9 - PDU Credits LLC","description":"Politiques de confidentialit\u00e9 pour le site web et les applications de PDU Credits","robots":{"index":"index","follow":"follow","max-snippet":"max-snippet:-1","max-image-preview":"max-image-preview:large","max-video-preview":"max-video-preview:-1"},"canonical":"https:\/\/pducredits.com\/fr\/politique-de-confidentialite\/","og_locale":"fr_FR","og_type":"article","og_title":"Politique de confidentialit\u00e9 - PDU Credits LLC","og_description":"Politiques de confidentialit\u00e9 pour le site web et les applications de PDU Credits","og_url":"https:\/\/pducredits.com\/fr\/politique-de-confidentialite\/","og_site_name":"PDU Credits LLC","article_publisher":"https:\/\/www.facebook.com\/profile.php?id=61584963837286","article_modified_time":"2026-01-07T07:21:13+00:00","twitter_card":"summary_large_image","twitter_site":"@pdu_credits_llc","twitter_misc":{"Dur\u00e9e de lecture estim\u00e9e":"5 minutes"},"schema":{"@context":"https:\/\/schema.org","@graph":[{"@type":"WebPage","@id":"https:\/\/pducredits.com\/fr\/politique-de-confidentialite\/","url":"https:\/\/pducredits.com\/fr\/politique-de-confidentialite\/","name":"Politique de confidentialit\u00e9 - PDU Credits LLC","isPartOf":{"@id":"https:\/\/pducredits.com\/fr\/#website"},"datePublished":"2025-10-30T13:08:55+00:00","dateModified":"2026-01-07T07:21:13+00:00","description":"Politiques de confidentialit\u00e9 pour le site web et les applications de PDU Credits","breadcrumb":{"@id":"https:\/\/pducredits.com\/fr\/politique-de-confidentialite\/#breadcrumb"},"inLanguage":"fr-FR","potentialAction":[{"@type":"ReadAction","target":["https:\/\/pducredits.com\/fr\/politique-de-confidentialite\/"]}]},{"@type":"BreadcrumbList","@id":"https:\/\/pducredits.com\/fr\/politique-de-confidentialite\/#breadcrumb","itemListElement":[{"@type":"ListItem","position":1,"name":"Home","item":"https:\/\/pducredits.com\/fr\/accueil\/"},{"@type":"ListItem","position":2,"name":"Politique de confidentialit\u00e9"}]},{"@type":"WebSite","@id":"https:\/\/pducredits.com\/fr\/#website","url":"https:\/\/pducredits.com\/fr\/","name":"PDU Credits","description":"Online courses for PDUs for PMP renewal","publisher":{"@id":"https:\/\/pducredits.com\/fr\/#organization"},"potentialAction":[{"@type":"SearchAction","target":{"@type":"EntryPoint","urlTemplate":"https:\/\/pducredits.com\/fr\/?s={search_term_string}"},"query-input":{"@type":"PropertyValueSpecification","valueRequired":true,"valueName":"search_term_string"}}],"inLanguage":"fr-FR"},{"@type":"Organization","@id":"https:\/\/pducredits.com\/fr\/#organization","name":"PDU Credits LLC","url":"https:\/\/pducredits.com\/fr\/","logo":{"@type":"ImageObject","inLanguage":"fr-FR","@id":"https:\/\/pducredits.com\/fr\/#\/schema\/logo\/image\/","url":"https:\/\/pducredits.com\/wp-content\/uploads\/2025\/12\/ftr-logo-4.svg","contentUrl":"https:\/\/pducredits.com\/wp-content\/uploads\/2025\/12\/ftr-logo-4.svg","width":1,"height":1,"caption":"PDU Credits LLC"},"image":{"@id":"https:\/\/pducredits.com\/fr\/#\/schema\/logo\/image\/"},"sameAs":["https:\/\/www.facebook.com\/profile.php?id=61584963837286","https:\/\/x.com\/pdu_credits_llc","https:\/\/www.linkedin.com\/company\/pdu-credits-llc\/","https:\/\/www.youtube.com\/@PDUCredits","https:\/\/www.tiktok.com\/@pducredits","https:\/\/www.instagram.com\/pducredits\/"]}]}},"_links":{"self":[{"href":"https:\/\/pducredits.com\/fr\/wp-json\/wp\/v2\/pages\/2186","targetHints":{"allow":["GET"]}}],"collection":[{"href":"https:\/\/pducredits.com\/fr\/wp-json\/wp\/v2\/pages"}],"about":[{"href":"https:\/\/pducredits.com\/fr\/wp-json\/wp\/v2\/types\/page"}],"author":[{"embeddable":true,"href":"https:\/\/pducredits.com\/fr\/wp-json\/wp\/v2\/users\/1"}],"replies":[{"embeddable":true,"href":"https:\/\/pducredits.com\/fr\/wp-json\/wp\/v2\/comments?post=2186"}],"version-history":[{"count":2,"href":"https:\/\/pducredits.com\/fr\/wp-json\/wp\/v2\/pages\/2186\/revisions"}],"predecessor-version":[{"id":3102,"href":"https:\/\/pducredits.com\/fr\/wp-json\/wp\/v2\/pages\/2186\/revisions\/3102"}],"wp:attachment":[{"href":"https:\/\/pducredits.com\/fr\/wp-json\/wp\/v2\/media?parent=2186"}],"curies":[{"name":"wp","href":"https:\/\/api.w.org\/{rel}","templated":true}]}}