{"id":2199,"date":"2025-12-13T16:48:50","date_gmt":"2025-12-13T20:48:50","guid":{"rendered":"https:\/\/pducredits.com\/conditions-generales\/"},"modified":"2026-01-07T03:27:09","modified_gmt":"2026-01-07T07:27:09","slug":"conditions-generales","status":"publish","type":"page","link":"https:\/\/pducredits.com\/fr\/conditions-generales\/","title":{"rendered":"Conditions g\u00e9n\u00e9rales"},"content":{"rendered":"&#13;\n<p><strong>1. Introduction<\/strong><\/p>&#13;\n<p>Le site web et les applications mobiles de PDU Credits (contenu num\u00e9rique) sont exploit\u00e9s par PDU Credits LLC (PDU Credits). Les termes \u00ab nous \u00bb, \u00ab notre \u00bb et \u00ab nos \u00bb font r\u00e9f\u00e9rence \u00e0 PDU Credits. L\u2019utilisation de notre contenu num\u00e9rique est soumise aux conditions g\u00e9n\u00e9rales d\u2019utilisation suivantes, telles que modifi\u00e9es de temps \u00e0 autre (les \u00ab Conditions \u00bb). Les Conditions doivent \u00eatre lues conjointement avec toutes les conditions, modalit\u00e9s ou exon\u00e9rations de responsabilit\u00e9 fournies dans les pages de notre contenu num\u00e9rique. Veuillez lire attentivement les Conditions. Les Conditions s\u2019appliquent \u00e0 tous les utilisateurs de notre contenu num\u00e9rique, y compris, sans s\u2019y limiter, les utilisateurs qui sont des navigateurs, des clients, des marchands, des vendeurs et\/ou des contributeurs de contenu. Si vous acc\u00e9dez \u00e0 notre contenu num\u00e9rique et l\u2019utilisez, vous acceptez d\u2019\u00eatre li\u00e9 par les Conditions et notre Politique de confidentialit\u00e9 et de vous y conformer. Si vous n\u2019acceptez pas les Conditions ou notre Politique de confidentialit\u00e9, vous n\u2019\u00eates pas autoris\u00e9 \u00e0 utiliser notre contenu ni \u00e0 passer une commande de nos produits.       <\/p>&#13;\n<p><strong>2. Utilisation de notre contenu num\u00e9rique<\/strong><\/p>&#13;\n<p><strong> <\/strong>Vous acceptez d\u2019utiliser notre contenu num\u00e9rique \u00e0 des fins l\u00e9gitimes et non \u00e0 des fins ill\u00e9gales ou non autoris\u00e9es, y compris, sans s\u2019y limiter, en violation de toute loi sur la propri\u00e9t\u00e9 intellectuelle ou la confidentialit\u00e9. En acceptant les Conditions, vous d\u00e9clarez et garantissez que vous avez au moins l\u2019\u00e2ge de la majorit\u00e9 dans votre \u00c9tat ou province de r\u00e9sidence et que vous \u00eates l\u00e9galement capable de conclure un contrat ex\u00e9cutoire. <\/p>&#13;\n<p>Vous acceptez de ne pas utiliser notre contenu num\u00e9rique pour mener une activit\u00e9 qui constituerait une infraction civile ou p\u00e9nale ou qui violerait une loi. Vous acceptez de ne pas tenter d\u2019interf\u00e9rer avec notre r\u00e9seau num\u00e9rique ou nos fonctions de s\u00e9curit\u00e9 ni d\u2019obtenir un acc\u00e8s non autoris\u00e9 \u00e0 nos syst\u00e8mes. <\/p>&#13;\n<p>Vous acceptez de nous fournir des renseignements personnels exacts, tels que votre adresse courriel, votre adresse postale et d\u2019autres coordonn\u00e9es, afin de compl\u00e9ter votre commande ou de communiquer avec vous au besoin. Vous acceptez de mettre \u00e0 jour rapidement votre compte et vos renseignements. Vous nous autorisez \u00e0 recueillir et \u00e0 utiliser ces renseignements pour communiquer avec vous conform\u00e9ment \u00e0 notre Politique de confidentialit\u00e9.  <\/p>&#13;\n<p><strong>3. Conditions g\u00e9n\u00e9rales<\/strong><strong> <\/strong><\/p>&#13;\n<p>Nous nous r\u00e9servons le droit de refuser le service \u00e0 quiconque, \u00e0 tout moment, pour quelque raison que ce soit. Nous nous r\u00e9servons le droit d\u2019apporter des modifications au contenu num\u00e9rique, y compris de mettre fin \u00e0 tout aspect du contenu num\u00e9rique, de le modifier, de le suspendre ou de l\u2019interrompre \u00e0 tout moment, sans pr\u00e9avis. Nous pouvons imposer des r\u00e8gles ou des limites suppl\u00e9mentaires \u00e0 l\u2019utilisation de notre contenu num\u00e9rique. Vous acceptez de consulter r\u00e9guli\u00e8rement les Conditions et votre acc\u00e8s continu \u00e0 notre contenu num\u00e9rique ou son utilisation signifiera que vous acceptez toute modification.   <\/p>&#13;\n<p>Vous convenez que nous ne serons pas responsables envers vous ou un tiers de toute modification, suspension ou interruption de notre contenu num\u00e9rique ou de tout service, contenu, fonctionnalit\u00e9 ou produit offert.<\/p>&#13;\n<p><strong>4. Produits ou services<\/strong><strong> <\/strong><\/p>&#13;\n<p>Tous les achats effectu\u00e9s par l\u2019interm\u00e9diaire de nos sites num\u00e9riques sont assujettis \u00e0 la disponibilit\u00e9 des produits. Nous pouvons, \u00e0 notre seule discr\u00e9tion, limiter ou annuler les quantit\u00e9s offertes sur notre contenu num\u00e9rique ou limiter les ventes de nos produits ou services \u00e0 toute personne, m\u00e9nage, r\u00e9gion g\u00e9ographique ou juridiction. <\/p>&#13;\n<p>Les prix de nos produits sont sujets \u00e0 changement, sans pr\u00e9avis. Sauf indication contraire, les prix affich\u00e9s sur nos sites sont indiqu\u00e9s en dollars canadiens. <\/p>&#13;\n<p>Nous nous r\u00e9servons le droit, \u00e0 notre seule discr\u00e9tion, de refuser des commandes, y compris, sans s\u2019y limiter, les commandes qui semblent \u00eatre pass\u00e9es par des distributeurs ou des revendeurs. Si nous croyons que vous avez pass\u00e9 une commande fausse ou frauduleuse, nous aurons le droit d\u2019annuler la commande et d\u2019en informer les autorit\u00e9s comp\u00e9tentes. <\/p>&#13;\n<p>Nous ne garantissons pas l\u2019exactitude de la couleur ou de la conception des produits sur notre contenu num\u00e9rique. Nous avons fait des efforts pour nous assurer que la couleur et la conception de nos produits sont affich\u00e9es aussi fid\u00e8lement que possible sur notre contenu num\u00e9rique. <\/p>&#13;\n<p><strong>5. Liens vers des sites web de tiers<\/strong><\/p>&#13;\n<p><strong> <\/strong>Les liens depuis ou vers des sites web \u00e0 l\u2019ext\u00e9rieur de notre contenu num\u00e9rique sont fournis \u00e0 des fins de commodit\u00e9 seulement. Nous n\u2019examinons pas, n\u2019endossons pas, n\u2019approuvons pas ou ne contr\u00f4lons pas, et ne sommes pas responsables des sites li\u00e9s depuis ou vers notre contenu num\u00e9rique, du contenu de ces sites, des tiers qui y sont nomm\u00e9s, ou de leurs produits et services. Le fait de cr\u00e9er un lien vers un autre site est \u00e0 vos propres risques et nous ne serons pas responsables des dommages li\u00e9s \u00e0 la cr\u00e9ation de liens. Les liens vers des sites de t\u00e9l\u00e9chargement de logiciels sont fournis \u00e0 des fins de commodit\u00e9 seulement et nous ne sommes pas responsables des difficult\u00e9s ou des cons\u00e9quences associ\u00e9es au t\u00e9l\u00e9chargement du logiciel. L\u2019utilisation de tout logiciel t\u00e9l\u00e9charg\u00e9 est r\u00e9gie par les conditions du contrat de licence, le cas \u00e9ch\u00e9ant, qui accompagne le logiciel ou est fourni avec celui-ci.    <\/p>&#13;\n<p><strong>6. Utilisation des commentaires, des r\u00e9actions et autres soumissions<\/strong><\/p>&#13;\n<p>Vous reconnaissez que vous \u00eates responsable de l\u2019information, des profils, des opinions, des messages, des commentaires et de tout autre contenu (collectivement, le \u00ab Contenu \u00bb) que vous affichez, distribuez ou partagez sur ou par l\u2019interm\u00e9diaire de notre contenu num\u00e9rique ou des services disponibles en lien avec notre contenu num\u00e9rique. Vous reconnaissez \u00e9galement que vous avez l\u2019enti\u00e8re responsabilit\u00e9 du Contenu, y compris, mais sans s\u2019y limiter, en ce qui concerne sa l\u00e9galit\u00e9, sa marque de commerce, son droit d\u2019auteur et ses autres droits de propri\u00e9t\u00e9 intellectuelle. <\/p>&#13;\n<p>Vous convenez que tout Contenu que vous soumettez en r\u00e9ponse \u00e0 une demande de notre part pour une soumission sp\u00e9cifique peut \u00eatre modifi\u00e9, adapt\u00e9, recr\u00e9\u00e9, publi\u00e9 ou distribu\u00e9 par nous. Vous convenez \u00e9galement que nous ne sommes pas tenus de maintenir la confidentialit\u00e9 du Contenu, de verser une compensation pour le Contenu ou de r\u00e9pondre au Contenu. <\/p>&#13;\n<p>Vous convenez de ne pas afficher, distribuer ou partager tout Contenu sur notre contenu num\u00e9rique qui est prot\u00e9g\u00e9 par un droit d\u2019auteur, une marque de commerce, un brevet ou tout autre droit de propri\u00e9t\u00e9 sans le consentement expr\u00e8s du propri\u00e9taire de ce droit de propri\u00e9t\u00e9. Vous convenez \u00e9galement que votre Contenu ne sera pas ill\u00e9gal, abusif ou obsc\u00e8ne et qu\u2019il ne contiendra aucun logiciel malveillant ou virus informatique qui pourrait affecter nos op\u00e9rations. Vous serez seul responsable de tout Contenu que vous cr\u00e9ez et de son exactitude. Nous n\u2019avons aucune responsabilit\u00e9 et n\u2019assumons aucune responsabilit\u00e9 pour tout Contenu affich\u00e9 par vous ou un tiers.   <\/p>&#13;\n<p>Nous nous r\u00e9servons le droit de mettre fin \u00e0 votre capacit\u00e9 d\u2019afficher du contenu sur notre contenu num\u00e9rique et de supprimer tout Contenu que nous jugeons r\u00e9pr\u00e9hensible. Vous consentez \u00e0 une telle suppression et renoncez \u00e0 toute r\u00e9clamation contre nous pour la suppression de votre Contenu. <\/p>&#13;\n<p><strong>7. Vos renseignements personnels<\/strong><\/p>&#13;\n<p>Veuillez consulter notre Politique de confidentialit\u00e9 pour en savoir plus sur la fa\u00e7on dont nous recueillons, utilisons et partageons vos renseignements personnels.<\/p>&#13;\n<p><strong>8. Erreurs et omissions<\/strong><\/p>&#13;\n<p>Veuillez noter que notre contenu num\u00e9rique peut contenir des erreurs typographiques ou des inexactitudes et peut ne pas \u00eatre complet ou \u00e0 jour. Nous nous r\u00e9servons le droit de corriger toute erreur, inexactitude ou omission et de modifier ou de mettre \u00e0 jour l\u2019information \u00e0 tout moment, sans pr\u00e9avis (y compris apr\u00e8s qu\u2019une commande a \u00e9t\u00e9 soumise). De telles erreurs, inexactitudes ou omissions peuvent se rapporter \u00e0 la description du produit, au prix, \u00e0 la promotion et \u00e0 la disponibilit\u00e9, et nous nous r\u00e9servons le droit d\u2019annuler ou de refuser toute commande pass\u00e9e en fonction de renseignements incorrects sur le prix ou la disponibilit\u00e9, dans la mesure permise par la loi applicable.  <\/p>&#13;\n<p>Nous ne nous engageons pas \u00e0 mettre \u00e0 jour, \u00e0 modifier ou \u00e0 clarifier l\u2019information sur notre contenu num\u00e9rique, sauf si la loi l\u2019exige.<\/p>&#13;\n<p><strong>9. Clause de non-responsabilit\u00e9 et limitation de responsabilit\u00e9<\/strong><\/p>&#13;\n<p>Vous assumez toute la responsabilit\u00e9 et tous les risques li\u00e9s \u00e0 votre utilisation de notre contenu num\u00e9rique, qui est fourni \u00ab tel quel \u00bb sans garantie, repr\u00e9sentation ou condition de quelque nature que ce soit, expresse ou implicite, en ce qui concerne l\u2019information accessible \u00e0 partir de notre contenu num\u00e9rique ou par son interm\u00e9diaire, y compris, sans s\u2019y limiter, tout le contenu et le mat\u00e9riel, ainsi que les fonctions et services fournis sur notre contenu num\u00e9rique, qui sont tous fournis sans garantie de quelque nature que ce soit, y compris, mais sans s\u2019y limiter, les garanties concernant la disponibilit\u00e9, l\u2019exactitude, l\u2019exhaustivit\u00e9 ou l\u2019utilit\u00e9 du contenu ou de l\u2019information, l\u2019acc\u00e8s ininterrompu et toute garantie de titre, de non-contrefa\u00e7on, de qualit\u00e9 marchande ou d\u2019ad\u00e9quation \u00e0 un usage particulier. Nous ne garantissons pas que notre contenu num\u00e9rique ou son fonctionnement ou le contenu et le mat\u00e9riel des services mis \u00e0 disposition par celui-ci seront opportuns, s\u00e9curis\u00e9s, ininterrompus ou sans erreur, que les d\u00e9fauts seront corrig\u00e9s, ou que notre contenu num\u00e9rique, ou les serveurs qui rendent notre contenu num\u00e9rique disponible, sont exempts de virus ou d\u2019autres \u00e9l\u00e9ments nuisibles. <\/p>&#13;\n<p>L\u2019utilisation de notre contenu num\u00e9rique est \u00e0 vos propres risques et vous assumez l\u2019enti\u00e8re responsabilit\u00e9 de tous les co\u00fbts associ\u00e9s \u00e0 votre utilisation de notre contenu num\u00e9rique. Nous ne serons pas responsables des dommages de quelque nature que ce soit li\u00e9s \u00e0 l\u2019utilisation de notre contenu num\u00e9rique. <\/p>&#13;\n<p>En aucun cas, nous, ou nos soci\u00e9t\u00e9s affili\u00e9es, nos fournisseurs de contenu ou de services respectifs, ou l\u2019un de nos administrateurs, dirigeants, agents, entrepreneurs, fournisseurs ou employ\u00e9s respectifs, ne serons responsables envers vous de tout dommage direct, indirect, sp\u00e9cial, accessoire, cons\u00e9cutif, exemplaire ou punitif, de toute perte ou cause d\u2019action, ou de toute perte de revenus, de profits, d\u2019affaires ou de ventes, ou de tout autre type de dommage, qu\u2019il soit fond\u00e9 sur un contrat ou un d\u00e9lit (y compris la n\u00e9gligence), une responsabilit\u00e9 stricte ou autre, d\u00e9coulant de votre utilisation, ou de l\u2019incapacit\u00e9 d\u2019utiliser, ou de la performance de notre contenu num\u00e9rique ou du contenu ou du mat\u00e9riel ou des fonctionnalit\u00e9s par l\u2019interm\u00e9diaire de notre contenu num\u00e9rique, m\u00eame si nous sommes avis\u00e9s de la possibilit\u00e9 de tels dommages.<\/p>&#13;\n<p>Certaines juridictions ne permettent pas la limitation de responsabilit\u00e9 ou l\u2019exclusion ou la limitation de certains dommages. Dans ces juridictions, certaines ou toutes les exon\u00e9rations, exclusions ou limitations ci-dessus peuvent ne pas s\u2019appliquer \u00e0 vous et notre responsabilit\u00e9 sera limit\u00e9e dans la mesure maximale permise par la loi. <\/p>&#13;\n<p><strong>10. Indemnisation<\/strong><strong> <\/strong><\/p>&#13;\n<p>Vous acceptez de nous d\u00e9fendre et de nous indemniser, et de nous d\u00e9gager de toute responsabilit\u00e9, ainsi que nos soci\u00e9t\u00e9s affili\u00e9es, et nos administrateurs, dirigeants, agents, entrepreneurs et employ\u00e9s respectifs, contre toute perte, responsabilit\u00e9, r\u00e9clamation, d\u00e9pense (y compris les frais juridiques) d\u00e9coulant de quelque mani\u00e8re que ce soit de votre utilisation de notre contenu num\u00e9rique, de votre violation des Conditions, ou de l\u2019affichage ou de la transmission de tout mat\u00e9riel sur ou par l\u2019interm\u00e9diaire du contenu num\u00e9rique par vous, y compris, mais sans s\u2019y limiter, toute r\u00e9clamation d\u2019un tiers selon laquelle toute information ou tout mat\u00e9riel fourni par vous enfreint les droits de propri\u00e9t\u00e9 d\u2019un tiers.<\/p>&#13;\n<p><strong>11. Entente int\u00e9grale<\/strong><\/p>&#13;\n<p>Les Conditions et tous les documents qui y sont express\u00e9ment mentionn\u00e9s repr\u00e9sentent l\u2019entente int\u00e9grale entre vous et nous en ce qui concerne l\u2019objet des Conditions et remplacent toute entente, compr\u00e9hension ou arrangement ant\u00e9rieur entre vous et nous, qu\u2019il soit oral ou \u00e9crit. Vous et nous reconnaissons tous deux qu\u2019en concluant ces Conditions, ni vous ni nous ne nous sommes fi\u00e9s \u00e0 une d\u00e9claration, un engagement ou une promesse donn\u00e9 par l\u2019autre ou implicite de quoi que ce soit dit ou \u00e9crit entre vous et nous avant ces Conditions, sauf tel qu\u2019il est express\u00e9ment indiqu\u00e9 dans les Conditions. <\/p>&#13;\n<p><strong>12. Renonciation<\/strong><\/p>&#13;\n<p>Notre d\u00e9faut d\u2019exercer ou d\u2019appliquer un droit ou une disposition des Conditions ne constituera pas une renonciation \u00e0 ce droit ou \u00e0 cette disposition. Une renonciation de notre part \u00e0 un d\u00e9faut ne constituera pas une renonciation \u00e0 tout d\u00e9faut subs\u00e9quent. Aucune renonciation de notre part n\u2019est effective \u00e0 moins qu\u2019elle ne vous soit communiqu\u00e9e par \u00e9crit.  <\/p>&#13;\n<p><strong>13. Rubriques<\/strong><\/p>&#13;\n<p>Toutes les rubriques et tous les titres des pr\u00e9sentes sont fournis \u00e0 des fins de commodit\u00e9 seulement.<\/p>&#13;\n<p><strong>14. Divisibilit\u00e9<\/strong><\/p>&#13;\n<p><strong> <\/strong>Si l\u2019une des dispositions des Conditions est jug\u00e9e invalide, ill\u00e9gale ou inapplicable par une autorit\u00e9 comp\u00e9tente, cette disposition sera, dans cette mesure, s\u00e9par\u00e9e des Conditions restantes, qui continueront d\u2019\u00eatre valides et applicables dans toute la mesure permise par la loi.<\/p>&#13;\n<p><strong>15. Droit applicable<\/strong><\/p>&#13;\n<p><strong> <\/strong>Tout litige d\u00e9coulant des Conditions, de la Politique de confidentialit\u00e9, de l\u2019utilisation de notre contenu num\u00e9rique ou de nos produits ou services offerts sur notre contenu num\u00e9rique ou s\u2019y rapportant sera r\u00e9solu conform\u00e9ment aux lois applicables, sans \u00e9gard \u00e0 ses r\u00e8gles de conflit de lois. Tout litige, action ou proc\u00e9dure relatif aux Conditions ou \u00e0 votre acc\u00e8s \u00e0 notre contenu num\u00e9rique ou \u00e0 son utilisation doit \u00eatre port\u00e9 devant les tribunaux de l\u2019\u00c9tat du Wisconsin, aux \u00c9tats-Unis, <strong> <\/strong>et vous consentez irr\u00e9vocablement \u00e0 la comp\u00e9tence exclusive et au lieu de ces tribunaux.<\/p>&#13;\n<p><strong>16. Questions ou pr\u00e9occupations<\/strong><\/p>&#13;\n<p>Veuillez nous envoyer toutes les questions, commentaires et r\u00e9actions par l\u2019interm\u00e9diaire de la page web Contactez-nous ou par courriel \u00e0 admin @ pducredits.com.<\/p>&#13;\n","protected":false},"excerpt":{"rendered":"<p>&#13; 1. Introduction &#13; Le site web et les applications mobiles de PDU Credits (contenu num\u00e9rique) sont exploit\u00e9s par PDU Credits LLC (PDU Credits). Les termes \u00ab nous \u00bb, \u00ab notre \u00bb et \u00ab nos \u00bb font r\u00e9f\u00e9rence \u00e0 PDU Credits. L\u2019utilisation de notre contenu num\u00e9rique est soumise aux conditions g\u00e9n\u00e9rales d\u2019utilisation suivantes, telles que [&hellip;]<\/p>\n","protected":false},"author":1,"featured_media":0,"parent":0,"menu_order":0,"comment_status":"closed","ping_status":"closed","template":"","meta":{"footnotes":""},"class_list":["post-2199","page","type-page","status-publish","hentry"],"acf":[],"yoast_head":"<!-- This site is optimized with the Yoast SEO plugin v27.3 - https:\/\/yoast.com\/product\/yoast-seo-wordpress\/ -->\n<title>Conditions g\u00e9n\u00e9rales - PDU Credits LLC<\/title>\n<meta name=\"robots\" content=\"index, follow, max-snippet:-1, max-image-preview:large, max-video-preview:-1\" \/>\n<link rel=\"canonical\" href=\"https:\/\/pducredits.com\/fr\/conditions-generales\/\" \/>\n<meta property=\"og:locale\" content=\"fr_FR\" \/>\n<meta property=\"og:type\" content=\"article\" \/>\n<meta property=\"og:title\" content=\"Conditions g\u00e9n\u00e9rales - PDU Credits LLC\" \/>\n<meta property=\"og:description\" content=\"&#013; 1. Introduction &#013; Le site web et les applications mobiles de PDU Credits (contenu num\u00e9rique) sont exploit\u00e9s par PDU Credits LLC (PDU Credits). Les termes \u00ab nous \u00bb, \u00ab notre \u00bb et \u00ab nos \u00bb font r\u00e9f\u00e9rence \u00e0 PDU Credits. L\u2019utilisation de notre contenu num\u00e9rique est soumise aux conditions g\u00e9n\u00e9rales d\u2019utilisation suivantes, telles que [&hellip;]\" \/>\n<meta property=\"og:url\" content=\"https:\/\/pducredits.com\/fr\/conditions-generales\/\" \/>\n<meta property=\"og:site_name\" content=\"PDU Credits LLC\" \/>\n<meta property=\"article:publisher\" content=\"https:\/\/www.facebook.com\/profile.php?id=61584963837286\" \/>\n<meta property=\"article:modified_time\" content=\"2026-01-07T07:27:09+00:00\" \/>\n<meta name=\"twitter:card\" content=\"summary_large_image\" \/>\n<meta name=\"twitter:site\" content=\"@pdu_credits_llc\" \/>\n<meta name=\"twitter:label1\" content=\"Dur\u00e9e de lecture estim\u00e9e\" \/>\n\t<meta name=\"twitter:data1\" content=\"12 minutes\" \/>\n<script type=\"application\/ld+json\" class=\"yoast-schema-graph\">{\"@context\":\"https:\\\/\\\/schema.org\",\"@graph\":[{\"@type\":\"WebPage\",\"@id\":\"https:\\\/\\\/pducredits.com\\\/fr\\\/conditions-generales\\\/\",\"url\":\"https:\\\/\\\/pducredits.com\\\/fr\\\/conditions-generales\\\/\",\"name\":\"Conditions g\u00e9n\u00e9rales - PDU Credits LLC\",\"isPartOf\":{\"@id\":\"https:\\\/\\\/pducredits.com\\\/fr\\\/#website\"},\"datePublished\":\"2025-12-13T20:48:50+00:00\",\"dateModified\":\"2026-01-07T07:27:09+00:00\",\"breadcrumb\":{\"@id\":\"https:\\\/\\\/pducredits.com\\\/fr\\\/conditions-generales\\\/#breadcrumb\"},\"inLanguage\":\"fr-FR\",\"potentialAction\":[{\"@type\":\"ReadAction\",\"target\":[\"https:\\\/\\\/pducredits.com\\\/fr\\\/conditions-generales\\\/\"]}]},{\"@type\":\"BreadcrumbList\",\"@id\":\"https:\\\/\\\/pducredits.com\\\/fr\\\/conditions-generales\\\/#breadcrumb\",\"itemListElement\":[{\"@type\":\"ListItem\",\"position\":1,\"name\":\"Home\",\"item\":\"https:\\\/\\\/pducredits.com\\\/fr\\\/accueil\\\/\"},{\"@type\":\"ListItem\",\"position\":2,\"name\":\"Conditions g\u00e9n\u00e9rales\"}]},{\"@type\":\"WebSite\",\"@id\":\"https:\\\/\\\/pducredits.com\\\/fr\\\/#website\",\"url\":\"https:\\\/\\\/pducredits.com\\\/fr\\\/\",\"name\":\"PDU Credits\",\"description\":\"Online courses for PDUs for PMP renewal\",\"publisher\":{\"@id\":\"https:\\\/\\\/pducredits.com\\\/fr\\\/#organization\"},\"potentialAction\":[{\"@type\":\"SearchAction\",\"target\":{\"@type\":\"EntryPoint\",\"urlTemplate\":\"https:\\\/\\\/pducredits.com\\\/fr\\\/?s={search_term_string}\"},\"query-input\":{\"@type\":\"PropertyValueSpecification\",\"valueRequired\":true,\"valueName\":\"search_term_string\"}}],\"inLanguage\":\"fr-FR\"},{\"@type\":\"Organization\",\"@id\":\"https:\\\/\\\/pducredits.com\\\/fr\\\/#organization\",\"name\":\"PDU Credits LLC\",\"url\":\"https:\\\/\\\/pducredits.com\\\/fr\\\/\",\"logo\":{\"@type\":\"ImageObject\",\"inLanguage\":\"fr-FR\",\"@id\":\"https:\\\/\\\/pducredits.com\\\/fr\\\/#\\\/schema\\\/logo\\\/image\\\/\",\"url\":\"https:\\\/\\\/pducredits.com\\\/wp-content\\\/uploads\\\/2025\\\/12\\\/ftr-logo-4.svg\",\"contentUrl\":\"https:\\\/\\\/pducredits.com\\\/wp-content\\\/uploads\\\/2025\\\/12\\\/ftr-logo-4.svg\",\"width\":1,\"height\":1,\"caption\":\"PDU Credits LLC\"},\"image\":{\"@id\":\"https:\\\/\\\/pducredits.com\\\/fr\\\/#\\\/schema\\\/logo\\\/image\\\/\"},\"sameAs\":[\"https:\\\/\\\/www.facebook.com\\\/profile.php?id=61584963837286\",\"https:\\\/\\\/x.com\\\/pdu_credits_llc\",\"https:\\\/\\\/www.linkedin.com\\\/company\\\/pdu-credits-llc\\\/\",\"https:\\\/\\\/www.youtube.com\\\/@PDUCredits\",\"https:\\\/\\\/www.tiktok.com\\\/@pducredits\",\"https:\\\/\\\/www.instagram.com\\\/pducredits\\\/\"]}]}<\/script>\n<!-- \/ Yoast SEO plugin. -->","yoast_head_json":{"title":"Conditions g\u00e9n\u00e9rales - PDU Credits LLC","robots":{"index":"index","follow":"follow","max-snippet":"max-snippet:-1","max-image-preview":"max-image-preview:large","max-video-preview":"max-video-preview:-1"},"canonical":"https:\/\/pducredits.com\/fr\/conditions-generales\/","og_locale":"fr_FR","og_type":"article","og_title":"Conditions g\u00e9n\u00e9rales - PDU Credits LLC","og_description":"&#13; 1. Introduction &#13; Le site web et les applications mobiles de PDU Credits (contenu num\u00e9rique) sont exploit\u00e9s par PDU Credits LLC (PDU Credits). Les termes \u00ab nous \u00bb, \u00ab notre \u00bb et \u00ab nos \u00bb font r\u00e9f\u00e9rence \u00e0 PDU Credits. L\u2019utilisation de notre contenu num\u00e9rique est soumise aux conditions g\u00e9n\u00e9rales d\u2019utilisation suivantes, telles que [&hellip;]","og_url":"https:\/\/pducredits.com\/fr\/conditions-generales\/","og_site_name":"PDU Credits LLC","article_publisher":"https:\/\/www.facebook.com\/profile.php?id=61584963837286","article_modified_time":"2026-01-07T07:27:09+00:00","twitter_card":"summary_large_image","twitter_site":"@pdu_credits_llc","twitter_misc":{"Dur\u00e9e de lecture estim\u00e9e":"12 minutes"},"schema":{"@context":"https:\/\/schema.org","@graph":[{"@type":"WebPage","@id":"https:\/\/pducredits.com\/fr\/conditions-generales\/","url":"https:\/\/pducredits.com\/fr\/conditions-generales\/","name":"Conditions g\u00e9n\u00e9rales - PDU Credits LLC","isPartOf":{"@id":"https:\/\/pducredits.com\/fr\/#website"},"datePublished":"2025-12-13T20:48:50+00:00","dateModified":"2026-01-07T07:27:09+00:00","breadcrumb":{"@id":"https:\/\/pducredits.com\/fr\/conditions-generales\/#breadcrumb"},"inLanguage":"fr-FR","potentialAction":[{"@type":"ReadAction","target":["https:\/\/pducredits.com\/fr\/conditions-generales\/"]}]},{"@type":"BreadcrumbList","@id":"https:\/\/pducredits.com\/fr\/conditions-generales\/#breadcrumb","itemListElement":[{"@type":"ListItem","position":1,"name":"Home","item":"https:\/\/pducredits.com\/fr\/accueil\/"},{"@type":"ListItem","position":2,"name":"Conditions g\u00e9n\u00e9rales"}]},{"@type":"WebSite","@id":"https:\/\/pducredits.com\/fr\/#website","url":"https:\/\/pducredits.com\/fr\/","name":"PDU Credits","description":"Online courses for PDUs for PMP renewal","publisher":{"@id":"https:\/\/pducredits.com\/fr\/#organization"},"potentialAction":[{"@type":"SearchAction","target":{"@type":"EntryPoint","urlTemplate":"https:\/\/pducredits.com\/fr\/?s={search_term_string}"},"query-input":{"@type":"PropertyValueSpecification","valueRequired":true,"valueName":"search_term_string"}}],"inLanguage":"fr-FR"},{"@type":"Organization","@id":"https:\/\/pducredits.com\/fr\/#organization","name":"PDU Credits LLC","url":"https:\/\/pducredits.com\/fr\/","logo":{"@type":"ImageObject","inLanguage":"fr-FR","@id":"https:\/\/pducredits.com\/fr\/#\/schema\/logo\/image\/","url":"https:\/\/pducredits.com\/wp-content\/uploads\/2025\/12\/ftr-logo-4.svg","contentUrl":"https:\/\/pducredits.com\/wp-content\/uploads\/2025\/12\/ftr-logo-4.svg","width":1,"height":1,"caption":"PDU Credits LLC"},"image":{"@id":"https:\/\/pducredits.com\/fr\/#\/schema\/logo\/image\/"},"sameAs":["https:\/\/www.facebook.com\/profile.php?id=61584963837286","https:\/\/x.com\/pdu_credits_llc","https:\/\/www.linkedin.com\/company\/pdu-credits-llc\/","https:\/\/www.youtube.com\/@PDUCredits","https:\/\/www.tiktok.com\/@pducredits","https:\/\/www.instagram.com\/pducredits\/"]}]}},"_links":{"self":[{"href":"https:\/\/pducredits.com\/fr\/wp-json\/wp\/v2\/pages\/2199","targetHints":{"allow":["GET"]}}],"collection":[{"href":"https:\/\/pducredits.com\/fr\/wp-json\/wp\/v2\/pages"}],"about":[{"href":"https:\/\/pducredits.com\/fr\/wp-json\/wp\/v2\/types\/page"}],"author":[{"embeddable":true,"href":"https:\/\/pducredits.com\/fr\/wp-json\/wp\/v2\/users\/1"}],"replies":[{"embeddable":true,"href":"https:\/\/pducredits.com\/fr\/wp-json\/wp\/v2\/comments?post=2199"}],"version-history":[{"count":2,"href":"https:\/\/pducredits.com\/fr\/wp-json\/wp\/v2\/pages\/2199\/revisions"}],"predecessor-version":[{"id":3103,"href":"https:\/\/pducredits.com\/fr\/wp-json\/wp\/v2\/pages\/2199\/revisions\/3103"}],"wp:attachment":[{"href":"https:\/\/pducredits.com\/fr\/wp-json\/wp\/v2\/media?parent=2199"}],"curies":[{"name":"wp","href":"https:\/\/api.w.org\/{rel}","templated":true}]}}